{"id":67550,"date":"2024-03-22T15:50:32","date_gmt":"2024-03-22T14:50:32","guid":{"rendered":"https:\/\/abinox-chr-clim.com\/index.php\/product\/couteau-santoku-vogue-soft-grip-180mm\/"},"modified":"2026-04-21T08:41:26","modified_gmt":"2026-04-21T06:41:26","slug":"couteau-santoku-vogue-soft-grip-180mm","status":"publish","type":"product","link":"https:\/\/abinox-chr-clim.com\/index.php\/product\/couteau-santoku-vogue-soft-grip-180mm\/","title":{"rendered":"Couteau Santoku Vogue Soft Grip 180mm"},"content":{"rendered":"<p>La lame en acier inoxydable \u00e0 haute teneur en carbone conserve son tranchant plus longtemps que les autres mat\u00e9riaux. Semelle large permettant d&rsquo;obtenir un \u00e9quilibre et un poids parfaits du couteau. Le manche \u00e0 prise souple r\u00e9duit l&rsquo;effort physique lors de la pr\u00e9paration des aliments. Duret\u00e9 Rockwell 52-57\u00b0. La lame en acier inoxydable \u00e0 haute teneur en carbone conserve son tranchant plus longtemps que les autres mat\u00e9riaux.<\/p>\n<p>Caract\u00e9ristiques :<br \/> Dimensions : 18cm.<br \/> Mati\u00e8re : Inox au carbone.<br \/> Couleur : Noir.<\/p>\n","protected":false},"excerpt":{"rendered":"<p>Couteau Santoku Vogue Soft Grip 180mm<\/p>\n","protected":false},"featured_media":101285,"comment_status":"closed","ping_status":"closed","template":"","meta":[],"product_brand":[],"product_cat":[1075,1064,1297,1086],"product_tag":[],"class_list":{"0":"post-67550","1":"product","2":"type-product","3":"status-publish","4":"has-post-thumbnail","6":"product_cat-couteaux","7":"product_cat-cuisine","8":"product_cat-non-palettisable","9":"product_cat-vogue","10":"product_shipping_class-free-shipping","12":"first","13":"instock","14":"featured","15":"taxable","16":"shipping-taxable","17":"purchasable","18":"product-type-simple"},"_links":{"self":[{"href":"https:\/\/abinox-chr-clim.com\/index.php\/wp-json\/wp\/v2\/product\/67550","targetHints":{"allow":["GET"]}}],"collection":[{"href":"https:\/\/abinox-chr-clim.com\/index.php\/wp-json\/wp\/v2\/product"}],"about":[{"href":"https:\/\/abinox-chr-clim.com\/index.php\/wp-json\/wp\/v2\/types\/product"}],"replies":[{"embeddable":true,"href":"https:\/\/abinox-chr-clim.com\/index.php\/wp-json\/wp\/v2\/comments?post=67550"}],"wp:featuredmedia":[{"embeddable":true,"href":"https:\/\/abinox-chr-clim.com\/index.php\/wp-json\/wp\/v2\/media\/101285"}],"wp:attachment":[{"href":"https:\/\/abinox-chr-clim.com\/index.php\/wp-json\/wp\/v2\/media?parent=67550"}],"wp:term":[{"taxonomy":"product_brand","embeddable":true,"href":"https:\/\/abinox-chr-clim.com\/index.php\/wp-json\/wp\/v2\/product_brand?post=67550"},{"taxonomy":"product_cat","embeddable":true,"href":"https:\/\/abinox-chr-clim.com\/index.php\/wp-json\/wp\/v2\/product_cat?post=67550"},{"taxonomy":"product_tag","embeddable":true,"href":"https:\/\/abinox-chr-clim.com\/index.php\/wp-json\/wp\/v2\/product_tag?post=67550"}],"curies":[{"name":"wp","href":"https:\/\/api.w.org\/{rel}","templated":true}]}}