{"id":67545,"date":"2024-03-22T15:50:30","date_gmt":"2024-03-22T14:50:30","guid":{"rendered":"https:\/\/abinox-chr-clim.com\/index.php\/product\/couteau-a-pain-vogue-soft-grip-205mm\/"},"modified":"2026-04-02T08:47:49","modified_gmt":"2026-04-02T06:47:49","slug":"couteau-a-pain-vogue-soft-grip-205mm","status":"publish","type":"product","link":"https:\/\/abinox-chr-clim.com\/index.php\/product\/couteau-a-pain-vogue-soft-grip-205mm\/","title":{"rendered":"Couteau \u00e0 pain Vogue Soft Grip 205mm"},"content":{"rendered":"<p>La lame de 205 mm coupe facilement les gros morceaux de pain. La lame en acier inoxydable conserve son tranchant plus longtemps. Le bord dentel\u00e9 assure une coupe r\u00e9guli\u00e8re et pr\u00e9cise. La poign\u00e9e souple offre un excellent confort dans la main. L&rsquo;acier inoxydable \u00e0 haute teneur en carbone est r\u00e9sistant \u00e0 la corrosion.  La lame de 205 mm coupe facilement les gros morceaux de pain.<\/p>\n<p>Caract\u00e9ristiques :<br \/> Dimensions : 20cm.<br \/> Mati\u00e8re : Inox au carbone.<br \/> Couleur : Noir.<\/p>\n","protected":false},"excerpt":{"rendered":"<p>Couteau \u00e0 pain Vogue Soft Grip 205mm<\/p>\n","protected":false},"featured_media":101280,"comment_status":"closed","ping_status":"closed","template":"","meta":[],"product_brand":[],"product_cat":[1075,1064,1297,1086],"product_tag":[],"class_list":{"0":"post-67545","1":"product","2":"type-product","3":"status-publish","4":"has-post-thumbnail","6":"product_cat-couteaux","7":"product_cat-cuisine","8":"product_cat-non-palettisable","9":"product_cat-vogue","10":"product_shipping_class-free-shipping","12":"first","13":"instock","14":"featured","15":"taxable","16":"shipping-taxable","17":"purchasable","18":"product-type-simple"},"_links":{"self":[{"href":"https:\/\/abinox-chr-clim.com\/index.php\/wp-json\/wp\/v2\/product\/67545","targetHints":{"allow":["GET"]}}],"collection":[{"href":"https:\/\/abinox-chr-clim.com\/index.php\/wp-json\/wp\/v2\/product"}],"about":[{"href":"https:\/\/abinox-chr-clim.com\/index.php\/wp-json\/wp\/v2\/types\/product"}],"replies":[{"embeddable":true,"href":"https:\/\/abinox-chr-clim.com\/index.php\/wp-json\/wp\/v2\/comments?post=67545"}],"wp:featuredmedia":[{"embeddable":true,"href":"https:\/\/abinox-chr-clim.com\/index.php\/wp-json\/wp\/v2\/media\/101280"}],"wp:attachment":[{"href":"https:\/\/abinox-chr-clim.com\/index.php\/wp-json\/wp\/v2\/media?parent=67545"}],"wp:term":[{"taxonomy":"product_brand","embeddable":true,"href":"https:\/\/abinox-chr-clim.com\/index.php\/wp-json\/wp\/v2\/product_brand?post=67545"},{"taxonomy":"product_cat","embeddable":true,"href":"https:\/\/abinox-chr-clim.com\/index.php\/wp-json\/wp\/v2\/product_cat?post=67545"},{"taxonomy":"product_tag","embeddable":true,"href":"https:\/\/abinox-chr-clim.com\/index.php\/wp-json\/wp\/v2\/product_tag?post=67545"}],"curies":[{"name":"wp","href":"https:\/\/api.w.org\/{rel}","templated":true}]}}