{"id":67451,"date":"2024-03-22T15:49:51","date_gmt":"2024-03-22T14:49:51","guid":{"rendered":"https:\/\/abinox-chr-clim.com\/index.php\/product\/etui-a-couteaux-13-pieces-vogue\/"},"modified":"2026-04-02T09:07:03","modified_gmt":"2026-04-02T07:07:03","slug":"etui-a-couteaux-13-pieces-vogue","status":"publish","type":"product","link":"https:\/\/abinox-chr-clim.com\/index.php\/product\/etui-a-couteaux-13-pieces-vogue\/","title":{"rendered":"\u00c9tui \u00e0 couteaux 13 pi\u00e8ces Vogue"},"content":{"rendered":"<p>Etuis enroulables en nylon, faciles \u00e0 nettoyer. Dos renforc\u00e9 pour \u00e9viter toute perforation par les pointes de couteaux. Fournis vides.<br \/>En nylon r\u00e9sistant, facile \u00e0 nettoyer avec une \u00e9ponge. S&rsquo;enroule tout simplement et s&rsquo;attache avec des lani\u00e8res. Fond de l&rsquo;\u00e9tui renforc\u00e9 pour emp\u00eachant les couteaux de le transpercer. En nylon r\u00e9sistant, facile \u00e0 nettoyer avec une \u00e9ponge.<\/p>\n<p>Caract\u00e9ristiques :<br \/> Capacit\u00e9 : 13 couteaux.<br \/> Dimensions : Ferm\u00e9 150(H)x 460(L)x 40(P)mm. Ouvert 610(H)x 690(P)mm.<br \/> Mati\u00e8re : Nylon.<br \/> Couleur : Noir.<\/p>\n","protected":false},"excerpt":{"rendered":"<p>\u00c9tui \u00e0 couteaux 13 pi\u00e8ces Vogue<\/p>\n","protected":false},"featured_media":98624,"comment_status":"closed","ping_status":"closed","template":"","meta":[],"product_brand":[],"product_cat":[1075,1064,1297,1082],"product_tag":[],"class_list":{"0":"post-67451","1":"product","2":"type-product","3":"status-publish","4":"has-post-thumbnail","6":"product_cat-couteaux","7":"product_cat-cuisine","8":"product_cat-non-palettisable","9":"product_cat-rangements-pour-couteaux","10":"product_shipping_class-free-shipping","12":"first","13":"instock","14":"featured","15":"taxable","16":"shipping-taxable","17":"purchasable","18":"product-type-simple"},"_links":{"self":[{"href":"https:\/\/abinox-chr-clim.com\/index.php\/wp-json\/wp\/v2\/product\/67451","targetHints":{"allow":["GET"]}}],"collection":[{"href":"https:\/\/abinox-chr-clim.com\/index.php\/wp-json\/wp\/v2\/product"}],"about":[{"href":"https:\/\/abinox-chr-clim.com\/index.php\/wp-json\/wp\/v2\/types\/product"}],"replies":[{"embeddable":true,"href":"https:\/\/abinox-chr-clim.com\/index.php\/wp-json\/wp\/v2\/comments?post=67451"}],"wp:featuredmedia":[{"embeddable":true,"href":"https:\/\/abinox-chr-clim.com\/index.php\/wp-json\/wp\/v2\/media\/98624"}],"wp:attachment":[{"href":"https:\/\/abinox-chr-clim.com\/index.php\/wp-json\/wp\/v2\/media?parent=67451"}],"wp:term":[{"taxonomy":"product_brand","embeddable":true,"href":"https:\/\/abinox-chr-clim.com\/index.php\/wp-json\/wp\/v2\/product_brand?post=67451"},{"taxonomy":"product_cat","embeddable":true,"href":"https:\/\/abinox-chr-clim.com\/index.php\/wp-json\/wp\/v2\/product_cat?post=67451"},{"taxonomy":"product_tag","embeddable":true,"href":"https:\/\/abinox-chr-clim.com\/index.php\/wp-json\/wp\/v2\/product_tag?post=67451"}],"curies":[{"name":"wp","href":"https:\/\/api.w.org\/{rel}","templated":true}]}}