{"id":67449,"date":"2024-03-22T15:49:50","date_gmt":"2024-03-22T14:49:50","guid":{"rendered":"https:\/\/abinox-chr-clim.com\/index.php\/product\/trousse-enroulable-en-tissu-avec-sangle-dick-noire-11-pieces\/"},"modified":"2026-04-02T08:48:05","modified_gmt":"2026-04-02T06:48:05","slug":"trousse-enroulable-en-tissu-avec-sangle-dick-noire-11-pieces","status":"publish","type":"product","link":"https:\/\/abinox-chr-clim.com\/index.php\/product\/trousse-enroulable-en-tissu-avec-sangle-dick-noire-11-pieces\/","title":{"rendered":"Trousse enroulable en tissu avec sangle Dick noire 11 pi\u00e8ces"},"content":{"rendered":"<p>Trousse enroulable en tissu de haute qualit\u00e9 pour ranger vos couteaux avec logo Dick brod\u00e9. 11 compartiments. Couteaux non compris.<br \/>11 fentes offrent suffisamment d&rsquo;espace pour ranger tous vos couteaux pr\u00e9f\u00e9r\u00e9s en toute s\u00e9curit\u00e9. Prot\u00e8ge vos lames et conserve vos couteaux les plus utilis\u00e9s en parfait \u00e9tat. Conserve votre collection de couteaux ensemble, sans risque d&rsquo;en \u00e9garer un seul. L&rsquo;\u00e9tui enroulable se ferme facilement pour une plus grande tranquillit\u00e9 d&rsquo;esprit pendant le transport. La sangle de transport amovible facilite le transport et convient parfaitement aux chefs en d\u00e9placement. Le mat\u00e9riau textile robuste et durable permet de maintenir les couteaux en toute s\u00e9curit\u00e9. Veuillez noter que l&rsquo;\u00e9tui est fourni vide et que les couteaux ne sont pas inclus.11 fentes offrent suffisamment d&rsquo;espace pour ranger tous vos couteaux pr\u00e9f\u00e9r\u00e9s en toute s\u00e9curit\u00e9.<\/p>\n<p>Caract\u00e9ristiques :<br \/> Capacit\u00e9 : 11 couteaux (non fournis).<br \/> Dimensions : 48(L)x 60(L)cm,.<br \/> Mati\u00e8re : .<br \/> Couleur : Noir.<\/p>\n","protected":false},"excerpt":{"rendered":"<p>Trousse enroulable en tissu avec sangle Dick noire 11 pi\u00e8ces<\/p>\n","protected":false},"featured_media":101298,"comment_status":"closed","ping_status":"closed","template":"","meta":[],"product_brand":[],"product_cat":[1075,1064,1297,1082],"product_tag":[],"class_list":{"0":"post-67449","1":"product","2":"type-product","3":"status-publish","4":"has-post-thumbnail","6":"product_cat-couteaux","7":"product_cat-cuisine","8":"product_cat-non-palettisable","9":"product_cat-rangements-pour-couteaux","10":"product_shipping_class-free-shipping","12":"first","13":"instock","14":"featured","15":"taxable","16":"shipping-taxable","17":"purchasable","18":"product-type-simple"},"_links":{"self":[{"href":"https:\/\/abinox-chr-clim.com\/index.php\/wp-json\/wp\/v2\/product\/67449","targetHints":{"allow":["GET"]}}],"collection":[{"href":"https:\/\/abinox-chr-clim.com\/index.php\/wp-json\/wp\/v2\/product"}],"about":[{"href":"https:\/\/abinox-chr-clim.com\/index.php\/wp-json\/wp\/v2\/types\/product"}],"replies":[{"embeddable":true,"href":"https:\/\/abinox-chr-clim.com\/index.php\/wp-json\/wp\/v2\/comments?post=67449"}],"wp:featuredmedia":[{"embeddable":true,"href":"https:\/\/abinox-chr-clim.com\/index.php\/wp-json\/wp\/v2\/media\/101298"}],"wp:attachment":[{"href":"https:\/\/abinox-chr-clim.com\/index.php\/wp-json\/wp\/v2\/media?parent=67449"}],"wp:term":[{"taxonomy":"product_brand","embeddable":true,"href":"https:\/\/abinox-chr-clim.com\/index.php\/wp-json\/wp\/v2\/product_brand?post=67449"},{"taxonomy":"product_cat","embeddable":true,"href":"https:\/\/abinox-chr-clim.com\/index.php\/wp-json\/wp\/v2\/product_cat?post=67449"},{"taxonomy":"product_tag","embeddable":true,"href":"https:\/\/abinox-chr-clim.com\/index.php\/wp-json\/wp\/v2\/product_tag?post=67449"}],"curies":[{"name":"wp","href":"https:\/\/api.w.org\/{rel}","templated":true}]}}