{"id":67447,"date":"2024-03-22T15:49:49","date_gmt":"2024-03-22T14:49:49","guid":{"rendered":"https:\/\/abinox-chr-clim.com\/index.php\/product\/gant-anticoupure-bleu-l\/"},"modified":"2026-04-02T08:52:46","modified_gmt":"2026-04-02T06:52:46","slug":"gant-anticoupure-bleu-l","status":"publish","type":"product","link":"https:\/\/abinox-chr-clim.com\/index.php\/product\/gant-anticoupure-bleu-l\/","title":{"rendered":"Gant anticoupure bleu L"},"content":{"rendered":"<p>Gant bleu anticoupure fabriqu\u00e9 \u00e0 partir de fils hautement r\u00e9sistants. Conforme \u00e0 la norme de r\u00e9sistance aux coupures EN388 de niveau 5. Ne peluche pas afin d&rsquo;\u00e9viter la contamination des aliments et lavable jusqu&rsquo;\u00e0 95\u00b0C. Vendu \u00e0 l&rsquo;unit\u00e9. Tailles M et L.<br \/>Fabriqu\u00e9 \u00e0 partir de fils hautement r\u00e9sistants. Ne peluche pas, id\u00e9al pour le contact alimentaire. Peut \u00eatre lav\u00e9 jusqu&rsquo;\u00e0 95 \u00b0 C. Vendu \u00e0 l&rsquo;unit\u00e9.Prot\u00e8ge la main.  Fabriqu\u00e9 \u00e0 partir de fils hautement r\u00e9sistants.<\/p>\n<p>Caract\u00e9ristiques :<br \/> Mati\u00e8re : .<br \/> Couleur : Bleu.<\/p>\n","protected":false},"excerpt":{"rendered":"<p>Gant anticoupure bleu L<\/p>\n","protected":false},"featured_media":0,"comment_status":"closed","ping_status":"closed","template":"","meta":[],"product_brand":[],"product_cat":[1075,1064,1297,1082],"product_tag":[],"class_list":{"0":"post-67447","1":"product","2":"type-product","3":"status-publish","5":"product_cat-couteaux","6":"product_cat-cuisine","7":"product_cat-non-palettisable","8":"product_cat-rangements-pour-couteaux","9":"product_shipping_class-free-shipping","11":"first","12":"instock","13":"featured","14":"taxable","15":"shipping-taxable","16":"purchasable","17":"product-type-simple"},"_links":{"self":[{"href":"https:\/\/abinox-chr-clim.com\/index.php\/wp-json\/wp\/v2\/product\/67447","targetHints":{"allow":["GET"]}}],"collection":[{"href":"https:\/\/abinox-chr-clim.com\/index.php\/wp-json\/wp\/v2\/product"}],"about":[{"href":"https:\/\/abinox-chr-clim.com\/index.php\/wp-json\/wp\/v2\/types\/product"}],"replies":[{"embeddable":true,"href":"https:\/\/abinox-chr-clim.com\/index.php\/wp-json\/wp\/v2\/comments?post=67447"}],"wp:attachment":[{"href":"https:\/\/abinox-chr-clim.com\/index.php\/wp-json\/wp\/v2\/media?parent=67447"}],"wp:term":[{"taxonomy":"product_brand","embeddable":true,"href":"https:\/\/abinox-chr-clim.com\/index.php\/wp-json\/wp\/v2\/product_brand?post=67447"},{"taxonomy":"product_cat","embeddable":true,"href":"https:\/\/abinox-chr-clim.com\/index.php\/wp-json\/wp\/v2\/product_cat?post=67447"},{"taxonomy":"product_tag","embeddable":true,"href":"https:\/\/abinox-chr-clim.com\/index.php\/wp-json\/wp\/v2\/product_tag?post=67447"}],"curies":[{"name":"wp","href":"https:\/\/api.w.org\/{rel}","templated":true}]}}