{"id":67446,"date":"2024-03-22T15:49:49","date_gmt":"2024-03-22T14:49:49","guid":{"rendered":"https:\/\/abinox-chr-clim.com\/index.php\/product\/trousse-a-couteaux-7-pieces-vogue\/"},"modified":"2026-04-02T08:47:06","modified_gmt":"2026-04-02T06:47:06","slug":"trousse-a-couteaux-7-pieces-vogue","status":"publish","type":"product","link":"https:\/\/abinox-chr-clim.com\/index.php\/product\/trousse-a-couteaux-7-pieces-vogue\/","title":{"rendered":"Trousse \u00e0 couteaux 7 pi\u00e8ces Vogue"},"content":{"rendered":"<p>Sept compartiments pour les couteaux les plus populaires &#8211; transportez vos couteaux les plus utiles en toute s\u00e9curit\u00e9. Chaque compartiment maintient un couteau en place &#8211; \u00e9vite d&rsquo;endommager les couteaux et r\u00e9duit le risque qu&rsquo;ils glissent dans l&rsquo;\u00e9tui. Les bords renforc\u00e9s prot\u00e8gent le contenu de l&rsquo;\u00e9tui m\u00eame en cas de chute. Design noir \u00e9l\u00e9gant et discret. Livr\u00e9 vide &#8211; remplissez-le avec les couteaux dont vous avez besoin. Facile \u00e0 nettoyer.  Sept compartiments pour les couteaux les plus populaires &#8211; transportez vos couteaux les plus utiles en toute s\u00e9curit\u00e9.<\/p>\n<p>Caract\u00e9ristiques :<br \/> Capacit\u00e9 : 7 couteaux.<br \/> Dimensions : 370(H)x 240(L)x 30(P)mm.<\/p>\n","protected":false},"excerpt":{"rendered":"<p>Trousse \u00e0 couteaux 7 pi\u00e8ces Vogue<\/p>\n","protected":false},"featured_media":101218,"comment_status":"closed","ping_status":"closed","template":"","meta":[],"product_brand":[],"product_cat":[1075,1064,1297,1082],"product_tag":[],"class_list":{"0":"post-67446","1":"product","2":"type-product","3":"status-publish","4":"has-post-thumbnail","6":"product_cat-couteaux","7":"product_cat-cuisine","8":"product_cat-non-palettisable","9":"product_cat-rangements-pour-couteaux","10":"product_shipping_class-free-shipping","12":"first","13":"instock","14":"featured","15":"taxable","16":"shipping-taxable","17":"purchasable","18":"product-type-simple"},"_links":{"self":[{"href":"https:\/\/abinox-chr-clim.com\/index.php\/wp-json\/wp\/v2\/product\/67446","targetHints":{"allow":["GET"]}}],"collection":[{"href":"https:\/\/abinox-chr-clim.com\/index.php\/wp-json\/wp\/v2\/product"}],"about":[{"href":"https:\/\/abinox-chr-clim.com\/index.php\/wp-json\/wp\/v2\/types\/product"}],"replies":[{"embeddable":true,"href":"https:\/\/abinox-chr-clim.com\/index.php\/wp-json\/wp\/v2\/comments?post=67446"}],"wp:featuredmedia":[{"embeddable":true,"href":"https:\/\/abinox-chr-clim.com\/index.php\/wp-json\/wp\/v2\/media\/101218"}],"wp:attachment":[{"href":"https:\/\/abinox-chr-clim.com\/index.php\/wp-json\/wp\/v2\/media?parent=67446"}],"wp:term":[{"taxonomy":"product_brand","embeddable":true,"href":"https:\/\/abinox-chr-clim.com\/index.php\/wp-json\/wp\/v2\/product_brand?post=67446"},{"taxonomy":"product_cat","embeddable":true,"href":"https:\/\/abinox-chr-clim.com\/index.php\/wp-json\/wp\/v2\/product_cat?post=67446"},{"taxonomy":"product_tag","embeddable":true,"href":"https:\/\/abinox-chr-clim.com\/index.php\/wp-json\/wp\/v2\/product_tag?post=67446"}],"curies":[{"name":"wp","href":"https:\/\/api.w.org\/{rel}","templated":true}]}}