{"id":67445,"date":"2024-03-22T15:49:49","date_gmt":"2024-03-22T14:49:49","guid":{"rendered":"https:\/\/abinox-chr-clim.com\/index.php\/product\/mallette-a-couteaux-deglon-sabatier-bleue\/"},"modified":"2026-04-02T08:46:27","modified_gmt":"2026-04-02T06:46:27","slug":"mallette-a-couteaux-deglon-sabatier-bleue","status":"publish","type":"product","link":"https:\/\/abinox-chr-clim.com\/index.php\/product\/mallette-a-couteaux-deglon-sabatier-bleue\/","title":{"rendered":"Mallette \u00e0 couteaux Deglon Sabatier bleue"},"content":{"rendered":"<p>Mallette pratique id\u00e9ale pour transporter facilement et discr\u00e8tement vos couteaux. Un compartiment pour les couteaux (dans lequel les lames sont prot\u00e9g\u00e9es des chocs) et trois autres pour les objets contendants ou non fragiles. Verrouillable. Livr\u00e9e vide.<br \/>Contient un int\u00e9rieur rigide.Peut accueillir jusqu&rsquo;\u00e0 10 couteaux. Dispose \u00e9galement de 3 sections pour le transport d&rsquo;autres articles. Verrouillable. Mat\u00e9riau externe r\u00e9sistant &#8211; 600D. Poign\u00e9e confortable et bandouli\u00e8re de couleur marron.  Contient un int\u00e9rieur rigide. .<br \/> Caract\u00e9ristiques :<br \/> Dimensions : 330(H)x 460(L)x 150(P)mm.<br \/> Mati\u00e8re : Polypropyl\u00e8ne et nylon.<br \/> Couleur : Bleu.<\/p>\n","protected":false},"excerpt":{"rendered":"<p>Mallette \u00e0 couteaux Deglon Sabatier bleue<\/p>\n","protected":false},"featured_media":101158,"comment_status":"closed","ping_status":"closed","template":"","meta":[],"product_brand":[],"product_cat":[1075,1064,1297,1082],"product_tag":[],"class_list":{"0":"post-67445","1":"product","2":"type-product","3":"status-publish","4":"has-post-thumbnail","6":"product_cat-couteaux","7":"product_cat-cuisine","8":"product_cat-non-palettisable","9":"product_cat-rangements-pour-couteaux","10":"product_shipping_class-free-shipping","12":"first","13":"instock","14":"featured","15":"taxable","16":"shipping-taxable","17":"purchasable","18":"product-type-simple"},"_links":{"self":[{"href":"https:\/\/abinox-chr-clim.com\/index.php\/wp-json\/wp\/v2\/product\/67445","targetHints":{"allow":["GET"]}}],"collection":[{"href":"https:\/\/abinox-chr-clim.com\/index.php\/wp-json\/wp\/v2\/product"}],"about":[{"href":"https:\/\/abinox-chr-clim.com\/index.php\/wp-json\/wp\/v2\/types\/product"}],"replies":[{"embeddable":true,"href":"https:\/\/abinox-chr-clim.com\/index.php\/wp-json\/wp\/v2\/comments?post=67445"}],"wp:featuredmedia":[{"embeddable":true,"href":"https:\/\/abinox-chr-clim.com\/index.php\/wp-json\/wp\/v2\/media\/101158"}],"wp:attachment":[{"href":"https:\/\/abinox-chr-clim.com\/index.php\/wp-json\/wp\/v2\/media?parent=67445"}],"wp:term":[{"taxonomy":"product_brand","embeddable":true,"href":"https:\/\/abinox-chr-clim.com\/index.php\/wp-json\/wp\/v2\/product_brand?post=67445"},{"taxonomy":"product_cat","embeddable":true,"href":"https:\/\/abinox-chr-clim.com\/index.php\/wp-json\/wp\/v2\/product_cat?post=67445"},{"taxonomy":"product_tag","embeddable":true,"href":"https:\/\/abinox-chr-clim.com\/index.php\/wp-json\/wp\/v2\/product_tag?post=67445"}],"curies":[{"name":"wp","href":"https:\/\/api.w.org\/{rel}","templated":true}]}}