{"id":67444,"date":"2024-03-22T15:49:48","date_gmt":"2024-03-22T14:49:48","guid":{"rendered":"https:\/\/abinox-chr-clim.com\/index.php\/product\/grande-mallette-a-couteaux-dick\/"},"modified":"2026-04-02T08:39:57","modified_gmt":"2026-04-02T06:39:57","slug":"grande-mallette-a-couteaux-dick","status":"publish","type":"product","link":"https:\/\/abinox-chr-clim.com\/index.php\/product\/grande-mallette-a-couteaux-dick\/","title":{"rendered":"Grande mallette \u00e0 couteaux Dick"},"content":{"rendered":"<p>Mallette double face avec deux compartiments pouvant contenir 34 couteaux et autres accessoires. Compartiment s\u00e9par\u00e9 pour les livres et les stylos. Contenu non fourni.<br \/>La conception \u00e0 double face maximise l&rsquo;espace de rangement en toute s\u00e9curit\u00e9 avec 34 fentes pour les couteaux. Grande fente suppl\u00e9mentaire pour les \u00e9guiseurs ou autres accessoires essentiels. Prot\u00e8ge vos lames et maintient vos couteaux les plus utilis\u00e9s en parfait \u00e9tat. Permet de conserver votre collection de couteaux sans risque de les \u00e9garer. La fermeture \u00e0 glissi\u00e8re ferme et s\u00fbre permet d&rsquo;ouvrir ou de fermer la mallette instantan\u00e9ment. Poign\u00e9e centrale ou bandouli\u00e8re pour un transport confortable en d\u00e9placement. Remarque : la malette est fournie vide et les couteaux ne sont pas inclus.La conception \u00e0 double face maximise l&rsquo;espace de rangement en toute s\u00e9curit\u00e9 avec 34 fentes pour les couteaux.<\/p>\n<p>Caract\u00e9ristiques :<br \/> Capacit\u00e9 : 250(l) x 80(p) x 480(L)mm.<br \/> Dimensions : 80(H)x 250(l)x 480(L)mm.<br \/> Mati\u00e8re : .<br \/> Couleur : Noir.<\/p>\n","protected":false},"excerpt":{"rendered":"<p>Grande mallette \u00e0 couteaux Dick<\/p>\n","protected":false},"featured_media":89442,"comment_status":"closed","ping_status":"closed","template":"","meta":[],"product_brand":[],"product_cat":[1075,1064,1297,1082],"product_tag":[],"class_list":{"0":"post-67444","1":"product","2":"type-product","3":"status-publish","4":"has-post-thumbnail","6":"product_cat-couteaux","7":"product_cat-cuisine","8":"product_cat-non-palettisable","9":"product_cat-rangements-pour-couteaux","10":"product_shipping_class-free-shipping","12":"first","13":"instock","14":"featured","15":"taxable","16":"shipping-taxable","17":"purchasable","18":"product-type-simple"},"_links":{"self":[{"href":"https:\/\/abinox-chr-clim.com\/index.php\/wp-json\/wp\/v2\/product\/67444","targetHints":{"allow":["GET"]}}],"collection":[{"href":"https:\/\/abinox-chr-clim.com\/index.php\/wp-json\/wp\/v2\/product"}],"about":[{"href":"https:\/\/abinox-chr-clim.com\/index.php\/wp-json\/wp\/v2\/types\/product"}],"replies":[{"embeddable":true,"href":"https:\/\/abinox-chr-clim.com\/index.php\/wp-json\/wp\/v2\/comments?post=67444"}],"wp:featuredmedia":[{"embeddable":true,"href":"https:\/\/abinox-chr-clim.com\/index.php\/wp-json\/wp\/v2\/media\/89442"}],"wp:attachment":[{"href":"https:\/\/abinox-chr-clim.com\/index.php\/wp-json\/wp\/v2\/media?parent=67444"}],"wp:term":[{"taxonomy":"product_brand","embeddable":true,"href":"https:\/\/abinox-chr-clim.com\/index.php\/wp-json\/wp\/v2\/product_brand?post=67444"},{"taxonomy":"product_cat","embeddable":true,"href":"https:\/\/abinox-chr-clim.com\/index.php\/wp-json\/wp\/v2\/product_cat?post=67444"},{"taxonomy":"product_tag","embeddable":true,"href":"https:\/\/abinox-chr-clim.com\/index.php\/wp-json\/wp\/v2\/product_tag?post=67444"}],"curies":[{"name":"wp","href":"https:\/\/api.w.org\/{rel}","templated":true}]}}