{"id":67443,"date":"2024-03-22T15:49:48","date_gmt":"2024-03-22T14:49:48","guid":{"rendered":"https:\/\/abinox-chr-clim.com\/index.php\/product\/bloc-a-couteaux-en-bois-9-pieces-vogue\/"},"modified":"2026-04-02T08:38:38","modified_gmt":"2026-04-02T06:38:38","slug":"bloc-a-couteaux-en-bois-9-pieces-vogue","status":"publish","type":"product","link":"https:\/\/abinox-chr-clim.com\/index.php\/product\/bloc-a-couteaux-en-bois-9-pieces-vogue\/","title":{"rendered":"Bloc \u00e0 couteaux en bois 9 pi\u00e8ces Vogue"},"content":{"rendered":"<p>Dimensions lorsque les couteaux sont dans le bloc de rangement: 230(h) x 130(larg) x 265(prof)mm. Neuf fentes offrent suffisamment d&rsquo;espace pour ranger tous vos couteaux les plus utilis\u00e9s en toute s\u00e9curit\u00e9. Conserve votre collection de couteaux ensemble, sans risque d&rsquo;en \u00e9garer un seul. Beaucoup plus s\u00fbr que de ranger les couteaux en vrac sur des \u00e9tag\u00e8res ou dans des tiroirs. Le bloc peut \u00eatre plac\u00e9 sur n&rsquo;importe quel plan de travail pour garder les couteaux \u00e0 port\u00e9e de main. L&rsquo;aspect naturel de la conception en bois est \u00e9l\u00e9gant et professionnel. Veuillez noter que le bloc est fourni vide et que les couteaux ne sont pas inclus.Dimensions lorsque les couteaux sont dans le bloc de rangement: 230(h) x 130(larg) x 265(prof)mm.<\/p>\n<p>Caract\u00e9ristiques :<br \/> Dimensions : 26(H)x 13(L)x 17(P)cm.<br \/> Mati\u00e8re : Bois.<br \/> Couleur : Marron.<\/p>\n","protected":false},"excerpt":{"rendered":"<p>Bloc \u00e0 couteaux en bois 9 pi\u00e8ces Vogue<\/p>\n","protected":false},"featured_media":88075,"comment_status":"closed","ping_status":"closed","template":"","meta":[],"product_brand":[],"product_cat":[1075,1064,1297,1082],"product_tag":[],"class_list":{"0":"post-67443","1":"product","2":"type-product","3":"status-publish","4":"has-post-thumbnail","6":"product_cat-couteaux","7":"product_cat-cuisine","8":"product_cat-non-palettisable","9":"product_cat-rangements-pour-couteaux","10":"product_shipping_class-free-shipping","12":"first","13":"outofstock","14":"featured","15":"taxable","16":"shipping-taxable","17":"purchasable","18":"product-type-simple"},"_links":{"self":[{"href":"https:\/\/abinox-chr-clim.com\/index.php\/wp-json\/wp\/v2\/product\/67443","targetHints":{"allow":["GET"]}}],"collection":[{"href":"https:\/\/abinox-chr-clim.com\/index.php\/wp-json\/wp\/v2\/product"}],"about":[{"href":"https:\/\/abinox-chr-clim.com\/index.php\/wp-json\/wp\/v2\/types\/product"}],"replies":[{"embeddable":true,"href":"https:\/\/abinox-chr-clim.com\/index.php\/wp-json\/wp\/v2\/comments?post=67443"}],"wp:featuredmedia":[{"embeddable":true,"href":"https:\/\/abinox-chr-clim.com\/index.php\/wp-json\/wp\/v2\/media\/88075"}],"wp:attachment":[{"href":"https:\/\/abinox-chr-clim.com\/index.php\/wp-json\/wp\/v2\/media?parent=67443"}],"wp:term":[{"taxonomy":"product_brand","embeddable":true,"href":"https:\/\/abinox-chr-clim.com\/index.php\/wp-json\/wp\/v2\/product_brand?post=67443"},{"taxonomy":"product_cat","embeddable":true,"href":"https:\/\/abinox-chr-clim.com\/index.php\/wp-json\/wp\/v2\/product_cat?post=67443"},{"taxonomy":"product_tag","embeddable":true,"href":"https:\/\/abinox-chr-clim.com\/index.php\/wp-json\/wp\/v2\/product_tag?post=67443"}],"curies":[{"name":"wp","href":"https:\/\/api.w.org\/{rel}","templated":true}]}}