{"id":67441,"date":"2024-03-22T15:49:47","date_gmt":"2024-03-22T14:49:47","guid":{"rendered":"https:\/\/abinox-chr-clim.com\/index.php\/product\/barre-magnetique-pour-couteaux-vogue-300mm\/"},"modified":"2026-04-02T08:38:36","modified_gmt":"2026-04-02T06:38:36","slug":"barre-magnetique-pour-couteaux-vogue-300mm","status":"publish","type":"product","link":"https:\/\/abinox-chr-clim.com\/index.php\/product\/barre-magnetique-pour-couteaux-vogue-300mm\/","title":{"rendered":"Barre magn\u00e9tique pour couteaux Vogue 300mm"},"content":{"rendered":"<p>Aimant ultra puissant. Fixations murales fournies.<br \/>Un aimant tr\u00e8s puissant maintient les couteaux de cuisine en place en toute s\u00e9curit\u00e9. Assez long pour contenir une vari\u00e9t\u00e9 de vos couteaux les plus utilis\u00e9s. Facile \u00e0 garder propre et \u00e0 maintenir un niveau d&rsquo;hygi\u00e8ne impeccable. Couteaux non inclus. Fourni avec des fixations pour le montage mural. Permet de ranger les couteaux sans prendre de place dans les tiroirs ou sur les plans de travail. Garde les couteaux \u00e0 port\u00e9e de main pour un acc\u00e8s rapide d\u00e8s que vous en avez besoin.Un aimant tr\u00e8s puissant maintient les couteaux de cuisine en place en toute s\u00e9curit\u00e9.<\/p>\n<p>Caract\u00e9ristiques :<br \/> Dimensions : 340(L) mm.<br \/> Mati\u00e8re : Polypropyl\u00e8ne.<br \/> Couleur : Noir.<\/p>\n","protected":false},"excerpt":{"rendered":"<p>Barre magn\u00e9tique pour couteaux Vogue 300mm<\/p>\n","protected":false},"featured_media":88099,"comment_status":"closed","ping_status":"closed","template":"","meta":[],"product_brand":[],"product_cat":[1075,1064,1297,1082],"product_tag":[],"class_list":{"0":"post-67441","1":"product","2":"type-product","3":"status-publish","4":"has-post-thumbnail","6":"product_cat-couteaux","7":"product_cat-cuisine","8":"product_cat-non-palettisable","9":"product_cat-rangements-pour-couteaux","10":"product_shipping_class-free-shipping","12":"first","13":"instock","14":"featured","15":"taxable","16":"shipping-taxable","17":"purchasable","18":"product-type-simple"},"_links":{"self":[{"href":"https:\/\/abinox-chr-clim.com\/index.php\/wp-json\/wp\/v2\/product\/67441","targetHints":{"allow":["GET"]}}],"collection":[{"href":"https:\/\/abinox-chr-clim.com\/index.php\/wp-json\/wp\/v2\/product"}],"about":[{"href":"https:\/\/abinox-chr-clim.com\/index.php\/wp-json\/wp\/v2\/types\/product"}],"replies":[{"embeddable":true,"href":"https:\/\/abinox-chr-clim.com\/index.php\/wp-json\/wp\/v2\/comments?post=67441"}],"wp:featuredmedia":[{"embeddable":true,"href":"https:\/\/abinox-chr-clim.com\/index.php\/wp-json\/wp\/v2\/media\/88099"}],"wp:attachment":[{"href":"https:\/\/abinox-chr-clim.com\/index.php\/wp-json\/wp\/v2\/media?parent=67441"}],"wp:term":[{"taxonomy":"product_brand","embeddable":true,"href":"https:\/\/abinox-chr-clim.com\/index.php\/wp-json\/wp\/v2\/product_brand?post=67441"},{"taxonomy":"product_cat","embeddable":true,"href":"https:\/\/abinox-chr-clim.com\/index.php\/wp-json\/wp\/v2\/product_cat?post=67441"},{"taxonomy":"product_tag","embeddable":true,"href":"https:\/\/abinox-chr-clim.com\/index.php\/wp-json\/wp\/v2\/product_tag?post=67441"}],"curies":[{"name":"wp","href":"https:\/\/api.w.org\/{rel}","templated":true}]}}