{"id":67440,"date":"2024-03-22T15:49:47","date_gmt":"2024-03-22T14:49:47","guid":{"rendered":"https:\/\/abinox-chr-clim.com\/index.php\/product\/support-mural-plastique-pour-couteaux-14-pieces-hygiplas\/"},"modified":"2026-04-02T08:38:33","modified_gmt":"2026-04-02T06:38:33","slug":"support-mural-plastique-pour-couteaux-14-pieces-hygiplas","status":"publish","type":"product","link":"https:\/\/abinox-chr-clim.com\/index.php\/product\/support-mural-plastique-pour-couteaux-14-pieces-hygiplas\/","title":{"rendered":"Support mural plastique pour couteaux 14 pi\u00e8ces Hygiplas"},"content":{"rendered":"<p>Support enti\u00e8rement lavable avec 14 emplacements (fourni vide).<br \/>14 fentes offrent suffisamment d&rsquo;espace pour ranger tous vos couteaux pr\u00e9f\u00e9r\u00e9s en toute s\u00e9curit\u00e9. Prot\u00e8ge vos lames et conserve vos couteaux les plus utilis\u00e9s en parfait \u00e9tat. Fix\u00e9 au mur, il permet de garder les couteaux \u00e0 port\u00e9e de main, sans encombrer l&rsquo;espace de rangement. Conserve votre collection de couteaux ensemble, sans risque d&rsquo;en \u00e9garer un seul. Facile \u00e0 fixer au mur et encore plus facile \u00e0 enlever pour le nettoyage. Lavable rapidement pour garantir une hygi\u00e8ne irr\u00e9prochable \u00e0 votre support et \u00e0 vos couteaux. Remarque : le support est fourni sans couteau.14 fentes offrent suffisamment d&rsquo;espace pour ranger tous vos couteaux pr\u00e9f\u00e9r\u00e9s en toute s\u00e9curit\u00e9.<\/p>\n<p>Caract\u00e9ristiques :<br \/> Capacit\u00e9 : 14 couteaux.<br \/> Dimensions : 407(H) x 375(L) x 76(P) mm.<br \/> Mati\u00e8re : .<br \/> Couleur : Gris.<\/p>\n","protected":false},"excerpt":{"rendered":"<p>Support mural plastique pour couteaux 14 pi\u00e8ces Hygiplas<\/p>\n","protected":false},"featured_media":103328,"comment_status":"closed","ping_status":"closed","template":"","meta":[],"product_brand":[],"product_cat":[1075,1064,1297,1082],"product_tag":[],"class_list":{"0":"post-67440","1":"product","2":"type-product","3":"status-publish","4":"has-post-thumbnail","6":"product_cat-couteaux","7":"product_cat-cuisine","8":"product_cat-non-palettisable","9":"product_cat-rangements-pour-couteaux","10":"product_shipping_class-free-shipping","12":"first","13":"instock","14":"featured","15":"taxable","16":"shipping-taxable","17":"purchasable","18":"product-type-simple"},"_links":{"self":[{"href":"https:\/\/abinox-chr-clim.com\/index.php\/wp-json\/wp\/v2\/product\/67440","targetHints":{"allow":["GET"]}}],"collection":[{"href":"https:\/\/abinox-chr-clim.com\/index.php\/wp-json\/wp\/v2\/product"}],"about":[{"href":"https:\/\/abinox-chr-clim.com\/index.php\/wp-json\/wp\/v2\/types\/product"}],"replies":[{"embeddable":true,"href":"https:\/\/abinox-chr-clim.com\/index.php\/wp-json\/wp\/v2\/comments?post=67440"}],"wp:featuredmedia":[{"embeddable":true,"href":"https:\/\/abinox-chr-clim.com\/index.php\/wp-json\/wp\/v2\/media\/103328"}],"wp:attachment":[{"href":"https:\/\/abinox-chr-clim.com\/index.php\/wp-json\/wp\/v2\/media?parent=67440"}],"wp:term":[{"taxonomy":"product_brand","embeddable":true,"href":"https:\/\/abinox-chr-clim.com\/index.php\/wp-json\/wp\/v2\/product_brand?post=67440"},{"taxonomy":"product_cat","embeddable":true,"href":"https:\/\/abinox-chr-clim.com\/index.php\/wp-json\/wp\/v2\/product_cat?post=67440"},{"taxonomy":"product_tag","embeddable":true,"href":"https:\/\/abinox-chr-clim.com\/index.php\/wp-json\/wp\/v2\/product_tag?post=67440"}],"curies":[{"name":"wp","href":"https:\/\/api.w.org\/{rel}","templated":true}]}}