{"id":67439,"date":"2024-03-22T15:49:47","date_gmt":"2024-03-22T14:49:47","guid":{"rendered":"https:\/\/abinox-chr-clim.com\/index.php\/product\/etui-a-couteaux-en-tissu-10-pieces-vogue\/"},"modified":"2026-04-02T08:38:30","modified_gmt":"2026-04-02T06:38:30","slug":"etui-a-couteaux-en-tissu-10-pieces-vogue","status":"publish","type":"product","link":"https:\/\/abinox-chr-clim.com\/index.php\/product\/etui-a-couteaux-en-tissu-10-pieces-vogue\/","title":{"rendered":"\u00c9tui \u00e0 couteaux en tissu 10 pi\u00e8ces Vogue"},"content":{"rendered":"<p>Peut contenir jusqu&rsquo;\u00e0 10 couteaux &#8211; convient \u00e0 la plupart des tailles de couteaux, y compris les couteaux de chef. La toile ultra-durable \u00e9vite d&rsquo;endommager les couteaux pendant le transport. Le couvercle rabattable et l&rsquo;attache emp\u00eachent les couteaux de bouger pendant le transport. Lavable en machine pour un nettoyage rapide. Parfait pour ranger ou transporter des couteaux en toute s\u00e9curit\u00e9.  Peut contenir jusqu&rsquo;\u00e0 10 couteaux &#8211; convient \u00e0 la plupart des tailles de couteaux, y compris les couteaux de chef.<\/p>\n<p>Caract\u00e9ristiques :<br \/> Dimensions : Ferm\u00e9 39(H)x 10(L)mm, Ouvert 76(H)x 39(L)cm.<br \/> Mati\u00e8re : Toile<\/p>\n","protected":false},"excerpt":{"rendered":"<p>\u00c9tui \u00e0 couteaux en tissu 10 pi\u00e8ces Vogue<\/p>\n","protected":false},"featured_media":88113,"comment_status":"closed","ping_status":"closed","template":"","meta":[],"product_brand":[],"product_cat":[1075,1064,1297,1082],"product_tag":[],"class_list":{"0":"post-67439","1":"product","2":"type-product","3":"status-publish","4":"has-post-thumbnail","6":"product_cat-couteaux","7":"product_cat-cuisine","8":"product_cat-non-palettisable","9":"product_cat-rangements-pour-couteaux","10":"product_shipping_class-free-shipping","12":"first","13":"instock","14":"featured","15":"taxable","16":"shipping-taxable","17":"purchasable","18":"product-type-simple"},"_links":{"self":[{"href":"https:\/\/abinox-chr-clim.com\/index.php\/wp-json\/wp\/v2\/product\/67439","targetHints":{"allow":["GET"]}}],"collection":[{"href":"https:\/\/abinox-chr-clim.com\/index.php\/wp-json\/wp\/v2\/product"}],"about":[{"href":"https:\/\/abinox-chr-clim.com\/index.php\/wp-json\/wp\/v2\/types\/product"}],"replies":[{"embeddable":true,"href":"https:\/\/abinox-chr-clim.com\/index.php\/wp-json\/wp\/v2\/comments?post=67439"}],"wp:featuredmedia":[{"embeddable":true,"href":"https:\/\/abinox-chr-clim.com\/index.php\/wp-json\/wp\/v2\/media\/88113"}],"wp:attachment":[{"href":"https:\/\/abinox-chr-clim.com\/index.php\/wp-json\/wp\/v2\/media?parent=67439"}],"wp:term":[{"taxonomy":"product_brand","embeddable":true,"href":"https:\/\/abinox-chr-clim.com\/index.php\/wp-json\/wp\/v2\/product_brand?post=67439"},{"taxonomy":"product_cat","embeddable":true,"href":"https:\/\/abinox-chr-clim.com\/index.php\/wp-json\/wp\/v2\/product_cat?post=67439"},{"taxonomy":"product_tag","embeddable":true,"href":"https:\/\/abinox-chr-clim.com\/index.php\/wp-json\/wp\/v2\/product_tag?post=67439"}],"curies":[{"name":"wp","href":"https:\/\/api.w.org\/{rel}","templated":true}]}}