{"id":67438,"date":"2024-03-22T15:49:47","date_gmt":"2024-03-22T14:49:47","guid":{"rendered":"https:\/\/abinox-chr-clim.com\/index.php\/product\/bloc-couteaux-universel-en-bois-et-planche-a-decouper-vogue\/"},"modified":"2025-07-18T10:58:26","modified_gmt":"2025-07-18T08:58:26","slug":"bloc-couteaux-universel-en-bois-et-planche-a-decouper-vogue","status":"publish","type":"product","link":"https:\/\/abinox-chr-clim.com\/index.php\/product\/bloc-couteaux-universel-en-bois-et-planche-a-decouper-vogue\/","title":{"rendered":"Bloc couteaux universel en bois et planche \u00e0 d\u00e9couper Vogue"},"content":{"rendered":"<p>Extr\u00eamement r\u00e9sistant. Conception universelle, s&rsquo;adapte \u00e0 n&rsquo;importe quel couteau. Conception emp\u00eachant les couteaux de tomber. Extr\u00eamement r\u00e9sistant.<\/p>\n<p>Caract\u00e9ristiques :<br \/> Dimensions : 230(H) x 195(L) x 110(P) mm.<br \/> Mati\u00e8re : Bambou<\/p>\n","protected":false},"excerpt":{"rendered":"<p>Bloc couteaux universel en bois et planche \u00e0 d\u00e9couper Vogue<\/p>\n","protected":false},"featured_media":85528,"comment_status":"closed","ping_status":"closed","template":"","meta":[],"product_brand":[],"product_cat":[1075,1064,1297,1082],"product_tag":[],"class_list":{"0":"post-67438","1":"product","2":"type-product","3":"status-publish","4":"has-post-thumbnail","6":"product_cat-couteaux","7":"product_cat-cuisine","8":"product_cat-non-palettisable","9":"product_cat-rangements-pour-couteaux","10":"product_shipping_class-free-shipping","12":"first","13":"outofstock","14":"featured","15":"taxable","16":"shipping-taxable","17":"purchasable","18":"product-type-simple"},"_links":{"self":[{"href":"https:\/\/abinox-chr-clim.com\/index.php\/wp-json\/wp\/v2\/product\/67438","targetHints":{"allow":["GET"]}}],"collection":[{"href":"https:\/\/abinox-chr-clim.com\/index.php\/wp-json\/wp\/v2\/product"}],"about":[{"href":"https:\/\/abinox-chr-clim.com\/index.php\/wp-json\/wp\/v2\/types\/product"}],"replies":[{"embeddable":true,"href":"https:\/\/abinox-chr-clim.com\/index.php\/wp-json\/wp\/v2\/comments?post=67438"}],"wp:featuredmedia":[{"embeddable":true,"href":"https:\/\/abinox-chr-clim.com\/index.php\/wp-json\/wp\/v2\/media\/85528"}],"wp:attachment":[{"href":"https:\/\/abinox-chr-clim.com\/index.php\/wp-json\/wp\/v2\/media?parent=67438"}],"wp:term":[{"taxonomy":"product_brand","embeddable":true,"href":"https:\/\/abinox-chr-clim.com\/index.php\/wp-json\/wp\/v2\/product_brand?post=67438"},{"taxonomy":"product_cat","embeddable":true,"href":"https:\/\/abinox-chr-clim.com\/index.php\/wp-json\/wp\/v2\/product_cat?post=67438"},{"taxonomy":"product_tag","embeddable":true,"href":"https:\/\/abinox-chr-clim.com\/index.php\/wp-json\/wp\/v2\/product_tag?post=67438"}],"curies":[{"name":"wp","href":"https:\/\/api.w.org\/{rel}","templated":true}]}}