{"id":67436,"date":"2024-03-22T15:49:44","date_gmt":"2024-03-22T14:49:44","guid":{"rendered":"https:\/\/abinox-chr-clim.com\/index.php\/product\/etui-a-couteaux-victorinox\/"},"modified":"2026-04-02T09:46:44","modified_gmt":"2026-04-02T07:46:44","slug":"etui-a-couteaux-victorinox","status":"publish","type":"product","link":"https:\/\/abinox-chr-clim.com\/index.php\/product\/etui-a-couteaux-victorinox\/","title":{"rendered":"Etui \u00e0 couteaux Victorinox"},"content":{"rendered":"<p>Gardez vos couteaux en s\u00e9curit\u00e9 avec cet \u00e9tui compact et durable. Les doubles rabats limitent les mouvements pour prot\u00e9ger vos lames, emplacements pour huit couteaux. Couteaux non inclus.<br \/>Les lames longues et courtes sont prot\u00e9g\u00e9es par deux rabats de tailles diff\u00e9rentes. Id\u00e9al pour voyager et se ranger en toute s\u00e9curit\u00e9. Comprend 8 compartiments. Dimensions ouvertes : 472 x 477 x 20mm. Dimensions ferm\u00e9es : 477 x 165 x 30mm.  Les lames longues et courtes sont prot\u00e9g\u00e9es par deux rabats de tailles diff\u00e9rentes.<\/p>\n<p>Caract\u00e9ristiques :<br \/> Dimensions : 230(H) x 195(L) x 110(P) mm.<br \/> Mati\u00e8re : Polymide.<br \/> Couleur : Noir.<\/p>\n","protected":false},"excerpt":{"rendered":"<p>Etui \u00e0 couteaux Victorinox<\/p>\n","protected":false},"featured_media":85328,"comment_status":"closed","ping_status":"closed","template":"","meta":[],"product_brand":[],"product_cat":[1075,1064,1297,1082],"product_tag":[],"class_list":{"0":"post-67436","1":"product","2":"type-product","3":"status-publish","4":"has-post-thumbnail","6":"product_cat-couteaux","7":"product_cat-cuisine","8":"product_cat-non-palettisable","9":"product_cat-rangements-pour-couteaux","10":"product_shipping_class-free-shipping","12":"first","13":"instock","14":"featured","15":"taxable","16":"shipping-taxable","17":"purchasable","18":"product-type-simple"},"_links":{"self":[{"href":"https:\/\/abinox-chr-clim.com\/index.php\/wp-json\/wp\/v2\/product\/67436","targetHints":{"allow":["GET"]}}],"collection":[{"href":"https:\/\/abinox-chr-clim.com\/index.php\/wp-json\/wp\/v2\/product"}],"about":[{"href":"https:\/\/abinox-chr-clim.com\/index.php\/wp-json\/wp\/v2\/types\/product"}],"replies":[{"embeddable":true,"href":"https:\/\/abinox-chr-clim.com\/index.php\/wp-json\/wp\/v2\/comments?post=67436"}],"wp:featuredmedia":[{"embeddable":true,"href":"https:\/\/abinox-chr-clim.com\/index.php\/wp-json\/wp\/v2\/media\/85328"}],"wp:attachment":[{"href":"https:\/\/abinox-chr-clim.com\/index.php\/wp-json\/wp\/v2\/media?parent=67436"}],"wp:term":[{"taxonomy":"product_brand","embeddable":true,"href":"https:\/\/abinox-chr-clim.com\/index.php\/wp-json\/wp\/v2\/product_brand?post=67436"},{"taxonomy":"product_cat","embeddable":true,"href":"https:\/\/abinox-chr-clim.com\/index.php\/wp-json\/wp\/v2\/product_cat?post=67436"},{"taxonomy":"product_tag","embeddable":true,"href":"https:\/\/abinox-chr-clim.com\/index.php\/wp-json\/wp\/v2\/product_tag?post=67436"}],"curies":[{"name":"wp","href":"https:\/\/api.w.org\/{rel}","templated":true}]}}