{"id":67435,"date":"2024-03-22T15:49:44","date_gmt":"2024-03-22T14:49:44","guid":{"rendered":"https:\/\/abinox-chr-clim.com\/index.php\/product\/barre-magnetique-inox-vogue-460mm\/"},"modified":"2026-04-02T09:32:44","modified_gmt":"2026-04-02T07:32:44","slug":"barre-magnetique-inox-vogue-460mm","status":"publish","type":"product","link":"https:\/\/abinox-chr-clim.com\/index.php\/product\/barre-magnetique-inox-vogue-460mm\/","title":{"rendered":"Barre magn\u00e9tique inox Vogue 460mm"},"content":{"rendered":"<p>Aimant puissant et durable &#8211; maintient les couteaux en place en toute s\u00e9curit\u00e9 jusqu&rsquo;\u00e0 ce qu&rsquo;ils soient utilis\u00e9s. Convient \u00e0 la plupart des couteaux de chef traditionnels &#8211; s&rsquo;adapte \u00e0 quatre couteaux. Emp\u00eache les dommages caus\u00e9s aux couteaux par un mauvais rangement. Offre un acc\u00e8s rapide et s\u00fbr aux couteaux &#8211; garde les bords tranchants \u00e0 l&rsquo;\u00e9cart des plans de travail. Construction en acier inoxydable facile \u00e0 nettoyer. Conception peu encombrante &#8211; pas besoin de ranger les couteaux s\u00e9par\u00e9ment.  Aimant puissant et durable &#8211; maintient les couteaux en place en toute s\u00e9curit\u00e9 jusqu&rsquo;\u00e0 ce qu&rsquo;ils soient utilis\u00e9s.<\/p>\n<p>Caract\u00e9ristiques :<br \/> Dimensions : 450(l) x 50(P) mm.<br \/> Mati\u00e8re : Acier inoxydable<\/p>\n","protected":false},"excerpt":{"rendered":"<p>Barre magn\u00e9tique inox Vogue 460mm<\/p>\n","protected":false},"featured_media":85283,"comment_status":"closed","ping_status":"closed","template":"","meta":[],"product_brand":[],"product_cat":[1075,1064,1297,1082],"product_tag":[],"class_list":{"0":"post-67435","1":"product","2":"type-product","3":"status-publish","4":"has-post-thumbnail","6":"product_cat-couteaux","7":"product_cat-cuisine","8":"product_cat-non-palettisable","9":"product_cat-rangements-pour-couteaux","10":"product_shipping_class-free-shipping","12":"first","13":"instock","14":"featured","15":"taxable","16":"shipping-taxable","17":"purchasable","18":"product-type-simple"},"_links":{"self":[{"href":"https:\/\/abinox-chr-clim.com\/index.php\/wp-json\/wp\/v2\/product\/67435","targetHints":{"allow":["GET"]}}],"collection":[{"href":"https:\/\/abinox-chr-clim.com\/index.php\/wp-json\/wp\/v2\/product"}],"about":[{"href":"https:\/\/abinox-chr-clim.com\/index.php\/wp-json\/wp\/v2\/types\/product"}],"replies":[{"embeddable":true,"href":"https:\/\/abinox-chr-clim.com\/index.php\/wp-json\/wp\/v2\/comments?post=67435"}],"wp:featuredmedia":[{"embeddable":true,"href":"https:\/\/abinox-chr-clim.com\/index.php\/wp-json\/wp\/v2\/media\/85283"}],"wp:attachment":[{"href":"https:\/\/abinox-chr-clim.com\/index.php\/wp-json\/wp\/v2\/media?parent=67435"}],"wp:term":[{"taxonomy":"product_brand","embeddable":true,"href":"https:\/\/abinox-chr-clim.com\/index.php\/wp-json\/wp\/v2\/product_brand?post=67435"},{"taxonomy":"product_cat","embeddable":true,"href":"https:\/\/abinox-chr-clim.com\/index.php\/wp-json\/wp\/v2\/product_cat?post=67435"},{"taxonomy":"product_tag","embeddable":true,"href":"https:\/\/abinox-chr-clim.com\/index.php\/wp-json\/wp\/v2\/product_tag?post=67435"}],"curies":[{"name":"wp","href":"https:\/\/api.w.org\/{rel}","templated":true}]}}