{"id":67432,"date":"2024-03-22T15:49:43","date_gmt":"2024-03-22T14:49:43","guid":{"rendered":"https:\/\/abinox-chr-clim.com\/index.php\/product\/armoire-de-sterilisation-de-couteaux-matfer-bourgeat\/"},"modified":"2026-04-02T08:31:19","modified_gmt":"2026-04-02T06:31:19","slug":"armoire-de-sterilisation-de-couteaux-matfer-bourgeat","status":"publish","type":"product","link":"https:\/\/abinox-chr-clim.com\/index.php\/product\/armoire-de-sterilisation-de-couteaux-matfer-bourgeat\/","title":{"rendered":"Armoire de st\u00e9rilisation de couteaux Matfer Bourgeat"},"content":{"rendered":"<p>L&rsquo;intoxication alimentaire constitue une menace constante dans le secteur de la restauration. Pour l&rsquo;\u00e9viter, il suffit de r\u00e9duire la contamination crois\u00e9e entre les couteaux. Solution rentable, \u00e0 faible consommation d&rsquo;\u00e9nergie, facile \u00e0 utiliser et efficace contre la plupart des bact\u00e9ries, notamment E Coli, la Salmonelle et la Listeria. Armoire verrouillable en inox. Fixation murale, dessus biseaut\u00e9 pour \u00e9viter toute accumulation de salet\u00e9s.<br \/>Tue 99,9 % des bact\u00e9ries potentielles d&rsquo;intoxication alimentaire. Peut contenir entre 15 et 20 couteaux. Minuteur 0-2 h.St\u00e9rilise jusqu&rsquo;\u00e0 20 couteaux en seulement 90 minutes. Unit\u00e9 murale en acier inoxydable. Verrouillable. Dispose d&rsquo;un dessus chanfrein\u00e9 pour \u00e9viter de concentrer les bact\u00e9ries.R\u00e9f\u00e9rence soumise \u00e0 une Eco-participation DEEE de 0,65\u20ac par unit\u00e9 vendue. Tue 99,9 % des bact\u00e9ries potentielles d&rsquo;intoxication alimentaire.<\/p>\n<p>Caract\u00e9ristiques :<br \/> Capacit\u00e9 : 20 couteaux.<br \/> Dimensions : 73,5(H)x 58,5(L)x 12(P)cm.<br \/> Mati\u00e8re : Inox.<br \/> Voltage : 230V.<br \/> Couleur : Argent.<\/p>\n","protected":false},"excerpt":{"rendered":"<p>Armoire de st\u00e9rilisation de couteaux Matfer Bourgeat<\/p>\n","protected":false},"featured_media":80978,"comment_status":"closed","ping_status":"closed","template":"","meta":[],"product_brand":[],"product_cat":[1075,1064,1297,1082],"product_tag":[],"class_list":{"0":"post-67432","1":"product","2":"type-product","3":"status-publish","4":"has-post-thumbnail","6":"product_cat-couteaux","7":"product_cat-cuisine","8":"product_cat-non-palettisable","9":"product_cat-rangements-pour-couteaux","10":"product_shipping_class-free-shipping","12":"first","13":"instock","14":"featured","15":"taxable","16":"shipping-taxable","17":"purchasable","18":"product-type-simple"},"_links":{"self":[{"href":"https:\/\/abinox-chr-clim.com\/index.php\/wp-json\/wp\/v2\/product\/67432","targetHints":{"allow":["GET"]}}],"collection":[{"href":"https:\/\/abinox-chr-clim.com\/index.php\/wp-json\/wp\/v2\/product"}],"about":[{"href":"https:\/\/abinox-chr-clim.com\/index.php\/wp-json\/wp\/v2\/types\/product"}],"replies":[{"embeddable":true,"href":"https:\/\/abinox-chr-clim.com\/index.php\/wp-json\/wp\/v2\/comments?post=67432"}],"wp:featuredmedia":[{"embeddable":true,"href":"https:\/\/abinox-chr-clim.com\/index.php\/wp-json\/wp\/v2\/media\/80978"}],"wp:attachment":[{"href":"https:\/\/abinox-chr-clim.com\/index.php\/wp-json\/wp\/v2\/media?parent=67432"}],"wp:term":[{"taxonomy":"product_brand","embeddable":true,"href":"https:\/\/abinox-chr-clim.com\/index.php\/wp-json\/wp\/v2\/product_brand?post=67432"},{"taxonomy":"product_cat","embeddable":true,"href":"https:\/\/abinox-chr-clim.com\/index.php\/wp-json\/wp\/v2\/product_cat?post=67432"},{"taxonomy":"product_tag","embeddable":true,"href":"https:\/\/abinox-chr-clim.com\/index.php\/wp-json\/wp\/v2\/product_tag?post=67432"}],"curies":[{"name":"wp","href":"https:\/\/api.w.org\/{rel}","templated":true}]}}