{"id":67384,"date":"2024-03-22T15:49:26","date_gmt":"2024-03-22T14:49:26","guid":{"rendered":"https:\/\/abinox-chr-clim.com\/index.php\/product\/couteau-a-trancher-dente-hygiplas-noir-255mm\/"},"modified":"2026-04-02T08:27:50","modified_gmt":"2026-04-02T06:27:50","slug":"couteau-a-trancher-dente-hygiplas-noir-255mm","status":"publish","type":"product","link":"https:\/\/abinox-chr-clim.com\/index.php\/product\/couteau-a-trancher-dente-hygiplas-noir-255mm\/","title":{"rendered":"Couteau \u00e0 trancher dent\u00e9 Hygiplas noir 255mm"},"content":{"rendered":"<p>Manche r\u00e9sistant au lave-vaisselle. Facile \u00e0 aiguiser. Manche r\u00e9sistant au lave-vaisselle. .<br \/> Caract\u00e9ristiques :<br \/> Dimensions : 25cm.<br \/> Mati\u00e8re : Inox.<br \/> Couleur : Noir.<\/p>\n","protected":false},"excerpt":{"rendered":"<p>Couteau \u00e0 trancher dent\u00e9 Hygiplas noir 255mm<\/p>\n","protected":false},"featured_media":79214,"comment_status":"closed","ping_status":"closed","template":"","meta":[],"product_brand":[],"product_cat":[1075,1064,1081,1297],"product_tag":[],"class_list":{"0":"post-67384","1":"product","2":"type-product","3":"status-publish","4":"has-post-thumbnail","6":"product_cat-couteaux","7":"product_cat-cuisine","8":"product_cat-hygiplas","9":"product_cat-non-palettisable","10":"product_shipping_class-free-shipping","12":"first","13":"instock","14":"featured","15":"taxable","16":"shipping-taxable","17":"purchasable","18":"product-type-simple"},"_links":{"self":[{"href":"https:\/\/abinox-chr-clim.com\/index.php\/wp-json\/wp\/v2\/product\/67384","targetHints":{"allow":["GET"]}}],"collection":[{"href":"https:\/\/abinox-chr-clim.com\/index.php\/wp-json\/wp\/v2\/product"}],"about":[{"href":"https:\/\/abinox-chr-clim.com\/index.php\/wp-json\/wp\/v2\/types\/product"}],"replies":[{"embeddable":true,"href":"https:\/\/abinox-chr-clim.com\/index.php\/wp-json\/wp\/v2\/comments?post=67384"}],"wp:featuredmedia":[{"embeddable":true,"href":"https:\/\/abinox-chr-clim.com\/index.php\/wp-json\/wp\/v2\/media\/79214"}],"wp:attachment":[{"href":"https:\/\/abinox-chr-clim.com\/index.php\/wp-json\/wp\/v2\/media?parent=67384"}],"wp:term":[{"taxonomy":"product_brand","embeddable":true,"href":"https:\/\/abinox-chr-clim.com\/index.php\/wp-json\/wp\/v2\/product_brand?post=67384"},{"taxonomy":"product_cat","embeddable":true,"href":"https:\/\/abinox-chr-clim.com\/index.php\/wp-json\/wp\/v2\/product_cat?post=67384"},{"taxonomy":"product_tag","embeddable":true,"href":"https:\/\/abinox-chr-clim.com\/index.php\/wp-json\/wp\/v2\/product_tag?post=67384"}],"curies":[{"name":"wp","href":"https:\/\/api.w.org\/{rel}","templated":true}]}}