{"id":67293,"date":"2024-03-22T15:48:48","date_gmt":"2024-03-22T14:48:48","guid":{"rendered":"https:\/\/abinox-chr-clim.com\/index.php\/product\/couteau-universel-dente-dick-pro-dynamic-rouge-11cm\/"},"modified":"2026-04-02T09:17:12","modified_gmt":"2026-04-02T07:17:12","slug":"couteau-universel-dente-dick-pro-dynamic-rouge-11cm","status":"publish","type":"product","link":"https:\/\/abinox-chr-clim.com\/index.php\/product\/couteau-universel-dente-dick-pro-dynamic-rouge-11cm\/","title":{"rendered":"Couteau universel dent\u00e9 Dick Pro Dynamic rouge 11cm"},"content":{"rendered":"<p>Couteau extr\u00eamement tranchant en acier inoxydable de qualit\u00e9 allemande premium. Code couleur. Couleur du manche : rouge. Origine couteau : Allemagne. Type couteau : couteau universel. Longueur totale du couteau : 21,7 cm.Couteau extr\u00eamement tranchant en acier inoxydable de qualit\u00e9 allemande premium.<\/p>\n<p>Caract\u00e9ristiques :<br \/> Dimensions : 110mm.<br \/> Mati\u00e8re : Acier inoxydable allemand.<br \/> Couleur : Rouge.<\/p>\n","protected":false},"excerpt":{"rendered":"<p>Couteau universel dent\u00e9 Dick Pro Dynamic rouge 11cm<\/p>\n","protected":false},"featured_media":102087,"comment_status":"closed","ping_status":"closed","template":"","meta":[],"product_brand":[],"product_cat":[1075,1064,1078,1297],"product_tag":[],"class_list":{"0":"post-67293","1":"product","2":"type-product","3":"status-publish","4":"has-post-thumbnail","6":"product_cat-couteaux","7":"product_cat-cuisine","8":"product_cat-dick","9":"product_cat-non-palettisable","10":"product_shipping_class-free-shipping","12":"first","13":"instock","14":"featured","15":"taxable","16":"shipping-taxable","17":"purchasable","18":"product-type-simple"},"_links":{"self":[{"href":"https:\/\/abinox-chr-clim.com\/index.php\/wp-json\/wp\/v2\/product\/67293","targetHints":{"allow":["GET"]}}],"collection":[{"href":"https:\/\/abinox-chr-clim.com\/index.php\/wp-json\/wp\/v2\/product"}],"about":[{"href":"https:\/\/abinox-chr-clim.com\/index.php\/wp-json\/wp\/v2\/types\/product"}],"replies":[{"embeddable":true,"href":"https:\/\/abinox-chr-clim.com\/index.php\/wp-json\/wp\/v2\/comments?post=67293"}],"wp:featuredmedia":[{"embeddable":true,"href":"https:\/\/abinox-chr-clim.com\/index.php\/wp-json\/wp\/v2\/media\/102087"}],"wp:attachment":[{"href":"https:\/\/abinox-chr-clim.com\/index.php\/wp-json\/wp\/v2\/media?parent=67293"}],"wp:term":[{"taxonomy":"product_brand","embeddable":true,"href":"https:\/\/abinox-chr-clim.com\/index.php\/wp-json\/wp\/v2\/product_brand?post=67293"},{"taxonomy":"product_cat","embeddable":true,"href":"https:\/\/abinox-chr-clim.com\/index.php\/wp-json\/wp\/v2\/product_cat?post=67293"},{"taxonomy":"product_tag","embeddable":true,"href":"https:\/\/abinox-chr-clim.com\/index.php\/wp-json\/wp\/v2\/product_tag?post=67293"}],"curies":[{"name":"wp","href":"https:\/\/api.w.org\/{rel}","templated":true}]}}