{"id":67270,"date":"2024-03-22T15:48:39","date_gmt":"2024-03-22T14:48:39","guid":{"rendered":"https:\/\/abinox-chr-clim.com\/index.php\/product\/couteau-santoku-dick-premier-plus-180-mm\/"},"modified":"2025-06-30T09:28:11","modified_gmt":"2025-06-30T07:28:11","slug":"couteau-santoku-dick-premier-plus-180-mm","status":"publish","type":"product","link":"https:\/\/abinox-chr-clim.com\/index.php\/product\/couteau-santoku-dick-premier-plus-180-mm\/","title":{"rendered":"Couteau Santoku Dick Premier Plus 180 mm"},"content":{"rendered":"<p>Couteau remarquablement aiguis\u00e9 et parfaitement \u00e9quilibr\u00e9. Soigneusement forg\u00e9 et \u00e9quilibr\u00e9 avec un manche de forme id\u00e9ale. Lame en alliage X50CrMoV15 de haute qualit\u00e9, qui prolonge le fil, la r\u00e9sistance \u00e0 l&rsquo;usure et maximise la pr\u00e9cision. Aiguis\u00e9 et poli \u00e0 la main pour une qualit\u00e9 de lame sup\u00e9rieure. Lavage \u00e0 la main recommand\u00e9.  Couteau remarquablement aiguis\u00e9 et parfaitement \u00e9quilibr\u00e9.<\/p>\n<p>Caract\u00e9ristiques :<br \/> Dimensions : 18cm.<br \/> Mati\u00e8re : Fabrication allemande.<br \/> Couleur : Noir.<\/p>\n","protected":false},"excerpt":{"rendered":"<p>Couteau Santoku Dick Premier Plus 180 mm<\/p>\n","protected":false},"featured_media":89502,"comment_status":"closed","ping_status":"closed","template":"","meta":[],"product_brand":[],"product_cat":[1075,1064,1078,1297],"product_tag":[],"class_list":{"0":"post-67270","1":"product","2":"type-product","3":"status-publish","4":"has-post-thumbnail","6":"product_cat-couteaux","7":"product_cat-cuisine","8":"product_cat-dick","9":"product_cat-non-palettisable","10":"product_shipping_class-free-shipping","12":"first","13":"outofstock","14":"featured","15":"taxable","16":"shipping-taxable","17":"purchasable","18":"product-type-simple"},"_links":{"self":[{"href":"https:\/\/abinox-chr-clim.com\/index.php\/wp-json\/wp\/v2\/product\/67270","targetHints":{"allow":["GET"]}}],"collection":[{"href":"https:\/\/abinox-chr-clim.com\/index.php\/wp-json\/wp\/v2\/product"}],"about":[{"href":"https:\/\/abinox-chr-clim.com\/index.php\/wp-json\/wp\/v2\/types\/product"}],"replies":[{"embeddable":true,"href":"https:\/\/abinox-chr-clim.com\/index.php\/wp-json\/wp\/v2\/comments?post=67270"}],"wp:featuredmedia":[{"embeddable":true,"href":"https:\/\/abinox-chr-clim.com\/index.php\/wp-json\/wp\/v2\/media\/89502"}],"wp:attachment":[{"href":"https:\/\/abinox-chr-clim.com\/index.php\/wp-json\/wp\/v2\/media?parent=67270"}],"wp:term":[{"taxonomy":"product_brand","embeddable":true,"href":"https:\/\/abinox-chr-clim.com\/index.php\/wp-json\/wp\/v2\/product_brand?post=67270"},{"taxonomy":"product_cat","embeddable":true,"href":"https:\/\/abinox-chr-clim.com\/index.php\/wp-json\/wp\/v2\/product_cat?post=67270"},{"taxonomy":"product_tag","embeddable":true,"href":"https:\/\/abinox-chr-clim.com\/index.php\/wp-json\/wp\/v2\/product_tag?post=67270"}],"curies":[{"name":"wp","href":"https:\/\/api.w.org\/{rel}","templated":true}]}}