{"id":67269,"date":"2024-03-22T15:48:39","date_gmt":"2024-03-22T14:48:39","guid":{"rendered":"https:\/\/abinox-chr-clim.com\/index.php\/product\/couteau-de-cuisinier-dick-1905-26cm\/"},"modified":"2026-04-02T08:39:44","modified_gmt":"2026-04-02T06:39:44","slug":"couteau-de-cuisinier-dick-1905-26cm","status":"publish","type":"product","link":"https:\/\/abinox-chr-clim.com\/index.php\/product\/couteau-de-cuisinier-dick-1905-26cm\/","title":{"rendered":"Couteau de cuisinier Dick 1905 &#8211; 26cm"},"content":{"rendered":"<p>Trempe cibl\u00e9e de la lame en plusieurs \u00e9tapes pour lui donner un tranchant unique, dynamique et tranchant. Duret\u00e9 Rockwell de 56\u00b0 garantissant une r\u00e9sistance exceptionnelle de la lame. Le demi-bollier permet d&rsquo;utiliser toute la longueur de la lame.La prise en main s\u00fbre et confortable vous permet de garder le contr\u00f4le. Anneaux d&rsquo;acier distinctifs int\u00e9gr\u00e9s au manche pour une finition \u00e9blouissante. Lavage \u00e0\u00a0 la main recommand\u00e9.  Trempe cibl\u00e9e de la lame en plusieurs \u00e9tapes pour lui donner un tranchant unique, dynamique et tranchant.<\/p>\n<p>Caract\u00e9ristiques :<br \/> Dimensions : 26cm.<br \/> Mati\u00e8re : Fabrication allemande.<br \/> Couleur : Noir.<\/p>\n","protected":false},"excerpt":{"rendered":"<p>Couteau de cuisinier Dick 1905 &#8211; 26cm<\/p>\n","protected":false},"featured_media":89509,"comment_status":"closed","ping_status":"closed","template":"","meta":[],"product_brand":[],"product_cat":[1075,1064,1078,1297],"product_tag":[],"class_list":{"0":"post-67269","1":"product","2":"type-product","3":"status-publish","4":"has-post-thumbnail","6":"product_cat-couteaux","7":"product_cat-cuisine","8":"product_cat-dick","9":"product_cat-non-palettisable","10":"product_shipping_class-free-shipping","12":"first","13":"instock","14":"featured","15":"taxable","16":"shipping-taxable","17":"purchasable","18":"product-type-simple"},"_links":{"self":[{"href":"https:\/\/abinox-chr-clim.com\/index.php\/wp-json\/wp\/v2\/product\/67269","targetHints":{"allow":["GET"]}}],"collection":[{"href":"https:\/\/abinox-chr-clim.com\/index.php\/wp-json\/wp\/v2\/product"}],"about":[{"href":"https:\/\/abinox-chr-clim.com\/index.php\/wp-json\/wp\/v2\/types\/product"}],"replies":[{"embeddable":true,"href":"https:\/\/abinox-chr-clim.com\/index.php\/wp-json\/wp\/v2\/comments?post=67269"}],"wp:featuredmedia":[{"embeddable":true,"href":"https:\/\/abinox-chr-clim.com\/index.php\/wp-json\/wp\/v2\/media\/89509"}],"wp:attachment":[{"href":"https:\/\/abinox-chr-clim.com\/index.php\/wp-json\/wp\/v2\/media?parent=67269"}],"wp:term":[{"taxonomy":"product_brand","embeddable":true,"href":"https:\/\/abinox-chr-clim.com\/index.php\/wp-json\/wp\/v2\/product_brand?post=67269"},{"taxonomy":"product_cat","embeddable":true,"href":"https:\/\/abinox-chr-clim.com\/index.php\/wp-json\/wp\/v2\/product_cat?post=67269"},{"taxonomy":"product_tag","embeddable":true,"href":"https:\/\/abinox-chr-clim.com\/index.php\/wp-json\/wp\/v2\/product_tag?post=67269"}],"curies":[{"name":"wp","href":"https:\/\/api.w.org\/{rel}","templated":true}]}}