{"id":67268,"date":"2024-03-22T15:48:39","date_gmt":"2024-03-22T14:48:39","guid":{"rendered":"https:\/\/abinox-chr-clim.com\/index.php\/product\/couteau-de-cuisinier-dick-1905-215mm\/"},"modified":"2026-04-02T08:39:43","modified_gmt":"2026-04-02T06:39:43","slug":"couteau-de-cuisinier-dick-1905-215mm","status":"publish","type":"product","link":"https:\/\/abinox-chr-clim.com\/index.php\/product\/couteau-de-cuisinier-dick-1905-215mm\/","title":{"rendered":"Couteau de cuisinier Dick 1905 215mm"},"content":{"rendered":"<p>Manche \u00e0 anneaux en acier sym\u00e9triques.La lame est faite d&rsquo;acier inoxydable de fabrication allemande de la meilleure qualit\u00e9, avec une duret\u00e9 de 56\u00b0 HRc.La  lame affin\u00e9e \u00e0 la main produit un tranchant unique, rapide et pr\u00e9cis.Vente restreinte du produit: Ne peut \u00eatre vendu aux personnes de moins de 18 ans. En passant une commande de ce produit, vous d\u00e9clarez que vous avez 18 ans ou plus.Lavage \u00e0 la main recommand\u00e9. Manche \u00e0 anneaux en acier sym\u00e9triques. .<br \/> Caract\u00e9ristiques :<br \/> Dimensions : 21cm.<br \/> Mati\u00e8re : Fabrication allemande.<br \/> Couleur : Noir.<\/p>\n","protected":false},"excerpt":{"rendered":"<p>Couteau de cuisinier Dick 1905 215mm<\/p>\n","protected":false},"featured_media":89516,"comment_status":"closed","ping_status":"closed","template":"","meta":[],"product_brand":[],"product_cat":[1075,1064,1078,1297],"product_tag":[],"class_list":{"0":"post-67268","1":"product","2":"type-product","3":"status-publish","4":"has-post-thumbnail","6":"product_cat-couteaux","7":"product_cat-cuisine","8":"product_cat-dick","9":"product_cat-non-palettisable","10":"product_shipping_class-free-shipping","12":"first","13":"instock","14":"featured","15":"taxable","16":"shipping-taxable","17":"purchasable","18":"product-type-simple"},"_links":{"self":[{"href":"https:\/\/abinox-chr-clim.com\/index.php\/wp-json\/wp\/v2\/product\/67268","targetHints":{"allow":["GET"]}}],"collection":[{"href":"https:\/\/abinox-chr-clim.com\/index.php\/wp-json\/wp\/v2\/product"}],"about":[{"href":"https:\/\/abinox-chr-clim.com\/index.php\/wp-json\/wp\/v2\/types\/product"}],"replies":[{"embeddable":true,"href":"https:\/\/abinox-chr-clim.com\/index.php\/wp-json\/wp\/v2\/comments?post=67268"}],"wp:featuredmedia":[{"embeddable":true,"href":"https:\/\/abinox-chr-clim.com\/index.php\/wp-json\/wp\/v2\/media\/89516"}],"wp:attachment":[{"href":"https:\/\/abinox-chr-clim.com\/index.php\/wp-json\/wp\/v2\/media?parent=67268"}],"wp:term":[{"taxonomy":"product_brand","embeddable":true,"href":"https:\/\/abinox-chr-clim.com\/index.php\/wp-json\/wp\/v2\/product_brand?post=67268"},{"taxonomy":"product_cat","embeddable":true,"href":"https:\/\/abinox-chr-clim.com\/index.php\/wp-json\/wp\/v2\/product_cat?post=67268"},{"taxonomy":"product_tag","embeddable":true,"href":"https:\/\/abinox-chr-clim.com\/index.php\/wp-json\/wp\/v2\/product_tag?post=67268"}],"curies":[{"name":"wp","href":"https:\/\/api.w.org\/{rel}","templated":true}]}}