{"id":67255,"date":"2024-03-22T15:48:32","date_gmt":"2024-03-22T14:48:32","guid":{"rendered":"https:\/\/abinox-chr-clim.com\/index.php\/product\/aiguiseur-manuel-2-etapes-avec-socle-a-ventouses-vogue\/"},"modified":"2026-04-14T09:41:23","modified_gmt":"2026-04-14T07:41:23","slug":"aiguiseur-manuel-2-etapes-avec-socle-a-ventouses-vogue","status":"publish","type":"product","link":"https:\/\/abinox-chr-clim.com\/index.php\/product\/aiguiseur-manuel-2-etapes-avec-socle-a-ventouses-vogue\/","title":{"rendered":"Aiguiseur manuel 2 \u00e9tapes avec socle \u00e0 ventouses Vogue"},"content":{"rendered":"<p>Aiguiseur 2 \u00e9tapes avec meules diamant\u00e9es et en c\u00e9ramique pour garantir un fil tranchant. Les ventouse s\u00e9curisent la stabilit\u00e9 sur les surfaces et plans de travail lisses. Ne convient pas aux couteaux dent\u00e9s et ne passe pas au lave-vaisselle.<br \/>Lames en diamant et en c\u00e9ramique pour un tranchant de rasoir. Base \u00e0 ventouse pour la s\u00e9curit\u00e9. Indice de duret\u00e9 Rockwell 92-99\u00b0. Permet \u00e0 tous les couteaux de donner le meilleur d&rsquo;eux-m\u00eames. Lames en diamant et en c\u00e9ramique pour un tranchant de rasoir.<\/p>\n<p>Caract\u00e9ristiques :<br \/> Dimensions : 40(H) x 70(L) x 130(P)mm.<br \/> Mati\u00e8re : Acier au diamant.<br \/> Couleur : Noir.<\/p>\n","protected":false},"excerpt":{"rendered":"<p>Aiguiseur manuel 2 \u00e9tapes avec socle \u00e0 ventouses Vogue<\/p>\n","protected":false},"featured_media":101903,"comment_status":"closed","ping_status":"closed","template":"","meta":[],"product_brand":[],"product_cat":[1076,1075,1064,1297],"product_tag":[],"class_list":{"0":"post-67255","1":"product","2":"type-product","3":"status-publish","4":"has-post-thumbnail","6":"product_cat-aiguiseurs-a-couteaux","7":"product_cat-couteaux","8":"product_cat-cuisine","9":"product_cat-non-palettisable","10":"product_shipping_class-free-shipping","12":"first","13":"instock","14":"featured","15":"taxable","16":"shipping-taxable","17":"purchasable","18":"product-type-simple"},"_links":{"self":[{"href":"https:\/\/abinox-chr-clim.com\/index.php\/wp-json\/wp\/v2\/product\/67255","targetHints":{"allow":["GET"]}}],"collection":[{"href":"https:\/\/abinox-chr-clim.com\/index.php\/wp-json\/wp\/v2\/product"}],"about":[{"href":"https:\/\/abinox-chr-clim.com\/index.php\/wp-json\/wp\/v2\/types\/product"}],"replies":[{"embeddable":true,"href":"https:\/\/abinox-chr-clim.com\/index.php\/wp-json\/wp\/v2\/comments?post=67255"}],"wp:featuredmedia":[{"embeddable":true,"href":"https:\/\/abinox-chr-clim.com\/index.php\/wp-json\/wp\/v2\/media\/101903"}],"wp:attachment":[{"href":"https:\/\/abinox-chr-clim.com\/index.php\/wp-json\/wp\/v2\/media?parent=67255"}],"wp:term":[{"taxonomy":"product_brand","embeddable":true,"href":"https:\/\/abinox-chr-clim.com\/index.php\/wp-json\/wp\/v2\/product_brand?post=67255"},{"taxonomy":"product_cat","embeddable":true,"href":"https:\/\/abinox-chr-clim.com\/index.php\/wp-json\/wp\/v2\/product_cat?post=67255"},{"taxonomy":"product_tag","embeddable":true,"href":"https:\/\/abinox-chr-clim.com\/index.php\/wp-json\/wp\/v2\/product_tag?post=67255"}],"curies":[{"name":"wp","href":"https:\/\/api.w.org\/{rel}","templated":true}]}}