{"id":67254,"date":"2024-03-22T15:48:32","date_gmt":"2024-03-22T14:48:32","guid":{"rendered":"https:\/\/abinox-chr-clim.com\/index.php\/product\/fusil-ceramique-vogue\/"},"modified":"2026-04-14T08:59:47","modified_gmt":"2026-04-14T06:59:47","slug":"fusil-ceramique-vogue","status":"publish","type":"product","link":"https:\/\/abinox-chr-clim.com\/index.php\/product\/fusil-ceramique-vogue\/","title":{"rendered":"Fusil c\u00e9ramique Vogue"},"content":{"rendered":"<p>Acier c\u00e9ramique lisse de qualit\u00e9 &#8211; performances d&rsquo;aff\u00fbtage exceptionnelles. Poign\u00e9e ergonomique en plastique &#8211; confort et s\u00e9curit\u00e9, m\u00eame en cas d&rsquo;utilisation prolong\u00e9e. Poign\u00e9e \u00e0 crochet pour faciliter le rangement et l&rsquo;acc\u00e8s. Longueur extra longue de 30 cm &#8211; id\u00e9ale pour aiguiser les grands couteaux de chef. Conception l\u00e9g\u00e8re &#8211; essentielle pour les p\u00e9riodes d&rsquo;aff\u00fbtage prolong\u00e9es.  Acier c\u00e9ramique lisse de qualit\u00e9 &#8211; performances d&rsquo;aff\u00fbtage exceptionnelles.<\/p>\n<p>Caract\u00e9ristiques :<br \/> Dimensions : 30cm.<br \/> Mati\u00e8re : C\u00e9ramique<\/p>\n","protected":false},"excerpt":{"rendered":"<p>Fusil c\u00e9ramique Vogue<\/p>\n","protected":false},"featured_media":101530,"comment_status":"closed","ping_status":"closed","template":"","meta":[],"product_brand":[],"product_cat":[1076,1075,1064,1297],"product_tag":[],"class_list":{"0":"post-67254","1":"product","2":"type-product","3":"status-publish","4":"has-post-thumbnail","6":"product_cat-aiguiseurs-a-couteaux","7":"product_cat-couteaux","8":"product_cat-cuisine","9":"product_cat-non-palettisable","10":"product_shipping_class-free-shipping","12":"first","13":"instock","14":"featured","15":"taxable","16":"shipping-taxable","17":"purchasable","18":"product-type-simple"},"_links":{"self":[{"href":"https:\/\/abinox-chr-clim.com\/index.php\/wp-json\/wp\/v2\/product\/67254","targetHints":{"allow":["GET"]}}],"collection":[{"href":"https:\/\/abinox-chr-clim.com\/index.php\/wp-json\/wp\/v2\/product"}],"about":[{"href":"https:\/\/abinox-chr-clim.com\/index.php\/wp-json\/wp\/v2\/types\/product"}],"replies":[{"embeddable":true,"href":"https:\/\/abinox-chr-clim.com\/index.php\/wp-json\/wp\/v2\/comments?post=67254"}],"wp:featuredmedia":[{"embeddable":true,"href":"https:\/\/abinox-chr-clim.com\/index.php\/wp-json\/wp\/v2\/media\/101530"}],"wp:attachment":[{"href":"https:\/\/abinox-chr-clim.com\/index.php\/wp-json\/wp\/v2\/media?parent=67254"}],"wp:term":[{"taxonomy":"product_brand","embeddable":true,"href":"https:\/\/abinox-chr-clim.com\/index.php\/wp-json\/wp\/v2\/product_brand?post=67254"},{"taxonomy":"product_cat","embeddable":true,"href":"https:\/\/abinox-chr-clim.com\/index.php\/wp-json\/wp\/v2\/product_cat?post=67254"},{"taxonomy":"product_tag","embeddable":true,"href":"https:\/\/abinox-chr-clim.com\/index.php\/wp-json\/wp\/v2\/product_tag?post=67254"}],"curies":[{"name":"wp","href":"https:\/\/api.w.org\/{rel}","templated":true}]}}