{"id":67253,"date":"2024-03-22T15:48:31","date_gmt":"2024-03-22T14:48:31","guid":{"rendered":"https:\/\/abinox-chr-clim.com\/index.php\/product\/aiguiseur-electrique-vogue\/"},"modified":"2026-04-14T08:56:13","modified_gmt":"2026-04-14T06:56:13","slug":"aiguiseur-electrique-vogue","status":"publish","type":"product","link":"https:\/\/abinox-chr-clim.com\/index.php\/product\/aiguiseur-electrique-vogue\/","title":{"rendered":"Aiguiseur \u00e9lectrique Vogue"},"content":{"rendered":"<p>Aiguiseur \u00e9lectrique convenant aux couteaux en inox et en c\u00e9ramique. Meules d&rsquo;aff\u00fbtage en diamant tr\u00e8s dur et c\u00e9ramique, avec bloc d&rsquo;aff\u00fbtage d\u00e9montable pour faciliter le nettoyage. Aiguise toutes sortes de couteaux en quelques minutes.<br \/>Convient \u00e0 l&rsquo;aff\u00fbtage de la grande majorit\u00e9 des types de couteaux pour une utilisation polyvalente. Garantie 1 an pour usage semi-commercial &#8211; usage l\u00e9ger seulement. Duret\u00e9 Rockwell de 99\u00b0. Les meules diamant\u00e9es et c\u00e9ramiques donnent une finition remarquablement nette. Bloc d&rsquo;aff\u00fbtage d\u00e9montable pour un nettoyage facile. T\u00eate d&rsquo;aff\u00fbtage rempla\u00e7able pour un aff\u00fbtage optimal.R\u00e9f\u00e9rence soumise \u00e0 une Eco-participation mobilier de 0,03\u20ac par unit\u00e9 vendue. Convient \u00e0 l&rsquo;aff\u00fbtage de la grande majorit\u00e9 des types de couteaux pour une utilisation polyvalente.<\/p>\n<p>Caract\u00e9ristiques :<br \/> Dimensions : 220(H) x 78(L) x 81(P)mm.<br \/> Mati\u00e8re : Acier au diamant.<br \/> Sortie : 18W. 1,5A.<br \/> Voltage : 100-240V.<br \/> Couleur : Noir.<\/p>\n","protected":false},"excerpt":{"rendered":"<p>Aiguiseur \u00e9lectrique Vogue<\/p>\n","protected":false},"featured_media":101239,"comment_status":"closed","ping_status":"closed","template":"","meta":[],"product_brand":[],"product_cat":[1076,1075,1064,1297],"product_tag":[],"class_list":{"0":"post-67253","1":"product","2":"type-product","3":"status-publish","4":"has-post-thumbnail","6":"product_cat-aiguiseurs-a-couteaux","7":"product_cat-couteaux","8":"product_cat-cuisine","9":"product_cat-non-palettisable","10":"product_shipping_class-free-shipping","12":"first","13":"outofstock","14":"featured","15":"taxable","16":"shipping-taxable","17":"purchasable","18":"product-type-simple"},"_links":{"self":[{"href":"https:\/\/abinox-chr-clim.com\/index.php\/wp-json\/wp\/v2\/product\/67253","targetHints":{"allow":["GET"]}}],"collection":[{"href":"https:\/\/abinox-chr-clim.com\/index.php\/wp-json\/wp\/v2\/product"}],"about":[{"href":"https:\/\/abinox-chr-clim.com\/index.php\/wp-json\/wp\/v2\/types\/product"}],"replies":[{"embeddable":true,"href":"https:\/\/abinox-chr-clim.com\/index.php\/wp-json\/wp\/v2\/comments?post=67253"}],"wp:featuredmedia":[{"embeddable":true,"href":"https:\/\/abinox-chr-clim.com\/index.php\/wp-json\/wp\/v2\/media\/101239"}],"wp:attachment":[{"href":"https:\/\/abinox-chr-clim.com\/index.php\/wp-json\/wp\/v2\/media?parent=67253"}],"wp:term":[{"taxonomy":"product_brand","embeddable":true,"href":"https:\/\/abinox-chr-clim.com\/index.php\/wp-json\/wp\/v2\/product_brand?post=67253"},{"taxonomy":"product_cat","embeddable":true,"href":"https:\/\/abinox-chr-clim.com\/index.php\/wp-json\/wp\/v2\/product_cat?post=67253"},{"taxonomy":"product_tag","embeddable":true,"href":"https:\/\/abinox-chr-clim.com\/index.php\/wp-json\/wp\/v2\/product_tag?post=67253"}],"curies":[{"name":"wp","href":"https:\/\/api.w.org\/{rel}","templated":true}]}}