{"id":67252,"date":"2024-03-22T15:48:31","date_gmt":"2024-03-22T14:48:31","guid":{"rendered":"https:\/\/abinox-chr-clim.com\/index.php\/product\/fusil-diamante-victorinox-255mm\/"},"modified":"2026-04-14T08:55:55","modified_gmt":"2026-04-14T06:55:55","slug":"fusil-diamante-victorinox-255mm","status":"publish","type":"product","link":"https:\/\/abinox-chr-clim.com\/index.php\/product\/fusil-diamante-victorinox-255mm\/","title":{"rendered":"Fusil diamant\u00e9 Victorinox 255mm"},"content":{"rendered":"<p>Un tranchant parfait en quelques mouvements. La surface en micro-cristal de diamant donne de meilleurs r\u00e9sultats que les fusils traditionnels. M\u00e8che de forme ovale et manche en polypropyl\u00e8ne noir creux.<br \/>La surface avec micro cristaux de diamant donne les meilleurs r\u00e9sultats. M\u00e8che diamant\u00e9e ovale. Manche creux en polypropyl\u00e8ne noir. Manche avec anneau de suspension. La surface avec micro cristaux de diamant donne les meilleurs r\u00e9sultats.<\/p>\n<p>Caract\u00e9ristiques :<br \/> Dimensions : 25,5((L)cm.<br \/> Mati\u00e8re : Acier au diamant.<br \/> Couleur : Noir.<\/p>\n","protected":false},"excerpt":{"rendered":"<p>Fusil diamant\u00e9 Victorinox 255mm<\/p>\n","protected":false},"featured_media":101216,"comment_status":"closed","ping_status":"closed","template":"","meta":[],"product_brand":[],"product_cat":[1076,1075,1064,1297],"product_tag":[],"class_list":{"0":"post-67252","1":"product","2":"type-product","3":"status-publish","4":"has-post-thumbnail","6":"product_cat-aiguiseurs-a-couteaux","7":"product_cat-couteaux","8":"product_cat-cuisine","9":"product_cat-non-palettisable","10":"product_shipping_class-free-shipping","12":"first","13":"outofstock","14":"featured","15":"taxable","16":"shipping-taxable","17":"purchasable","18":"product-type-simple"},"_links":{"self":[{"href":"https:\/\/abinox-chr-clim.com\/index.php\/wp-json\/wp\/v2\/product\/67252","targetHints":{"allow":["GET"]}}],"collection":[{"href":"https:\/\/abinox-chr-clim.com\/index.php\/wp-json\/wp\/v2\/product"}],"about":[{"href":"https:\/\/abinox-chr-clim.com\/index.php\/wp-json\/wp\/v2\/types\/product"}],"replies":[{"embeddable":true,"href":"https:\/\/abinox-chr-clim.com\/index.php\/wp-json\/wp\/v2\/comments?post=67252"}],"wp:featuredmedia":[{"embeddable":true,"href":"https:\/\/abinox-chr-clim.com\/index.php\/wp-json\/wp\/v2\/media\/101216"}],"wp:attachment":[{"href":"https:\/\/abinox-chr-clim.com\/index.php\/wp-json\/wp\/v2\/media?parent=67252"}],"wp:term":[{"taxonomy":"product_brand","embeddable":true,"href":"https:\/\/abinox-chr-clim.com\/index.php\/wp-json\/wp\/v2\/product_brand?post=67252"},{"taxonomy":"product_cat","embeddable":true,"href":"https:\/\/abinox-chr-clim.com\/index.php\/wp-json\/wp\/v2\/product_cat?post=67252"},{"taxonomy":"product_tag","embeddable":true,"href":"https:\/\/abinox-chr-clim.com\/index.php\/wp-json\/wp\/v2\/product_tag?post=67252"}],"curies":[{"name":"wp","href":"https:\/\/api.w.org\/{rel}","templated":true}]}}