{"id":67251,"date":"2024-03-22T15:48:31","date_gmt":"2024-03-22T14:48:31","guid":{"rendered":"https:\/\/abinox-chr-clim.com\/index.php\/product\/double-pierre-a-aiguiser-vogue\/"},"modified":"2026-04-14T08:55:53","modified_gmt":"2026-04-14T06:55:53","slug":"double-pierre-a-aiguiser-vogue","status":"publish","type":"product","link":"https:\/\/abinox-chr-clim.com\/index.php\/product\/double-pierre-a-aiguiser-vogue\/","title":{"rendered":"Double pierre \u00e0 aiguiser Vogue"},"content":{"rendered":"<p>Une pierre \u00e0 aiguiser r\u00e9versible avec une finition grossi\u00e8re (400 grains) sur une face et une finition fine (1000 grains) de l&rsquo;autre. 25(H) x 75(P) x 180(L)mm.<br \/>Con\u00e7u pour aff\u00fbter les bords \u00e9mouss\u00e9s. Zone d&rsquo;aff\u00fbtage g\u00e9n\u00e9reuse de 180 x 75 mm. Facile \u00e0 utiliser. Base fournie pour am\u00e9liorer la s\u00e9curit\u00e9 du processus d&rsquo;aff\u00fbtage. Con\u00e7u pour aff\u00fbter les bords \u00e9mouss\u00e9s.<\/p>\n<p>Caract\u00e9ristiques :<br \/> Mati\u00e8re : 25(H)x 75(L)mm.<br \/> Couleur : Gris.<\/p>\n","protected":false},"excerpt":{"rendered":"<p>Double pierre \u00e0 aiguiser Vogue<\/p>\n","protected":false},"featured_media":101215,"comment_status":"closed","ping_status":"closed","template":"","meta":[],"product_brand":[],"product_cat":[1076,1075,1064,1297],"product_tag":[],"class_list":{"0":"post-67251","1":"product","2":"type-product","3":"status-publish","4":"has-post-thumbnail","6":"product_cat-aiguiseurs-a-couteaux","7":"product_cat-couteaux","8":"product_cat-cuisine","9":"product_cat-non-palettisable","10":"product_shipping_class-free-shipping","12":"first","13":"instock","14":"featured","15":"taxable","16":"shipping-taxable","17":"purchasable","18":"product-type-simple"},"_links":{"self":[{"href":"https:\/\/abinox-chr-clim.com\/index.php\/wp-json\/wp\/v2\/product\/67251","targetHints":{"allow":["GET"]}}],"collection":[{"href":"https:\/\/abinox-chr-clim.com\/index.php\/wp-json\/wp\/v2\/product"}],"about":[{"href":"https:\/\/abinox-chr-clim.com\/index.php\/wp-json\/wp\/v2\/types\/product"}],"replies":[{"embeddable":true,"href":"https:\/\/abinox-chr-clim.com\/index.php\/wp-json\/wp\/v2\/comments?post=67251"}],"wp:featuredmedia":[{"embeddable":true,"href":"https:\/\/abinox-chr-clim.com\/index.php\/wp-json\/wp\/v2\/media\/101215"}],"wp:attachment":[{"href":"https:\/\/abinox-chr-clim.com\/index.php\/wp-json\/wp\/v2\/media?parent=67251"}],"wp:term":[{"taxonomy":"product_brand","embeddable":true,"href":"https:\/\/abinox-chr-clim.com\/index.php\/wp-json\/wp\/v2\/product_brand?post=67251"},{"taxonomy":"product_cat","embeddable":true,"href":"https:\/\/abinox-chr-clim.com\/index.php\/wp-json\/wp\/v2\/product_cat?post=67251"},{"taxonomy":"product_tag","embeddable":true,"href":"https:\/\/abinox-chr-clim.com\/index.php\/wp-json\/wp\/v2\/product_tag?post=67251"}],"curies":[{"name":"wp","href":"https:\/\/api.w.org\/{rel}","templated":true}]}}