{"id":67250,"date":"2024-03-22T15:48:30","date_gmt":"2024-03-22T14:48:30","guid":{"rendered":"https:\/\/abinox-chr-clim.com\/index.php\/product\/aiguiseur-manuel-2-etapes-vogue\/"},"modified":"2026-04-14T08:55:52","modified_gmt":"2026-04-14T06:55:52","slug":"aiguiseur-manuel-2-etapes-vogue","status":"publish","type":"product","link":"https:\/\/abinox-chr-clim.com\/index.php\/product\/aiguiseur-manuel-2-etapes-vogue\/","title":{"rendered":"Aiguiseur manuel 2 \u00e9tapes Vogue"},"content":{"rendered":"<p>Une excellente alternative au fusil \u00e0 aiguiser traditionnel, cet aiguiseur manuel poss\u00e8de des lames diamant\u00e9es et en c\u00e9ramique pour assurer un tranchant parfait. Deux \u00e9tapes d&rsquo;aiguisage pour obtenir l&rsquo;\u00e9quivalent d&rsquo;une lame de rasoir. NB : Ne convient pas aux couteaux dent\u00e9s et ne passe pas au lave-vaisselle.<br \/>Lames diamant\u00e9es et c\u00e9ramiques pour donner le tranchant d&rsquo;une lame de rasoir. Roue d&rsquo;aff\u00fbtage unique. Pieds en caoutchouc antid\u00e9rapants. 2 \u00e9tapes d&rsquo;aff\u00fbtage. Lavage \u00e0 la main recommand\u00e9. \u00c9tape 1: Aff\u00fbtage grossier adapt\u00e9 aux couteaux \u00e9mouss\u00e9s. Etape 2: Aiguisage fin, une \u00e9tape n\u00e9cessaire pour \u00e9liminer les imperfections sur le couteau et obtenir un tranchant  parfait.Poign\u00e9e ergonomique pour le confort et le contr\u00f4le. Ne passe pas au lave-vaisselle. Lames diamant\u00e9es et c\u00e9ramiques pour donner le tranchant d&rsquo;une lame de rasoir.<\/p>\n<p>Caract\u00e9ristiques :<br \/> Dimensions : 66(H)x 50(L)mm.<br \/> Mati\u00e8re : Diamant\/C\u00e9ramique.<br \/> Couleur : Noir.<\/p>\n","protected":false},"excerpt":{"rendered":"<p>Aiguiseur manuel 2 \u00e9tapes Vogue<\/p>\n","protected":false},"featured_media":101214,"comment_status":"closed","ping_status":"closed","template":"","meta":[],"product_brand":[],"product_cat":[1076,1075,1064,1297],"product_tag":[],"class_list":{"0":"post-67250","1":"product","2":"type-product","3":"status-publish","4":"has-post-thumbnail","6":"product_cat-aiguiseurs-a-couteaux","7":"product_cat-couteaux","8":"product_cat-cuisine","9":"product_cat-non-palettisable","10":"product_shipping_class-free-shipping","12":"first","13":"instock","14":"featured","15":"taxable","16":"shipping-taxable","17":"purchasable","18":"product-type-simple"},"_links":{"self":[{"href":"https:\/\/abinox-chr-clim.com\/index.php\/wp-json\/wp\/v2\/product\/67250","targetHints":{"allow":["GET"]}}],"collection":[{"href":"https:\/\/abinox-chr-clim.com\/index.php\/wp-json\/wp\/v2\/product"}],"about":[{"href":"https:\/\/abinox-chr-clim.com\/index.php\/wp-json\/wp\/v2\/types\/product"}],"replies":[{"embeddable":true,"href":"https:\/\/abinox-chr-clim.com\/index.php\/wp-json\/wp\/v2\/comments?post=67250"}],"wp:featuredmedia":[{"embeddable":true,"href":"https:\/\/abinox-chr-clim.com\/index.php\/wp-json\/wp\/v2\/media\/101214"}],"wp:attachment":[{"href":"https:\/\/abinox-chr-clim.com\/index.php\/wp-json\/wp\/v2\/media?parent=67250"}],"wp:term":[{"taxonomy":"product_brand","embeddable":true,"href":"https:\/\/abinox-chr-clim.com\/index.php\/wp-json\/wp\/v2\/product_brand?post=67250"},{"taxonomy":"product_cat","embeddable":true,"href":"https:\/\/abinox-chr-clim.com\/index.php\/wp-json\/wp\/v2\/product_cat?post=67250"},{"taxonomy":"product_tag","embeddable":true,"href":"https:\/\/abinox-chr-clim.com\/index.php\/wp-json\/wp\/v2\/product_tag?post=67250"}],"curies":[{"name":"wp","href":"https:\/\/api.w.org\/{rel}","templated":true}]}}