{"id":67248,"date":"2024-03-22T15:48:30","date_gmt":"2024-03-22T14:48:30","guid":{"rendered":"https:\/\/abinox-chr-clim.com\/index.php\/product\/aiguiseur-de-couteaux-electrique-professionnel-chefschoice-1520-angleselect-noir\/"},"modified":"2026-03-10T11:23:45","modified_gmt":"2026-03-10T10:23:45","slug":"aiguiseur-de-couteaux-electrique-professionnel-chefschoice-1520-angleselect-noir","status":"publish","type":"product","link":"https:\/\/abinox-chr-clim.com\/index.php\/product\/aiguiseur-de-couteaux-electrique-professionnel-chefschoice-1520-angleselect-noir\/","title":{"rendered":"Aiguiseur de couteaux \u00e9lectrique professionnel Chef&rsquo;sChoice 1520 AngleSelect noir"},"content":{"rendered":"<p>Solution id\u00e9ale pour les couteaux de classe 15 et 20 degr\u00e9s. Compos\u00e9s \u00e0 100 % de diamants, il am\u00e9liore les performances de coupe en cr\u00e9ant 2 facettes distinctes plac\u00e9es \u00e0 diff\u00e9rents angles qui forment un bord tranchant et plus durable.<br \/>Les guides d&rsquo;angle de pr\u00e9cision garantissent un aff\u00fbtage pr\u00e9cis de la mitre \u00e0 la pointe et \u00e9liminent toute incertitude.Les couteaux de style oriental (angle de 15 degr\u00e9s) sont aff\u00fbt\u00e9s lors de la premi\u00e8re \u00e9tape, puis aff\u00fbt\u00e9s et polis lors de la troisi\u00e8me \u00e9tape.Les couteaux traditionnels de style occidental (angle de 20 degr\u00e9s) sont aff\u00fbt\u00e9s lors de la deuxi\u00e8me \u00e9tape, puis aff\u00fbt\u00e9s et polis lors de la troisi\u00e8me \u00e9tape.Utilisant des diamants, la substance naturelle la plus dure, notre acier diamant\u00e9 aff\u00fbte les bords plus rapidement et plus facilement.2 facettes distinctes plac\u00e9es \u00e0 des angles diff\u00e9rents qui forment un bord en forme d&rsquo;arc plus durable. Cr\u00e9e un bord \u00e0 double biseau tranchant et plus durable. Aff\u00fbte la plupart des couteaux droits et dent\u00e9s. Les guides d&rsquo;angle de pr\u00e9cision garantissent un aff\u00fbtage pr\u00e9cis de la mitre \u00e0 la pointe et \u00e9liminent toute incertitude.<\/p>\n<p>Caract\u00e9ristiques :<br \/> Dimensions : 108(H) x 254(L) x 108(P)mm.<\/p>\n","protected":false},"excerpt":{"rendered":"<p>Aiguiseur de couteaux \u00e9lectrique professionnel Chef&rsquo;sChoice 1520 AngleSelect noir<\/p>\n","protected":false},"featured_media":91596,"comment_status":"closed","ping_status":"closed","template":"","meta":[],"product_brand":[],"product_cat":[1076,1075,1064,1297],"product_tag":[],"class_list":{"0":"post-67248","1":"product","2":"type-product","3":"status-publish","4":"has-post-thumbnail","6":"product_cat-aiguiseurs-a-couteaux","7":"product_cat-couteaux","8":"product_cat-cuisine","9":"product_cat-non-palettisable","10":"product_shipping_class-free-shipping","12":"first","13":"outofstock","14":"featured","15":"taxable","16":"shipping-taxable","17":"purchasable","18":"product-type-simple"},"_links":{"self":[{"href":"https:\/\/abinox-chr-clim.com\/index.php\/wp-json\/wp\/v2\/product\/67248","targetHints":{"allow":["GET"]}}],"collection":[{"href":"https:\/\/abinox-chr-clim.com\/index.php\/wp-json\/wp\/v2\/product"}],"about":[{"href":"https:\/\/abinox-chr-clim.com\/index.php\/wp-json\/wp\/v2\/types\/product"}],"replies":[{"embeddable":true,"href":"https:\/\/abinox-chr-clim.com\/index.php\/wp-json\/wp\/v2\/comments?post=67248"}],"wp:featuredmedia":[{"embeddable":true,"href":"https:\/\/abinox-chr-clim.com\/index.php\/wp-json\/wp\/v2\/media\/91596"}],"wp:attachment":[{"href":"https:\/\/abinox-chr-clim.com\/index.php\/wp-json\/wp\/v2\/media?parent=67248"}],"wp:term":[{"taxonomy":"product_brand","embeddable":true,"href":"https:\/\/abinox-chr-clim.com\/index.php\/wp-json\/wp\/v2\/product_brand?post=67248"},{"taxonomy":"product_cat","embeddable":true,"href":"https:\/\/abinox-chr-clim.com\/index.php\/wp-json\/wp\/v2\/product_cat?post=67248"},{"taxonomy":"product_tag","embeddable":true,"href":"https:\/\/abinox-chr-clim.com\/index.php\/wp-json\/wp\/v2\/product_tag?post=67248"}],"curies":[{"name":"wp","href":"https:\/\/api.w.org\/{rel}","templated":true}]}}