{"id":67246,"date":"2024-03-22T15:48:29","date_gmt":"2024-03-22T14:48:29","guid":{"rendered":"https:\/\/abinox-chr-clim.com\/index.php\/product\/fusil-a-aiguiser-dick-titan-305cm\/"},"modified":"2026-04-14T08:46:53","modified_gmt":"2026-04-14T06:46:53","slug":"fusil-a-aiguiser-dick-titan-305cm","status":"publish","type":"product","link":"https:\/\/abinox-chr-clim.com\/index.php\/product\/fusil-a-aiguiser-dick-titan-305cm\/","title":{"rendered":"Fusil \u00e0 aiguiser Dick Titan 30,5cm"},"content":{"rendered":"<p>Fusil \u00e0 aiguiser \u00e0 m\u00e8che ovale tr\u00e8s dure grain fin.<br \/>Maintient le tranchant de presque toutes les lames en quelques coups. Vente restreinte du produit: Ne peut \u00eatre vendu aux personnes de moins de 18 ans. En passant une commande de ce produit, vous d\u00e9clarez que vous avez 18 ans ou plus.La conicit\u00e9 \u00e9quilibr\u00e9e vers la pointe de l&rsquo;acier offre une sensation parfaite. La poign\u00e9e confortable et facile \u00e0 saisir vous permet de garder le contr\u00f4le pour un aff\u00fbtage plus s\u00fbr. Le crochet \u00e0 l&rsquo;extr\u00e9mit\u00e9 de la poign\u00e9e vous permet de gagner de l&rsquo;espace de rangement en le suspendant. Redonne aux lames leur \u00e9clat d&rsquo;antan pour une performance de coupe continue. Le rev\u00eatement diamant\u00e9 super r\u00e9sistant est trois fois plus dur qu&rsquo;un acier standard. La lame ovale \u00e0 rev\u00eatement r\u00e9sistant durera beaucoup plus longtemps dans une cuisine commerciale. Maintient le tranchant de presque toutes les lames en quelques coups.<\/p>\n<p>Caract\u00e9ristiques :<br \/> Dimensions : 30,5cm.<br \/> Mati\u00e8re : Acier au diamant.<br \/> Couleur : Noir.<\/p>\n","protected":false},"excerpt":{"rendered":"<p>Fusil \u00e0 aiguiser Dick Titan 30,5cm<\/p>\n","protected":false},"featured_media":89448,"comment_status":"closed","ping_status":"closed","template":"","meta":[],"product_brand":[],"product_cat":[1076,1075,1064,1297],"product_tag":[],"class_list":{"0":"post-67246","1":"product","2":"type-product","3":"status-publish","4":"has-post-thumbnail","6":"product_cat-aiguiseurs-a-couteaux","7":"product_cat-couteaux","8":"product_cat-cuisine","9":"product_cat-non-palettisable","10":"product_shipping_class-free-shipping","12":"first","13":"instock","14":"featured","15":"taxable","16":"shipping-taxable","17":"purchasable","18":"product-type-simple"},"_links":{"self":[{"href":"https:\/\/abinox-chr-clim.com\/index.php\/wp-json\/wp\/v2\/product\/67246","targetHints":{"allow":["GET"]}}],"collection":[{"href":"https:\/\/abinox-chr-clim.com\/index.php\/wp-json\/wp\/v2\/product"}],"about":[{"href":"https:\/\/abinox-chr-clim.com\/index.php\/wp-json\/wp\/v2\/types\/product"}],"replies":[{"embeddable":true,"href":"https:\/\/abinox-chr-clim.com\/index.php\/wp-json\/wp\/v2\/comments?post=67246"}],"wp:featuredmedia":[{"embeddable":true,"href":"https:\/\/abinox-chr-clim.com\/index.php\/wp-json\/wp\/v2\/media\/89448"}],"wp:attachment":[{"href":"https:\/\/abinox-chr-clim.com\/index.php\/wp-json\/wp\/v2\/media?parent=67246"}],"wp:term":[{"taxonomy":"product_brand","embeddable":true,"href":"https:\/\/abinox-chr-clim.com\/index.php\/wp-json\/wp\/v2\/product_brand?post=67246"},{"taxonomy":"product_cat","embeddable":true,"href":"https:\/\/abinox-chr-clim.com\/index.php\/wp-json\/wp\/v2\/product_cat?post=67246"},{"taxonomy":"product_tag","embeddable":true,"href":"https:\/\/abinox-chr-clim.com\/index.php\/wp-json\/wp\/v2\/product_tag?post=67246"}],"curies":[{"name":"wp","href":"https:\/\/api.w.org\/{rel}","templated":true}]}}