{"id":67245,"date":"2024-03-22T15:48:29","date_gmt":"2024-03-22T14:48:29","guid":{"rendered":"https:\/\/abinox-chr-clim.com\/index.php\/product\/fusil-a-aiguiser-diamante-dick-25cm\/"},"modified":"2026-04-14T09:43:23","modified_gmt":"2026-04-14T07:43:23","slug":"fusil-a-aiguiser-diamante-dick-25cm","status":"publish","type":"product","link":"https:\/\/abinox-chr-clim.com\/index.php\/product\/fusil-a-aiguiser-diamante-dick-25cm\/","title":{"rendered":"Fusil \u00e0 aiguiser diamant\u00e9 Dick 25cm"},"content":{"rendered":"<p>Fusil avec lame diamant\u00e9e ovale pour produire un tranchant parfait. Cet acier est hautement abrasif et parfait pour un usage quotidien. Manche en polypropyl\u00e8ne.<br \/>Acier d&rsquo;aff\u00fbtage \u00e0\u00a0 coupe r\u00e9guli\u00e8re avec lame diamant ovale pour produire un tranchant parfait. Cet acier est tr\u00e8s abrasif et parfait pour un usage quotidien, lorsque seul l&rsquo;ustensile le plus pointu peut faire l&rsquo;affaire. Acier \u00e0\u00a0 aiguiser \u00e0\u00a0 haute abrasion et \u00e0\u00a0 coupe fine pour des r\u00e9sultats tr\u00e8s pr\u00e9cis. Surface r\u00e9sistante \u00e0\u00a0 l&rsquo;usure avec noyau incassable. Le chromage dur offre une protection efficace de la surface. C\u00f4ne \u00e9quilibr\u00e9 vers la pointe de l&rsquo;acier. Code couleur pour une identification facile. Le manche comporte un anneau pour faciliter le rangement.Acier d&rsquo;aff\u00fbtage \u00e0\u00a0 coupe r\u00e9guli\u00e8re avec lame diamant ovale pour produire un tranchant parfait. Cet acier est tr\u00e8s abrasif et parfait pour un usage quotidien, lorsque seul l&rsquo;ustensile le plus pointu peut faire l&rsquo;affaire.<\/p>\n<p>Caract\u00e9ristiques :<br \/> Dimensions : 25cm.<br \/> Mati\u00e8re : Acier au diamant.<br \/> Couleur : Noir.<\/p>\n","protected":false},"excerpt":{"rendered":"<p>Fusil \u00e0 aiguiser diamant\u00e9 Dick 25cm<\/p>\n","protected":false},"featured_media":89468,"comment_status":"closed","ping_status":"closed","template":"","meta":[],"product_brand":[],"product_cat":[1076,1075,1064,1297],"product_tag":[],"class_list":{"0":"post-67245","1":"product","2":"type-product","3":"status-publish","4":"has-post-thumbnail","6":"product_cat-aiguiseurs-a-couteaux","7":"product_cat-couteaux","8":"product_cat-cuisine","9":"product_cat-non-palettisable","10":"product_shipping_class-free-shipping","12":"first","13":"instock","14":"featured","15":"taxable","16":"shipping-taxable","17":"purchasable","18":"product-type-simple"},"_links":{"self":[{"href":"https:\/\/abinox-chr-clim.com\/index.php\/wp-json\/wp\/v2\/product\/67245","targetHints":{"allow":["GET"]}}],"collection":[{"href":"https:\/\/abinox-chr-clim.com\/index.php\/wp-json\/wp\/v2\/product"}],"about":[{"href":"https:\/\/abinox-chr-clim.com\/index.php\/wp-json\/wp\/v2\/types\/product"}],"replies":[{"embeddable":true,"href":"https:\/\/abinox-chr-clim.com\/index.php\/wp-json\/wp\/v2\/comments?post=67245"}],"wp:featuredmedia":[{"embeddable":true,"href":"https:\/\/abinox-chr-clim.com\/index.php\/wp-json\/wp\/v2\/media\/89468"}],"wp:attachment":[{"href":"https:\/\/abinox-chr-clim.com\/index.php\/wp-json\/wp\/v2\/media?parent=67245"}],"wp:term":[{"taxonomy":"product_brand","embeddable":true,"href":"https:\/\/abinox-chr-clim.com\/index.php\/wp-json\/wp\/v2\/product_brand?post=67245"},{"taxonomy":"product_cat","embeddable":true,"href":"https:\/\/abinox-chr-clim.com\/index.php\/wp-json\/wp\/v2\/product_cat?post=67245"},{"taxonomy":"product_tag","embeddable":true,"href":"https:\/\/abinox-chr-clim.com\/index.php\/wp-json\/wp\/v2\/product_tag?post=67245"}],"curies":[{"name":"wp","href":"https:\/\/api.w.org\/{rel}","templated":true}]}}