{"id":67244,"date":"2024-03-22T15:48:28","date_gmt":"2024-03-22T14:48:28","guid":{"rendered":"https:\/\/abinox-chr-clim.com\/index.php\/product\/aiguiseur-electrique-rs75-dick\/"},"modified":"2026-04-14T08:46:41","modified_gmt":"2026-04-14T06:46:41","slug":"aiguiseur-electrique-rs75-dick","status":"publish","type":"product","link":"https:\/\/abinox-chr-clim.com\/index.php\/product\/aiguiseur-electrique-rs75-dick\/","title":{"rendered":"Aiguiseur \u00e9lectrique RS75 Dick"},"content":{"rendered":"<p>Un petit aiguiseur \u00e9lectrique id\u00e9al pour tous les \u00e9tablissements de restauration. Aff\u00fbtage de qualit\u00e9 tout en pr\u00e9servant la lame du couteau. Facile \u00e0 utiliser, rapide, s\u00fbre et efficace gr\u00e2ce \u00e0 ses roulements abrasifs diamant\u00e9s r\u00e9sistants.<br \/>Un moyen rapide et s\u00fbr d&rsquo;aiguiser tous vos couteaux de cuisine \u00e0 tranchant lisse. Vente restreinte du produit: Ne peut \u00eatre vendu aux personnes de moins de 18 ans. En passant une commande de ce produit, vous d\u00e9clarez que vous avez 18 ans ou plus.Une option compacte pour les petites cuisines ou les \u00e9tablissements de restauration disposant d&rsquo;un espace limit\u00e9. Il suffit de le brancher sur une prise murale standard pour l&rsquo;utiliser instantan\u00e9ment n&rsquo;importe o\u00f9. Un simple interrupteur ON\/OFF sur le c\u00f4t\u00e9 garantit une utilisation on ne peut plus simple. Les meules diamant\u00e9es r\u00e9sistantes permettent d&rsquo;aff\u00fbter efficacement les couteaux tout en r\u00e9duisant leur usure. La conception s\u00fbre permet de garder les mains \u00e0 l&rsquo;\u00e9cart des meules d&rsquo;aff\u00fbtage et de la lame. R\u00e9f\u00e9rence soumise \u00e0 une Eco-participation DEEE de 0,21\u20ac par unit\u00e9 vendue. Un moyen rapide et s\u00fbr d&rsquo;aiguiser tous vos couteaux de cuisine \u00e0 tranchant lisse.<\/p>\n<p>Caract\u00e9ristiques :<br \/> Dimensions : 230(H) x 160(L) x 160(P)mm.<br \/> Mati\u00e8re : .<br \/> Voltage : 220-240V.<br \/> Couleur : Rouge.<\/p>\n","protected":false},"excerpt":{"rendered":"<p>Aiguiseur \u00e9lectrique RS75 Dick<\/p>\n","protected":false},"featured_media":89475,"comment_status":"closed","ping_status":"closed","template":"","meta":[],"product_brand":[],"product_cat":[1076,1075,1064,1297],"product_tag":[],"class_list":{"0":"post-67244","1":"product","2":"type-product","3":"status-publish","4":"has-post-thumbnail","6":"product_cat-aiguiseurs-a-couteaux","7":"product_cat-couteaux","8":"product_cat-cuisine","9":"product_cat-non-palettisable","10":"product_shipping_class-free-shipping","12":"first","13":"instock","14":"featured","15":"taxable","16":"shipping-taxable","17":"purchasable","18":"product-type-simple"},"_links":{"self":[{"href":"https:\/\/abinox-chr-clim.com\/index.php\/wp-json\/wp\/v2\/product\/67244","targetHints":{"allow":["GET"]}}],"collection":[{"href":"https:\/\/abinox-chr-clim.com\/index.php\/wp-json\/wp\/v2\/product"}],"about":[{"href":"https:\/\/abinox-chr-clim.com\/index.php\/wp-json\/wp\/v2\/types\/product"}],"replies":[{"embeddable":true,"href":"https:\/\/abinox-chr-clim.com\/index.php\/wp-json\/wp\/v2\/comments?post=67244"}],"wp:featuredmedia":[{"embeddable":true,"href":"https:\/\/abinox-chr-clim.com\/index.php\/wp-json\/wp\/v2\/media\/89475"}],"wp:attachment":[{"href":"https:\/\/abinox-chr-clim.com\/index.php\/wp-json\/wp\/v2\/media?parent=67244"}],"wp:term":[{"taxonomy":"product_brand","embeddable":true,"href":"https:\/\/abinox-chr-clim.com\/index.php\/wp-json\/wp\/v2\/product_brand?post=67244"},{"taxonomy":"product_cat","embeddable":true,"href":"https:\/\/abinox-chr-clim.com\/index.php\/wp-json\/wp\/v2\/product_cat?post=67244"},{"taxonomy":"product_tag","embeddable":true,"href":"https:\/\/abinox-chr-clim.com\/index.php\/wp-json\/wp\/v2\/product_tag?post=67244"}],"curies":[{"name":"wp","href":"https:\/\/api.w.org\/{rel}","templated":true}]}}