{"id":67243,"date":"2024-03-22T15:48:28","date_gmt":"2024-03-22T14:48:28","guid":{"rendered":"https:\/\/abinox-chr-clim.com\/index.php\/product\/aiguiseur-dick-rapid-steel-action-avec-socle\/"},"modified":"2026-04-14T08:46:39","modified_gmt":"2026-04-14T06:46:39","slug":"aiguiseur-dick-rapid-steel-action-avec-socle","status":"publish","type":"product","link":"https:\/\/abinox-chr-clim.com\/index.php\/product\/aiguiseur-dick-rapid-steel-action-avec-socle\/","title":{"rendered":"Aiguiseur Dick Rapid Steel Action avec socle"},"content":{"rendered":"<p>Tiges d&rsquo;aff\u00fbtage en acier inoxydable avec rev\u00eatement sp\u00e9cial. Faciles \u00e0 utiliser gr\u00e2ce \u00e0 leur ergonomie r\u00e9duisant les risques de blessures.<br \/>. Vente restreinte du produit: Ne peut \u00eatre vendu aux personnes de moins de 18 ans. En passant une commande de ce produit, vous d\u00e9clarez que vous avez 18 ans ou plus. .<br \/> Caract\u00e9ristiques :<br \/> Dimensions : 520(h) x 50(l) x 35(p)mm.<br \/> Mati\u00e8re : Fabrication allemande.<br \/> Couleur : Noir.<\/p>\n","protected":false},"excerpt":{"rendered":"<p>Aiguiseur Dick Rapid Steel Action avec socle<\/p>\n","protected":false},"featured_media":89484,"comment_status":"closed","ping_status":"closed","template":"","meta":[],"product_brand":[],"product_cat":[1076,1075,1064,1297],"product_tag":[],"class_list":{"0":"post-67243","1":"product","2":"type-product","3":"status-publish","4":"has-post-thumbnail","6":"product_cat-aiguiseurs-a-couteaux","7":"product_cat-couteaux","8":"product_cat-cuisine","9":"product_cat-non-palettisable","10":"product_shipping_class-free-shipping","12":"first","13":"instock","14":"featured","15":"taxable","16":"shipping-taxable","17":"purchasable","18":"product-type-simple"},"_links":{"self":[{"href":"https:\/\/abinox-chr-clim.com\/index.php\/wp-json\/wp\/v2\/product\/67243","targetHints":{"allow":["GET"]}}],"collection":[{"href":"https:\/\/abinox-chr-clim.com\/index.php\/wp-json\/wp\/v2\/product"}],"about":[{"href":"https:\/\/abinox-chr-clim.com\/index.php\/wp-json\/wp\/v2\/types\/product"}],"replies":[{"embeddable":true,"href":"https:\/\/abinox-chr-clim.com\/index.php\/wp-json\/wp\/v2\/comments?post=67243"}],"wp:featuredmedia":[{"embeddable":true,"href":"https:\/\/abinox-chr-clim.com\/index.php\/wp-json\/wp\/v2\/media\/89484"}],"wp:attachment":[{"href":"https:\/\/abinox-chr-clim.com\/index.php\/wp-json\/wp\/v2\/media?parent=67243"}],"wp:term":[{"taxonomy":"product_brand","embeddable":true,"href":"https:\/\/abinox-chr-clim.com\/index.php\/wp-json\/wp\/v2\/product_brand?post=67243"},{"taxonomy":"product_cat","embeddable":true,"href":"https:\/\/abinox-chr-clim.com\/index.php\/wp-json\/wp\/v2\/product_cat?post=67243"},{"taxonomy":"product_tag","embeddable":true,"href":"https:\/\/abinox-chr-clim.com\/index.php\/wp-json\/wp\/v2\/product_tag?post=67243"}],"curies":[{"name":"wp","href":"https:\/\/api.w.org\/{rel}","templated":true}]}}