{"id":67242,"date":"2024-03-22T15:48:28","date_gmt":"2024-03-22T14:48:28","guid":{"rendered":"https:\/\/abinox-chr-clim.com\/index.php\/product\/fusil-a-aiguiser-dick-dickoron-305mm-rouge\/"},"modified":"2026-04-14T08:46:38","modified_gmt":"2026-04-14T06:46:38","slug":"fusil-a-aiguiser-dick-dickoron-305mm-rouge","status":"publish","type":"product","link":"https:\/\/abinox-chr-clim.com\/index.php\/product\/fusil-a-aiguiser-dick-dickoron-305mm-rouge\/","title":{"rendered":"Fusil \u00e0 aiguiser Dick Dickoron 305mm rouge"},"content":{"rendered":"<p>Plebiscit\u00e9s par les chefs et bouchers, les fusils \u00e0 aiguiser Dickoron offrent un tranchant professionnel. De forme ovale pour une utilisation longue dur\u00e9e et r\u00e9sistants \u00e0 l&rsquo;usure avec un manche ergonomique permettant une utilisation facile et rapide.<br \/>M\u00e8che \u00e9quilibr\u00e9e de la base \u00e0 la pointe du fusil.Mati\u00e8re r\u00e9sistante \u00e0 l&rsquo;usure avec noyau dur anti-\u00e9clats.Surface prot\u00e9g\u00e9e efficacement par un rev\u00eatement en chrome dur. Vente restreinte du produit: Ne peut \u00eatre vendu aux personnes de moins de 18 ans. En passant une commande de ce produit, vous d\u00e9clarez que vous avez 18 ans ou plus. .M\u00e8che \u00e9quilibr\u00e9e de la base \u00e0 la pointe du fusil. .<br \/> Caract\u00e9ristiques :<br \/> Dimensions : 30cm.<br \/> Mati\u00e8re : Fabrication allemande.<br \/> Couleur : Rouge.<\/p>\n","protected":false},"excerpt":{"rendered":"<p>Fusil \u00e0 aiguiser Dick Dickoron 305mm rouge<\/p>\n","protected":false},"featured_media":89493,"comment_status":"closed","ping_status":"closed","template":"","meta":[],"product_brand":[],"product_cat":[1076,1075,1064,1297],"product_tag":[],"class_list":{"0":"post-67242","1":"product","2":"type-product","3":"status-publish","4":"has-post-thumbnail","6":"product_cat-aiguiseurs-a-couteaux","7":"product_cat-couteaux","8":"product_cat-cuisine","9":"product_cat-non-palettisable","10":"product_shipping_class-free-shipping","12":"first","13":"instock","14":"featured","15":"taxable","16":"shipping-taxable","17":"purchasable","18":"product-type-simple"},"_links":{"self":[{"href":"https:\/\/abinox-chr-clim.com\/index.php\/wp-json\/wp\/v2\/product\/67242","targetHints":{"allow":["GET"]}}],"collection":[{"href":"https:\/\/abinox-chr-clim.com\/index.php\/wp-json\/wp\/v2\/product"}],"about":[{"href":"https:\/\/abinox-chr-clim.com\/index.php\/wp-json\/wp\/v2\/types\/product"}],"replies":[{"embeddable":true,"href":"https:\/\/abinox-chr-clim.com\/index.php\/wp-json\/wp\/v2\/comments?post=67242"}],"wp:featuredmedia":[{"embeddable":true,"href":"https:\/\/abinox-chr-clim.com\/index.php\/wp-json\/wp\/v2\/media\/89493"}],"wp:attachment":[{"href":"https:\/\/abinox-chr-clim.com\/index.php\/wp-json\/wp\/v2\/media?parent=67242"}],"wp:term":[{"taxonomy":"product_brand","embeddable":true,"href":"https:\/\/abinox-chr-clim.com\/index.php\/wp-json\/wp\/v2\/product_brand?post=67242"},{"taxonomy":"product_cat","embeddable":true,"href":"https:\/\/abinox-chr-clim.com\/index.php\/wp-json\/wp\/v2\/product_cat?post=67242"},{"taxonomy":"product_tag","embeddable":true,"href":"https:\/\/abinox-chr-clim.com\/index.php\/wp-json\/wp\/v2\/product_tag?post=67242"}],"curies":[{"name":"wp","href":"https:\/\/api.w.org\/{rel}","templated":true}]}}