{"id":67241,"date":"2024-03-22T15:48:27","date_gmt":"2024-03-22T14:48:27","guid":{"rendered":"https:\/\/abinox-chr-clim.com\/index.php\/product\/fusil-a-grain-fin-hygiplas-230mm\/"},"modified":"2026-04-14T08:45:24","modified_gmt":"2026-04-14T06:45:24","slug":"fusil-a-grain-fin-hygiplas-230mm","status":"publish","type":"product","link":"https:\/\/abinox-chr-clim.com\/index.php\/product\/fusil-a-grain-fin-hygiplas-230mm\/","title":{"rendered":"Fusil \u00e0 grain fin Hygiplas 230mm"},"content":{"rendered":"<p>.Fusil \u00e0 grain fin avec lame ronde pour aff\u00fbter rapidement les lames de couteaux les plus \u00e9mouss\u00e9es.  .<\/p>\n<p>Caract\u00e9ristiques :<br \/> Dimensions : 23cm.<br \/> Mati\u00e8re : Fusil<\/p>\n","protected":false},"excerpt":{"rendered":"<p>Fusil \u00e0 grain fin Hygiplas 230mm<\/p>\n","protected":false},"featured_media":88040,"comment_status":"closed","ping_status":"closed","template":"","meta":[],"product_brand":[],"product_cat":[1076,1075,1064,1297],"product_tag":[],"class_list":{"0":"post-67241","1":"product","2":"type-product","3":"status-publish","4":"has-post-thumbnail","6":"product_cat-aiguiseurs-a-couteaux","7":"product_cat-couteaux","8":"product_cat-cuisine","9":"product_cat-non-palettisable","10":"product_shipping_class-free-shipping","12":"first","13":"instock","14":"featured","15":"taxable","16":"shipping-taxable","17":"purchasable","18":"product-type-simple"},"_links":{"self":[{"href":"https:\/\/abinox-chr-clim.com\/index.php\/wp-json\/wp\/v2\/product\/67241","targetHints":{"allow":["GET"]}}],"collection":[{"href":"https:\/\/abinox-chr-clim.com\/index.php\/wp-json\/wp\/v2\/product"}],"about":[{"href":"https:\/\/abinox-chr-clim.com\/index.php\/wp-json\/wp\/v2\/types\/product"}],"replies":[{"embeddable":true,"href":"https:\/\/abinox-chr-clim.com\/index.php\/wp-json\/wp\/v2\/comments?post=67241"}],"wp:featuredmedia":[{"embeddable":true,"href":"https:\/\/abinox-chr-clim.com\/index.php\/wp-json\/wp\/v2\/media\/88040"}],"wp:attachment":[{"href":"https:\/\/abinox-chr-clim.com\/index.php\/wp-json\/wp\/v2\/media?parent=67241"}],"wp:term":[{"taxonomy":"product_brand","embeddable":true,"href":"https:\/\/abinox-chr-clim.com\/index.php\/wp-json\/wp\/v2\/product_brand?post=67241"},{"taxonomy":"product_cat","embeddable":true,"href":"https:\/\/abinox-chr-clim.com\/index.php\/wp-json\/wp\/v2\/product_cat?post=67241"},{"taxonomy":"product_tag","embeddable":true,"href":"https:\/\/abinox-chr-clim.com\/index.php\/wp-json\/wp\/v2\/product_tag?post=67241"}],"curies":[{"name":"wp","href":"https:\/\/api.w.org\/{rel}","templated":true}]}}