{"id":67240,"date":"2024-03-22T15:48:27","date_gmt":"2024-03-22T14:48:27","guid":{"rendered":"https:\/\/abinox-chr-clim.com\/index.php\/product\/fusil-diamante-vogue-305mm\/"},"modified":"2026-04-14T08:43:59","modified_gmt":"2026-04-14T06:43:59","slug":"fusil-diamante-vogue-305mm","status":"publish","type":"product","link":"https:\/\/abinox-chr-clim.com\/index.php\/product\/fusil-diamante-vogue-305mm\/","title":{"rendered":"Fusil diamant\u00e9 Vogue 305mm"},"content":{"rendered":"<p>Un tranchant parfait en quelques mouvements. La surface en micro-cristal de diamant donne de meilleurs r\u00e9sultats que les fusils traditionnels.<br \/>Surface en micro-cristal de diamant, permet de garantir un aiguisage de qualit\u00e9 bien sup\u00e9rieure aux fusils traditionnels.Aff\u00fbte les lames sans effort, en quelques mouvements seulement. Garde les couteaux en excellent \u00e9tat pour augmenter leurs performances et leur fiabilit\u00e9. La poign\u00e9e est ergonomique pour une prise en main confortable et sans risque. Le crochet permet d&rsquo;optimiser votre espace de garder l&rsquo;acier \u00e0 port\u00e9e de main.  Surface en micro-cristal de diamant, permet de garantir un aiguisage de qualit\u00e9 bien sup\u00e9rieure aux fusils traditionnels. .<br \/> Caract\u00e9ristiques :<br \/> Dimensions : 30,5cm.<br \/> Mati\u00e8re : Acier au diamant.<br \/> Couleur : Noir.<\/p>\n","protected":false},"excerpt":{"rendered":"<p>Fusil diamant\u00e9 Vogue 305mm<\/p>\n","protected":false},"featured_media":88440,"comment_status":"closed","ping_status":"closed","template":"","meta":[],"product_brand":[],"product_cat":[1076,1075,1064,1297],"product_tag":[],"class_list":{"0":"post-67240","1":"product","2":"type-product","3":"status-publish","4":"has-post-thumbnail","6":"product_cat-aiguiseurs-a-couteaux","7":"product_cat-couteaux","8":"product_cat-cuisine","9":"product_cat-non-palettisable","10":"product_shipping_class-free-shipping","12":"first","13":"instock","14":"featured","15":"taxable","16":"shipping-taxable","17":"purchasable","18":"product-type-simple"},"_links":{"self":[{"href":"https:\/\/abinox-chr-clim.com\/index.php\/wp-json\/wp\/v2\/product\/67240","targetHints":{"allow":["GET"]}}],"collection":[{"href":"https:\/\/abinox-chr-clim.com\/index.php\/wp-json\/wp\/v2\/product"}],"about":[{"href":"https:\/\/abinox-chr-clim.com\/index.php\/wp-json\/wp\/v2\/types\/product"}],"replies":[{"embeddable":true,"href":"https:\/\/abinox-chr-clim.com\/index.php\/wp-json\/wp\/v2\/comments?post=67240"}],"wp:featuredmedia":[{"embeddable":true,"href":"https:\/\/abinox-chr-clim.com\/index.php\/wp-json\/wp\/v2\/media\/88440"}],"wp:attachment":[{"href":"https:\/\/abinox-chr-clim.com\/index.php\/wp-json\/wp\/v2\/media?parent=67240"}],"wp:term":[{"taxonomy":"product_brand","embeddable":true,"href":"https:\/\/abinox-chr-clim.com\/index.php\/wp-json\/wp\/v2\/product_brand?post=67240"},{"taxonomy":"product_cat","embeddable":true,"href":"https:\/\/abinox-chr-clim.com\/index.php\/wp-json\/wp\/v2\/product_cat?post=67240"},{"taxonomy":"product_tag","embeddable":true,"href":"https:\/\/abinox-chr-clim.com\/index.php\/wp-json\/wp\/v2\/product_tag?post=67240"}],"curies":[{"name":"wp","href":"https:\/\/api.w.org\/{rel}","templated":true}]}}