{"id":67238,"date":"2024-03-22T15:48:26","date_gmt":"2024-03-22T14:48:26","guid":{"rendered":"https:\/\/abinox-chr-clim.com\/index.php\/product\/aiguiseur-electrique-chefs-choice\/"},"modified":"2026-04-14T09:29:56","modified_gmt":"2026-04-14T07:29:56","slug":"aiguiseur-electrique-chefs-choice","status":"publish","type":"product","link":"https:\/\/abinox-chr-clim.com\/index.php\/product\/aiguiseur-electrique-chefs-choice\/","title":{"rendered":"Aiguiseur \u00e9lectrique Chef&rsquo;s Choice"},"content":{"rendered":"<p>Id\u00e9al pour les petits \u00e9tablissements, il fournit un excellent rapport qualit\u00e9\/prix et des r\u00e9sultats rapides. Un guide magn\u00e9tique maintient la lame en place.<br \/>Support magn\u00e9tique, permet de maintenir les couteaux en position. .R\u00e9f\u00e9rence soumise \u00e0 une Eco-participation DEEE de 0,09\u20ac par unit\u00e9 vendue. Support magn\u00e9tique, permet de maintenir les couteaux en position. .<br \/> Caract\u00e9ristiques :<br \/> Dimensions : 90(H)x 220(L)x 110(P)mm.<br \/> Mati\u00e8re : .<br \/> Couleur : Blanc.<\/p>\n","protected":false},"excerpt":{"rendered":"<p>Aiguiseur \u00e9lectrique Chef&rsquo;s Choice<\/p>\n","protected":false},"featured_media":88455,"comment_status":"closed","ping_status":"closed","template":"","meta":[],"product_brand":[],"product_cat":[1076,1075,1064,1297],"product_tag":[],"class_list":{"0":"post-67238","1":"product","2":"type-product","3":"status-publish","4":"has-post-thumbnail","6":"product_cat-aiguiseurs-a-couteaux","7":"product_cat-couteaux","8":"product_cat-cuisine","9":"product_cat-non-palettisable","10":"product_shipping_class-free-shipping","12":"first","13":"outofstock","14":"featured","15":"taxable","16":"shipping-taxable","17":"purchasable","18":"product-type-simple"},"_links":{"self":[{"href":"https:\/\/abinox-chr-clim.com\/index.php\/wp-json\/wp\/v2\/product\/67238","targetHints":{"allow":["GET"]}}],"collection":[{"href":"https:\/\/abinox-chr-clim.com\/index.php\/wp-json\/wp\/v2\/product"}],"about":[{"href":"https:\/\/abinox-chr-clim.com\/index.php\/wp-json\/wp\/v2\/types\/product"}],"replies":[{"embeddable":true,"href":"https:\/\/abinox-chr-clim.com\/index.php\/wp-json\/wp\/v2\/comments?post=67238"}],"wp:featuredmedia":[{"embeddable":true,"href":"https:\/\/abinox-chr-clim.com\/index.php\/wp-json\/wp\/v2\/media\/88455"}],"wp:attachment":[{"href":"https:\/\/abinox-chr-clim.com\/index.php\/wp-json\/wp\/v2\/media?parent=67238"}],"wp:term":[{"taxonomy":"product_brand","embeddable":true,"href":"https:\/\/abinox-chr-clim.com\/index.php\/wp-json\/wp\/v2\/product_brand?post=67238"},{"taxonomy":"product_cat","embeddable":true,"href":"https:\/\/abinox-chr-clim.com\/index.php\/wp-json\/wp\/v2\/product_cat?post=67238"},{"taxonomy":"product_tag","embeddable":true,"href":"https:\/\/abinox-chr-clim.com\/index.php\/wp-json\/wp\/v2\/product_tag?post=67238"}],"curies":[{"name":"wp","href":"https:\/\/api.w.org\/{rel}","templated":true}]}}