{"id":67237,"date":"2024-03-22T15:48:26","date_gmt":"2024-03-22T14:48:26","guid":{"rendered":"https:\/\/abinox-chr-clim.com\/index.php\/product\/aiguiseur-a-couteau-chantry\/"},"modified":"2026-04-14T08:43:55","modified_gmt":"2026-04-14T06:43:55","slug":"aiguiseur-a-couteau-chantry","status":"publish","type":"product","link":"https:\/\/abinox-chr-clim.com\/index.php\/product\/aiguiseur-a-couteau-chantry\/","title":{"rendered":"Aiguiseur \u00e0 couteau Chantry"},"content":{"rendered":"<p>Le c\u00e9l\u00e8bre aiguiseur Chantry comprend deux petites pierres \u00e0 aiguiser de haute qualit\u00e9, pr\u00e9r\u00e9gl\u00e9es pour obtenir un angle de lame optimal et mont\u00e9es sur ressort pour ne pas endommager les couteaux. Passez la lame entre les pierres quatre ou cinq fois pour l&rsquo;aiguiser.<br \/>Deux petites lames sont pr\u00e9r\u00e9gl\u00e9es \u00e0 un angle optimal pour obtenir les r\u00e9sultats les plus nets.Aff\u00fbte les lames en quelques secondes avec seulement 4 \u00e0 5 passages sans effort entre les lames.Les tiges d&rsquo;acier \u00e0 ressort exercent une pression optimale sans endommager les lames.Les aciers int\u00e9rieurs peuvent \u00eatre facilement remplac\u00e9s au besoin pour prolonger la dur\u00e9e de vie de l&rsquo;aiguiseur.Con\u00e7u pour recr\u00e9er l&rsquo;action d&rsquo;une lame de boucher dans un design compact. Les aciers int\u00e9rieurs rempla\u00e7ables contribuent \u00e0 prolonger la dur\u00e9e de vie de l&rsquo;aiguiseur. Deux petites lames sont pr\u00e9r\u00e9gl\u00e9es \u00e0 un angle optimal pour obtenir les r\u00e9sultats les plus nets. .<br \/> Caract\u00e9ristiques :<br \/> Mati\u00e8re : Acier.<br \/> Couleur : Blanc.<\/p>\n","protected":false},"excerpt":{"rendered":"<p>Aiguiseur \u00e0 couteau Chantry<\/p>\n","protected":false},"featured_media":88461,"comment_status":"closed","ping_status":"closed","template":"","meta":[],"product_brand":[],"product_cat":[1076,1075,1064,1297],"product_tag":[],"class_list":{"0":"post-67237","1":"product","2":"type-product","3":"status-publish","4":"has-post-thumbnail","6":"product_cat-aiguiseurs-a-couteaux","7":"product_cat-couteaux","8":"product_cat-cuisine","9":"product_cat-non-palettisable","10":"product_shipping_class-free-shipping","12":"first","13":"instock","14":"featured","15":"taxable","16":"shipping-taxable","17":"purchasable","18":"product-type-simple"},"_links":{"self":[{"href":"https:\/\/abinox-chr-clim.com\/index.php\/wp-json\/wp\/v2\/product\/67237","targetHints":{"allow":["GET"]}}],"collection":[{"href":"https:\/\/abinox-chr-clim.com\/index.php\/wp-json\/wp\/v2\/product"}],"about":[{"href":"https:\/\/abinox-chr-clim.com\/index.php\/wp-json\/wp\/v2\/types\/product"}],"replies":[{"embeddable":true,"href":"https:\/\/abinox-chr-clim.com\/index.php\/wp-json\/wp\/v2\/comments?post=67237"}],"wp:featuredmedia":[{"embeddable":true,"href":"https:\/\/abinox-chr-clim.com\/index.php\/wp-json\/wp\/v2\/media\/88461"}],"wp:attachment":[{"href":"https:\/\/abinox-chr-clim.com\/index.php\/wp-json\/wp\/v2\/media?parent=67237"}],"wp:term":[{"taxonomy":"product_brand","embeddable":true,"href":"https:\/\/abinox-chr-clim.com\/index.php\/wp-json\/wp\/v2\/product_brand?post=67237"},{"taxonomy":"product_cat","embeddable":true,"href":"https:\/\/abinox-chr-clim.com\/index.php\/wp-json\/wp\/v2\/product_cat?post=67237"},{"taxonomy":"product_tag","embeddable":true,"href":"https:\/\/abinox-chr-clim.com\/index.php\/wp-json\/wp\/v2\/product_tag?post=67237"}],"curies":[{"name":"wp","href":"https:\/\/api.w.org\/{rel}","templated":true}]}}