{"id":67236,"date":"2024-03-22T15:48:26","date_gmt":"2024-03-22T14:48:26","guid":{"rendered":"https:\/\/abinox-chr-clim.com\/index.php\/product\/fusil-victorinox-255mm\/"},"modified":"2026-04-14T08:43:54","modified_gmt":"2026-04-14T06:43:54","slug":"fusil-victorinox-255mm","status":"publish","type":"product","link":"https:\/\/abinox-chr-clim.com\/index.php\/product\/fusil-victorinox-255mm\/","title":{"rendered":"Fusil Victorinox 255mm"},"content":{"rendered":"<p>Fusil \u00e0 aiguiser professionnel qualit\u00e9 suisse avec manche noir en polypropyl\u00e8ne (non lavable au lave-vaisselle).<br \/>Lame en inox tremp\u00e9 haute teneur en carbone. Manche nylon. Compatible lave-vaisselle. Anneau de suspension. Lame en inox tremp\u00e9 haute teneur en carbone.<\/p>\n<p>Caract\u00e9ristiques :<br \/> Dimensions : 25,5(L)cm.<br \/> Mati\u00e8re : Acier.<br \/> Couleur : Noir.<\/p>\n","protected":false},"excerpt":{"rendered":"<p>Fusil Victorinox 255mm<\/p>\n","protected":false},"featured_media":88467,"comment_status":"closed","ping_status":"closed","template":"","meta":[],"product_brand":[],"product_cat":[1076,1075,1064,1297],"product_tag":[],"class_list":{"0":"post-67236","1":"product","2":"type-product","3":"status-publish","4":"has-post-thumbnail","6":"product_cat-aiguiseurs-a-couteaux","7":"product_cat-couteaux","8":"product_cat-cuisine","9":"product_cat-non-palettisable","10":"product_shipping_class-free-shipping","12":"first","13":"instock","14":"featured","15":"taxable","16":"shipping-taxable","17":"purchasable","18":"product-type-simple"},"_links":{"self":[{"href":"https:\/\/abinox-chr-clim.com\/index.php\/wp-json\/wp\/v2\/product\/67236","targetHints":{"allow":["GET"]}}],"collection":[{"href":"https:\/\/abinox-chr-clim.com\/index.php\/wp-json\/wp\/v2\/product"}],"about":[{"href":"https:\/\/abinox-chr-clim.com\/index.php\/wp-json\/wp\/v2\/types\/product"}],"replies":[{"embeddable":true,"href":"https:\/\/abinox-chr-clim.com\/index.php\/wp-json\/wp\/v2\/comments?post=67236"}],"wp:featuredmedia":[{"embeddable":true,"href":"https:\/\/abinox-chr-clim.com\/index.php\/wp-json\/wp\/v2\/media\/88467"}],"wp:attachment":[{"href":"https:\/\/abinox-chr-clim.com\/index.php\/wp-json\/wp\/v2\/media?parent=67236"}],"wp:term":[{"taxonomy":"product_brand","embeddable":true,"href":"https:\/\/abinox-chr-clim.com\/index.php\/wp-json\/wp\/v2\/product_brand?post=67236"},{"taxonomy":"product_cat","embeddable":true,"href":"https:\/\/abinox-chr-clim.com\/index.php\/wp-json\/wp\/v2\/product_cat?post=67236"},{"taxonomy":"product_tag","embeddable":true,"href":"https:\/\/abinox-chr-clim.com\/index.php\/wp-json\/wp\/v2\/product_tag?post=67236"}],"curies":[{"name":"wp","href":"https:\/\/api.w.org\/{rel}","templated":true}]}}