{"id":67233,"date":"2024-03-22T15:48:25","date_gmt":"2024-03-22T14:48:25","guid":{"rendered":"https:\/\/abinox-chr-clim.com\/index.php\/product\/pierre-a-aiguiser-double-vogue\/"},"modified":"2026-04-14T10:30:27","modified_gmt":"2026-04-14T08:30:27","slug":"pierre-a-aiguiser-double-vogue","status":"publish","type":"product","link":"https:\/\/abinox-chr-clim.com\/index.php\/product\/pierre-a-aiguiser-double-vogue\/","title":{"rendered":"Pierre \u00e0 aiguiser double Vogue"},"content":{"rendered":"<p>Double face : grain 2000 pour un aff\u00fbtage moyen et grain 5000 pour le polissage final. Livr\u00e9e avec support antid\u00e9rapant. Convient \u00e0 tous les couteaux. Double face : grain 2000 pour un aff\u00fbtage moyen et grain 5000 pour le polissage final.<\/p>\n<p>Caract\u00e9ristiques :<br \/> Dimensions : 27(H) x 60(L)mm.<br \/> Mati\u00e8re : Pierre \u00e0 aiguiser<\/p>\n","protected":false},"excerpt":{"rendered":"<p>Pierre \u00e0 aiguiser double Vogue<\/p>\n","protected":false},"featured_media":84972,"comment_status":"closed","ping_status":"closed","template":"","meta":[],"product_brand":[],"product_cat":[1076,1075,1064,1297],"product_tag":[],"class_list":{"0":"post-67233","1":"product","2":"type-product","3":"status-publish","4":"has-post-thumbnail","6":"product_cat-aiguiseurs-a-couteaux","7":"product_cat-couteaux","8":"product_cat-cuisine","9":"product_cat-non-palettisable","10":"product_shipping_class-free-shipping","12":"first","13":"instock","14":"featured","15":"taxable","16":"shipping-taxable","17":"purchasable","18":"product-type-simple"},"_links":{"self":[{"href":"https:\/\/abinox-chr-clim.com\/index.php\/wp-json\/wp\/v2\/product\/67233","targetHints":{"allow":["GET"]}}],"collection":[{"href":"https:\/\/abinox-chr-clim.com\/index.php\/wp-json\/wp\/v2\/product"}],"about":[{"href":"https:\/\/abinox-chr-clim.com\/index.php\/wp-json\/wp\/v2\/types\/product"}],"replies":[{"embeddable":true,"href":"https:\/\/abinox-chr-clim.com\/index.php\/wp-json\/wp\/v2\/comments?post=67233"}],"wp:featuredmedia":[{"embeddable":true,"href":"https:\/\/abinox-chr-clim.com\/index.php\/wp-json\/wp\/v2\/media\/84972"}],"wp:attachment":[{"href":"https:\/\/abinox-chr-clim.com\/index.php\/wp-json\/wp\/v2\/media?parent=67233"}],"wp:term":[{"taxonomy":"product_brand","embeddable":true,"href":"https:\/\/abinox-chr-clim.com\/index.php\/wp-json\/wp\/v2\/product_brand?post=67233"},{"taxonomy":"product_cat","embeddable":true,"href":"https:\/\/abinox-chr-clim.com\/index.php\/wp-json\/wp\/v2\/product_cat?post=67233"},{"taxonomy":"product_tag","embeddable":true,"href":"https:\/\/abinox-chr-clim.com\/index.php\/wp-json\/wp\/v2\/product_tag?post=67233"}],"curies":[{"name":"wp","href":"https:\/\/api.w.org\/{rel}","templated":true}]}}