{"id":67232,"date":"2024-03-22T15:48:24","date_gmt":"2024-03-22T14:48:24","guid":{"rendered":"https:\/\/abinox-chr-clim.com\/index.php\/product\/fusil-diamante-vogue-255mm\/"},"modified":"2026-04-14T08:35:54","modified_gmt":"2026-04-14T06:35:54","slug":"fusil-diamante-vogue-255mm","status":"publish","type":"product","link":"https:\/\/abinox-chr-clim.com\/index.php\/product\/fusil-diamante-vogue-255mm\/","title":{"rendered":"Fusil diamant\u00e9 Vogue 255mm"},"content":{"rendered":"<p>Un tranchant parfait en quelques mouvements. La surface en micro-cristal de diamant donne de meilleurs r\u00e9sultats que les fusils traditionnels.<br \/>Surface microcristalline pour des r\u00e9sultats pr\u00e9cis et tranchants. Quelques coups suffisent pour obtenir un bord droit parfait. Manche ergonomique offrant une excellente prise en main. Poign\u00e9e \u00e0 crochets pour faciliter le rangement. Surface microcristalline pour des r\u00e9sultats pr\u00e9cis et tranchants.<\/p>\n<p>Caract\u00e9ristiques :<br \/> Dimensions : 25,5cm.<br \/> Mati\u00e8re : Acier au diamant.<br \/> Couleur : Noir.<\/p>\n","protected":false},"excerpt":{"rendered":"<p>Fusil diamant\u00e9 Vogue 255mm<\/p>\n","protected":false},"featured_media":80788,"comment_status":"closed","ping_status":"closed","template":"","meta":[],"product_brand":[],"product_cat":[1076,1075,1064,1297],"product_tag":[],"class_list":{"0":"post-67232","1":"product","2":"type-product","3":"status-publish","4":"has-post-thumbnail","6":"product_cat-aiguiseurs-a-couteaux","7":"product_cat-couteaux","8":"product_cat-cuisine","9":"product_cat-non-palettisable","10":"product_shipping_class-free-shipping","12":"first","13":"instock","14":"featured","15":"taxable","16":"shipping-taxable","17":"purchasable","18":"product-type-simple"},"_links":{"self":[{"href":"https:\/\/abinox-chr-clim.com\/index.php\/wp-json\/wp\/v2\/product\/67232","targetHints":{"allow":["GET"]}}],"collection":[{"href":"https:\/\/abinox-chr-clim.com\/index.php\/wp-json\/wp\/v2\/product"}],"about":[{"href":"https:\/\/abinox-chr-clim.com\/index.php\/wp-json\/wp\/v2\/types\/product"}],"replies":[{"embeddable":true,"href":"https:\/\/abinox-chr-clim.com\/index.php\/wp-json\/wp\/v2\/comments?post=67232"}],"wp:featuredmedia":[{"embeddable":true,"href":"https:\/\/abinox-chr-clim.com\/index.php\/wp-json\/wp\/v2\/media\/80788"}],"wp:attachment":[{"href":"https:\/\/abinox-chr-clim.com\/index.php\/wp-json\/wp\/v2\/media?parent=67232"}],"wp:term":[{"taxonomy":"product_brand","embeddable":true,"href":"https:\/\/abinox-chr-clim.com\/index.php\/wp-json\/wp\/v2\/product_brand?post=67232"},{"taxonomy":"product_cat","embeddable":true,"href":"https:\/\/abinox-chr-clim.com\/index.php\/wp-json\/wp\/v2\/product_cat?post=67232"},{"taxonomy":"product_tag","embeddable":true,"href":"https:\/\/abinox-chr-clim.com\/index.php\/wp-json\/wp\/v2\/product_tag?post=67232"}],"curies":[{"name":"wp","href":"https:\/\/api.w.org\/{rel}","templated":true}]}}