{"id":67226,"date":"2024-03-22T15:45:04","date_gmt":"2024-03-22T14:45:04","guid":{"rendered":"https:\/\/abinox-chr-clim.com\/index.php\/product\/interieur-pour-sac-a-pizza-isotherme-vogue\/"},"modified":"2026-04-24T09:23:53","modified_gmt":"2026-04-24T07:23:53","slug":"interieur-pour-sac-a-pizza-isotherme-vogue","status":"publish","type":"product","link":"https:\/\/abinox-chr-clim.com\/index.php\/product\/interieur-pour-sac-a-pizza-isotherme-vogue\/","title":{"rendered":"Int\u00e9rieur pour sac \u00e0 pizza isotherme Vogue"},"content":{"rendered":"<p>Conf\u00e8re une rigidit\u00e9 \u00e0 l&rsquo;ensemble. Conf\u00e8re une rigidit\u00e9 \u00e0 l&rsquo;ensemble. .<br \/> Caract\u00e9ristiques :<br \/> Dimensions : 250 x 400 x 350mm.<br \/> Mati\u00e8re : Nylon<\/p>\n","protected":false},"excerpt":{"rendered":"<p>Int\u00e9rieur pour sac \u00e0 pizza isotherme Vogue<\/p>\n","protected":false},"featured_media":99725,"comment_status":"closed","ping_status":"closed","template":"","meta":[],"product_brand":[],"product_cat":[1280,1064,1297,1074],"product_tag":[],"class_list":{"0":"post-67226","1":"product","2":"type-product","3":"status-publish","4":"has-post-thumbnail","6":"product_cat-conteneurs-alimentaires-et-bacs-gastronorme-cuisine","7":"product_cat-cuisine","8":"product_cat-non-palettisable","9":"product_cat-thermobox-et-sacs","10":"product_shipping_class-free-shipping","12":"first","13":"instock","14":"featured","15":"taxable","16":"shipping-taxable","17":"purchasable","18":"product-type-simple"},"_links":{"self":[{"href":"https:\/\/abinox-chr-clim.com\/index.php\/wp-json\/wp\/v2\/product\/67226","targetHints":{"allow":["GET"]}}],"collection":[{"href":"https:\/\/abinox-chr-clim.com\/index.php\/wp-json\/wp\/v2\/product"}],"about":[{"href":"https:\/\/abinox-chr-clim.com\/index.php\/wp-json\/wp\/v2\/types\/product"}],"replies":[{"embeddable":true,"href":"https:\/\/abinox-chr-clim.com\/index.php\/wp-json\/wp\/v2\/comments?post=67226"}],"wp:featuredmedia":[{"embeddable":true,"href":"https:\/\/abinox-chr-clim.com\/index.php\/wp-json\/wp\/v2\/media\/99725"}],"wp:attachment":[{"href":"https:\/\/abinox-chr-clim.com\/index.php\/wp-json\/wp\/v2\/media?parent=67226"}],"wp:term":[{"taxonomy":"product_brand","embeddable":true,"href":"https:\/\/abinox-chr-clim.com\/index.php\/wp-json\/wp\/v2\/product_brand?post=67226"},{"taxonomy":"product_cat","embeddable":true,"href":"https:\/\/abinox-chr-clim.com\/index.php\/wp-json\/wp\/v2\/product_cat?post=67226"},{"taxonomy":"product_tag","embeddable":true,"href":"https:\/\/abinox-chr-clim.com\/index.php\/wp-json\/wp\/v2\/product_tag?post=67226"}],"curies":[{"name":"wp","href":"https:\/\/api.w.org\/{rel}","templated":true}]}}