{"id":67225,"date":"2024-03-22T15:45:04","date_gmt":"2024-03-22T14:45:04","guid":{"rendered":"https:\/\/abinox-chr-clim.com\/index.php\/product\/grand-sac-de-livraison-pizza-isotherme-en-nylon-vogue\/"},"modified":"2026-04-24T09:23:52","modified_gmt":"2026-04-24T07:23:52","slug":"grand-sac-de-livraison-pizza-isotherme-en-nylon-vogue","status":"publish","type":"product","link":"https:\/\/abinox-chr-clim.com\/index.php\/product\/grand-sac-de-livraison-pizza-isotherme-en-nylon-vogue\/","title":{"rendered":"Grand sac de livraison pizza isotherme en nylon Vogue"},"content":{"rendered":"<p>Sac en nylon pliable \u00e0 plat, facile \u00e0 nettoyer avec fen\u00eatre pour identification des cartes. Insert pour maintenir la forme et la stabilit\u00e9 du sac vendu s\u00e9par\u00e9ment. Une isolation \u00e9paisse et un tissu en polyester int\u00e9rieur et ext\u00e9rieur de haute qualit\u00e9 maintiendront les aliments \u00e0 la temp\u00e9rature id\u00e9ale plus longtemps. Peut \u00eatre utilis\u00e9 pour le service \u00e0 emporter ou pour le transport de plats chauds et froids dans de grandes salles.<br \/>Fabriqu\u00e9 en nylon, facile \u00e0 nettoyer. Conserve les plats chauds et permet l&rsquo;\u00e9vaporation de l&rsquo;humidit\u00e9. Sac \u00e0 bandouli\u00e8re. S&rsquo;aplatit pour gagner de l&rsquo;espace et faciliter le stockage. Pochette transparente pour glisser une \u00e9tiquette d&rsquo;identification de vos plats. Insert vendu s\u00e9par\u00e9ment.Fabriqu\u00e9 en nylon, facile \u00e0 nettoyer.<\/p>\n<p>Caract\u00e9ristiques :<br \/> Dimensions : 420(H) x 350(L) x 250(P)mm.<br \/> Mati\u00e8re : Nylon.<br \/> Couleur : Rouge.<\/p>\n","protected":false},"excerpt":{"rendered":"<p>Grand sac de livraison pizza isotherme en nylon Vogue<\/p>\n","protected":false},"featured_media":99720,"comment_status":"closed","ping_status":"closed","template":"","meta":[],"product_brand":[],"product_cat":[1280,1064,1297,1074],"product_tag":[],"class_list":{"0":"post-67225","1":"product","2":"type-product","3":"status-publish","4":"has-post-thumbnail","6":"product_cat-conteneurs-alimentaires-et-bacs-gastronorme-cuisine","7":"product_cat-cuisine","8":"product_cat-non-palettisable","9":"product_cat-thermobox-et-sacs","10":"product_shipping_class-free-shipping","12":"first","13":"instock","14":"featured","15":"taxable","16":"shipping-taxable","17":"purchasable","18":"product-type-simple"},"_links":{"self":[{"href":"https:\/\/abinox-chr-clim.com\/index.php\/wp-json\/wp\/v2\/product\/67225","targetHints":{"allow":["GET"]}}],"collection":[{"href":"https:\/\/abinox-chr-clim.com\/index.php\/wp-json\/wp\/v2\/product"}],"about":[{"href":"https:\/\/abinox-chr-clim.com\/index.php\/wp-json\/wp\/v2\/types\/product"}],"replies":[{"embeddable":true,"href":"https:\/\/abinox-chr-clim.com\/index.php\/wp-json\/wp\/v2\/comments?post=67225"}],"wp:featuredmedia":[{"embeddable":true,"href":"https:\/\/abinox-chr-clim.com\/index.php\/wp-json\/wp\/v2\/media\/99720"}],"wp:attachment":[{"href":"https:\/\/abinox-chr-clim.com\/index.php\/wp-json\/wp\/v2\/media?parent=67225"}],"wp:term":[{"taxonomy":"product_brand","embeddable":true,"href":"https:\/\/abinox-chr-clim.com\/index.php\/wp-json\/wp\/v2\/product_brand?post=67225"},{"taxonomy":"product_cat","embeddable":true,"href":"https:\/\/abinox-chr-clim.com\/index.php\/wp-json\/wp\/v2\/product_cat?post=67225"},{"taxonomy":"product_tag","embeddable":true,"href":"https:\/\/abinox-chr-clim.com\/index.php\/wp-json\/wp\/v2\/product_tag?post=67225"}],"curies":[{"name":"wp","href":"https:\/\/api.w.org\/{rel}","templated":true}]}}