{"id":67224,"date":"2024-03-22T15:45:03","date_gmt":"2024-03-22T14:45:03","guid":{"rendered":"https:\/\/abinox-chr-clim.com\/index.php\/product\/sac-de-livraison-isotherme-pour-pizza-en-vinyle-vogue\/"},"modified":"2026-04-24T09:23:52","modified_gmt":"2026-04-24T07:23:52","slug":"sac-de-livraison-isotherme-pour-pizza-en-vinyle-vogue","status":"publish","type":"product","link":"https:\/\/abinox-chr-clim.com\/index.php\/product\/sac-de-livraison-isotherme-pour-pizza-en-vinyle-vogue\/","title":{"rendered":"Sac de livraison isotherme pour pizza en vinyle Vogue"},"content":{"rendered":"<p>Sacs pour pizzas en polyester lavable (1) ou en vinyle (2).<br \/>N&rsquo;absorbe pas l&rsquo;humidit\u00e9. Facile \u00e0 nettoyer. Plaques int\u00e9rieures isolantes et matelass\u00e9e permettant da garder au chaud les pizzas et plats livr\u00e9s \u00e0 domicile. Bandes velco pour un maintien efficace lors du transport. N&rsquo;absorbe pas l&rsquo;humidit\u00e9.<\/p>\n<p>Caract\u00e9ristiques :<br \/> Dimensions : 195(H) x 455(L) x 455(P)mm.<br \/> Mati\u00e8re : Vinyle.<br \/> Couleur : Rouge.<\/p>\n","protected":false},"excerpt":{"rendered":"<p>Sac de livraison isotherme pour pizza en vinyle Vogue<\/p>\n","protected":false},"featured_media":99715,"comment_status":"closed","ping_status":"closed","template":"","meta":[],"product_brand":[],"product_cat":[1280,1064,1297,1074],"product_tag":[],"class_list":{"0":"post-67224","1":"product","2":"type-product","3":"status-publish","4":"has-post-thumbnail","6":"product_cat-conteneurs-alimentaires-et-bacs-gastronorme-cuisine","7":"product_cat-cuisine","8":"product_cat-non-palettisable","9":"product_cat-thermobox-et-sacs","10":"product_shipping_class-free-shipping","12":"first","13":"instock","14":"featured","15":"taxable","16":"shipping-taxable","17":"purchasable","18":"product-type-simple"},"_links":{"self":[{"href":"https:\/\/abinox-chr-clim.com\/index.php\/wp-json\/wp\/v2\/product\/67224","targetHints":{"allow":["GET"]}}],"collection":[{"href":"https:\/\/abinox-chr-clim.com\/index.php\/wp-json\/wp\/v2\/product"}],"about":[{"href":"https:\/\/abinox-chr-clim.com\/index.php\/wp-json\/wp\/v2\/types\/product"}],"replies":[{"embeddable":true,"href":"https:\/\/abinox-chr-clim.com\/index.php\/wp-json\/wp\/v2\/comments?post=67224"}],"wp:featuredmedia":[{"embeddable":true,"href":"https:\/\/abinox-chr-clim.com\/index.php\/wp-json\/wp\/v2\/media\/99715"}],"wp:attachment":[{"href":"https:\/\/abinox-chr-clim.com\/index.php\/wp-json\/wp\/v2\/media?parent=67224"}],"wp:term":[{"taxonomy":"product_brand","embeddable":true,"href":"https:\/\/abinox-chr-clim.com\/index.php\/wp-json\/wp\/v2\/product_brand?post=67224"},{"taxonomy":"product_cat","embeddable":true,"href":"https:\/\/abinox-chr-clim.com\/index.php\/wp-json\/wp\/v2\/product_cat?post=67224"},{"taxonomy":"product_tag","embeddable":true,"href":"https:\/\/abinox-chr-clim.com\/index.php\/wp-json\/wp\/v2\/product_tag?post=67224"}],"curies":[{"name":"wp","href":"https:\/\/api.w.org\/{rel}","templated":true}]}}