{"id":67222,"date":"2024-03-22T15:45:03","date_gmt":"2024-03-22T14:45:03","guid":{"rendered":"https:\/\/abinox-chr-clim.com\/index.php\/product\/grand-sac-a-pizza-isotherme-355x380x580mm-vogue\/"},"modified":"2026-04-24T09:44:14","modified_gmt":"2026-04-24T07:44:14","slug":"grand-sac-a-pizza-isotherme-355x380x580mm-vogue","status":"publish","type":"product","link":"https:\/\/abinox-chr-clim.com\/index.php\/product\/grand-sac-a-pizza-isotherme-355x380x580mm-vogue\/","title":{"rendered":"Grand sac \u00e0 pizza isotherme 355x380x580mm Vogue"},"content":{"rendered":"<p>Sac de livraison pizza isotherme con\u00e7u pour conserver la chaleur et \u00e9viter la condensation, parfait pour la vente \u00e0 emporter et les restaurants proposant des livraisons. Avec poign\u00e9es et bandouli\u00e8re.<br \/>Couvercle zipp\u00e9 facile d&rsquo;acc\u00e8s. Deux poign\u00e9es lat\u00e9rales et une bandouli\u00e8re pour une manipulation s\u00fbre. Poche pour \u00e9tiquettes de contenu afin d&rsquo;\u00e9viter la confusion. Essuyer l&rsquo;int\u00e9rieur et l&rsquo;ext\u00e9rieur. Isolation efficace de 18 mm d&rsquo;\u00e9paisseur.  Couvercle zipp\u00e9 facile d&rsquo;acc\u00e8s.<\/p>\n<p>Caract\u00e9ristiques :<br \/> Dimensions : 355(H) x 580(L) x 380(P)mm.<br \/> Mati\u00e8re : Polyester.<br \/> Isolation : 18mm.<br \/> Couleur : Rouge.<\/p>\n","protected":false},"excerpt":{"rendered":"<p>Grand sac \u00e0 pizza isotherme 355x380x580mm Vogue<\/p>\n","protected":false},"featured_media":101572,"comment_status":"closed","ping_status":"closed","template":"","meta":[],"product_brand":[],"product_cat":[1280,1064,1297,1074],"product_tag":[],"class_list":{"0":"post-67222","1":"product","2":"type-product","3":"status-publish","4":"has-post-thumbnail","6":"product_cat-conteneurs-alimentaires-et-bacs-gastronorme-cuisine","7":"product_cat-cuisine","8":"product_cat-non-palettisable","9":"product_cat-thermobox-et-sacs","10":"product_shipping_class-free-shipping","12":"first","13":"instock","14":"featured","15":"taxable","16":"shipping-taxable","17":"purchasable","18":"product-type-simple"},"_links":{"self":[{"href":"https:\/\/abinox-chr-clim.com\/index.php\/wp-json\/wp\/v2\/product\/67222","targetHints":{"allow":["GET"]}}],"collection":[{"href":"https:\/\/abinox-chr-clim.com\/index.php\/wp-json\/wp\/v2\/product"}],"about":[{"href":"https:\/\/abinox-chr-clim.com\/index.php\/wp-json\/wp\/v2\/types\/product"}],"replies":[{"embeddable":true,"href":"https:\/\/abinox-chr-clim.com\/index.php\/wp-json\/wp\/v2\/comments?post=67222"}],"wp:featuredmedia":[{"embeddable":true,"href":"https:\/\/abinox-chr-clim.com\/index.php\/wp-json\/wp\/v2\/media\/101572"}],"wp:attachment":[{"href":"https:\/\/abinox-chr-clim.com\/index.php\/wp-json\/wp\/v2\/media?parent=67222"}],"wp:term":[{"taxonomy":"product_brand","embeddable":true,"href":"https:\/\/abinox-chr-clim.com\/index.php\/wp-json\/wp\/v2\/product_brand?post=67222"},{"taxonomy":"product_cat","embeddable":true,"href":"https:\/\/abinox-chr-clim.com\/index.php\/wp-json\/wp\/v2\/product_cat?post=67222"},{"taxonomy":"product_tag","embeddable":true,"href":"https:\/\/abinox-chr-clim.com\/index.php\/wp-json\/wp\/v2\/product_tag?post=67222"}],"curies":[{"name":"wp","href":"https:\/\/api.w.org\/{rel}","templated":true}]}}