{"id":67221,"date":"2024-03-22T15:45:02","date_gmt":"2024-03-22T14:45:02","guid":{"rendered":"https:\/\/abinox-chr-clim.com\/index.php\/product\/grand-sac-a-pizza-isotherme-510x510x305mm-vogue\/"},"modified":"2026-04-24T09:44:13","modified_gmt":"2026-04-24T07:44:13","slug":"grand-sac-a-pizza-isotherme-510x510x305mm-vogue","status":"publish","type":"product","link":"https:\/\/abinox-chr-clim.com\/index.php\/product\/grand-sac-a-pizza-isotherme-510x510x305mm-vogue\/","title":{"rendered":"Grand sac \u00e0 pizza isotherme 510x510x305mm Vogue"},"content":{"rendered":"<p>Sac de livraison pizza isotherme con\u00e7u pour conserver la chaleur et \u00e9viter la condensation, parfait pour la vente \u00e0 emporter et les restaurants proposant des livraisons. Avec poign\u00e9es et bandouli\u00e8re.<br \/>Ce sac de livraison poss\u00e8de une fermeture \u00e9clair, fen\u00eatre d&rsquo;\u00e9tiquetage, poign\u00e9es et bandouli\u00e8re.Facile \u00e0 nettoyer. Epaisseur d&rsquo;isolation : 18mm. Ce sac de livraison poss\u00e8de une fermeture \u00e9clair, fen\u00eatre d&rsquo;\u00e9tiquetage, poign\u00e9es et bandouli\u00e8re. .<br \/> Caract\u00e9ristiques :<br \/> Dimensions : 305(H) x 510(L) x 510(P)mm.<br \/> Mati\u00e8re : Polyester.<br \/> Isolation : 18mm.<br \/> Couleur : Rouge.<\/p>\n","protected":false},"excerpt":{"rendered":"<p>Grand sac \u00e0 pizza isotherme 510x510x305mm Vogue<\/p>\n","protected":false},"featured_media":101571,"comment_status":"closed","ping_status":"closed","template":"","meta":[],"product_brand":[],"product_cat":[1280,1064,1297,1074],"product_tag":[],"class_list":{"0":"post-67221","1":"product","2":"type-product","3":"status-publish","4":"has-post-thumbnail","6":"product_cat-conteneurs-alimentaires-et-bacs-gastronorme-cuisine","7":"product_cat-cuisine","8":"product_cat-non-palettisable","9":"product_cat-thermobox-et-sacs","10":"product_shipping_class-free-shipping","12":"first","13":"outofstock","14":"featured","15":"taxable","16":"shipping-taxable","17":"purchasable","18":"product-type-simple"},"_links":{"self":[{"href":"https:\/\/abinox-chr-clim.com\/index.php\/wp-json\/wp\/v2\/product\/67221","targetHints":{"allow":["GET"]}}],"collection":[{"href":"https:\/\/abinox-chr-clim.com\/index.php\/wp-json\/wp\/v2\/product"}],"about":[{"href":"https:\/\/abinox-chr-clim.com\/index.php\/wp-json\/wp\/v2\/types\/product"}],"replies":[{"embeddable":true,"href":"https:\/\/abinox-chr-clim.com\/index.php\/wp-json\/wp\/v2\/comments?post=67221"}],"wp:featuredmedia":[{"embeddable":true,"href":"https:\/\/abinox-chr-clim.com\/index.php\/wp-json\/wp\/v2\/media\/101571"}],"wp:attachment":[{"href":"https:\/\/abinox-chr-clim.com\/index.php\/wp-json\/wp\/v2\/media?parent=67221"}],"wp:term":[{"taxonomy":"product_brand","embeddable":true,"href":"https:\/\/abinox-chr-clim.com\/index.php\/wp-json\/wp\/v2\/product_brand?post=67221"},{"taxonomy":"product_cat","embeddable":true,"href":"https:\/\/abinox-chr-clim.com\/index.php\/wp-json\/wp\/v2\/product_cat?post=67221"},{"taxonomy":"product_tag","embeddable":true,"href":"https:\/\/abinox-chr-clim.com\/index.php\/wp-json\/wp\/v2\/product_tag?post=67221"}],"curies":[{"name":"wp","href":"https:\/\/api.w.org\/{rel}","templated":true}]}}