{"id":67212,"date":"2024-03-22T15:44:59","date_gmt":"2024-03-22T14:44:59","guid":{"rendered":"https:\/\/abinox-chr-clim.com\/index.php\/product\/sac-a-pizza-cambro-gobag-510mm\/"},"modified":"2025-08-30T11:00:40","modified_gmt":"2025-08-30T09:00:40","slug":"sac-a-pizza-cambro-gobag-510mm","status":"publish","type":"product","link":"https:\/\/abinox-chr-clim.com\/index.php\/product\/sac-a-pizza-cambro-gobag-510mm\/","title":{"rendered":"Sac \u00e0 pizza Cambro GoBag 510mm"},"content":{"rendered":"<p>L&rsquo;int\u00e9rieur en vinyle est facile \u00e0\u00a0 nettoyer. L&rsquo;isolation haute densit\u00e9 garde les aliments au chaud. Ext\u00e9rieur en tissu polyester \u00e9pais et robuste de 600 deniers.Sangles et pochette \u00e0\u00a0 billets cousues tr\u00e8s r\u00e9sistantes. Ext\u00e9rieur en polyester de qualit\u00e9 industrielle r\u00e9sistant aux taches et lavable. Grand rabat pour une fermeture \u00e9tanche. Grande poche \u00e0\u00a0 billets. Fermeture \u00e0\u00a0 boucles et crochets tr\u00e8s longue pour une fermeture s\u00fbre \u00e0\u00a0 chaque fois. Contr\u00f4le sup\u00e9rieur de l&rsquo;humidit\u00e9 et maintien de la temp\u00e9rature \u00e0\u00a0 la pointe de l&rsquo;industrie. Num\u00e9ro d&rsquo;article Cambro : 318110 GBP. L&rsquo;int\u00e9rieur en vinyle est facile \u00e0\u00a0 nettoyer.<\/p>\n<p>Caract\u00e9ristiques :<br \/> Dimensions : 190(H) x 510(l) x 445(P) mm.<br \/> Mati\u00e8re : Nylon<\/p>\n","protected":false},"excerpt":{"rendered":"<p>Sac \u00e0 pizza Cambro GoBag 510mm<\/p>\n","protected":false},"featured_media":94397,"comment_status":"closed","ping_status":"closed","template":"","meta":[],"product_brand":[],"product_cat":[1280,1064,1297,1074],"product_tag":[],"class_list":{"0":"post-67212","1":"product","2":"type-product","3":"status-publish","4":"has-post-thumbnail","6":"product_cat-conteneurs-alimentaires-et-bacs-gastronorme-cuisine","7":"product_cat-cuisine","8":"product_cat-non-palettisable","9":"product_cat-thermobox-et-sacs","10":"product_shipping_class-free-shipping","12":"first","13":"outofstock","14":"featured","15":"taxable","16":"shipping-taxable","17":"purchasable","18":"product-type-simple"},"_links":{"self":[{"href":"https:\/\/abinox-chr-clim.com\/index.php\/wp-json\/wp\/v2\/product\/67212","targetHints":{"allow":["GET"]}}],"collection":[{"href":"https:\/\/abinox-chr-clim.com\/index.php\/wp-json\/wp\/v2\/product"}],"about":[{"href":"https:\/\/abinox-chr-clim.com\/index.php\/wp-json\/wp\/v2\/types\/product"}],"replies":[{"embeddable":true,"href":"https:\/\/abinox-chr-clim.com\/index.php\/wp-json\/wp\/v2\/comments?post=67212"}],"wp:featuredmedia":[{"embeddable":true,"href":"https:\/\/abinox-chr-clim.com\/index.php\/wp-json\/wp\/v2\/media\/94397"}],"wp:attachment":[{"href":"https:\/\/abinox-chr-clim.com\/index.php\/wp-json\/wp\/v2\/media?parent=67212"}],"wp:term":[{"taxonomy":"product_brand","embeddable":true,"href":"https:\/\/abinox-chr-clim.com\/index.php\/wp-json\/wp\/v2\/product_brand?post=67212"},{"taxonomy":"product_cat","embeddable":true,"href":"https:\/\/abinox-chr-clim.com\/index.php\/wp-json\/wp\/v2\/product_cat?post=67212"},{"taxonomy":"product_tag","embeddable":true,"href":"https:\/\/abinox-chr-clim.com\/index.php\/wp-json\/wp\/v2\/product_tag?post=67212"}],"curies":[{"name":"wp","href":"https:\/\/api.w.org\/{rel}","templated":true}]}}