{"id":67207,"date":"2024-03-22T15:44:57","date_gmt":"2024-03-22T14:44:57","guid":{"rendered":"https:\/\/abinox-chr-clim.com\/index.php\/product\/petit-sac-de-livraison-pliant-cambro-gobag\/"},"modified":"2026-04-24T10:15:26","modified_gmt":"2026-04-24T08:15:26","slug":"petit-sac-de-livraison-pliant-cambro-gobag","status":"publish","type":"product","link":"https:\/\/abinox-chr-clim.com\/index.php\/product\/petit-sac-de-livraison-pliant-cambro-gobag\/","title":{"rendered":"Petit sac de livraison pliant Cambro GoBag"},"content":{"rendered":"<p>Pour maintenir les plats \u00e0 emporter chauds ou froids pendant la livraison. L&rsquo;ext\u00e9rieur en polyester \u00e9pais et de qualit\u00e9 industrielle maintient des temp\u00e9ratures s\u00fbres et la qualit\u00e9 des aliments. Int\u00e9rieur en vinyle facile \u00e0 nettoyer. Design \u00e0 poches multiples con\u00e7u pour contenir des re\u00e7us, des coupons, des condiments, etc. Syst\u00e8me de fermeture s\u00fbr.<br \/>L&rsquo;int\u00e9rieur en vinyle est facile \u00e0\u00a0 nettoyer. L&rsquo;isolation haute densit\u00e9 garde les aliments au chaud. Ext\u00e9rieur en tissu polyester \u00e9pais et robuste de 600 deniers. Sangles et pochette \u00e0\u00a0 billets cousues et r\u00e9sistantes. Ext\u00e9rieur en polyester de qualit\u00e9 industrielle r\u00e9sistant aux taches et lavable. Grand rabat pour une fermeture \u00e9tanche. Grande pochette \u00e0\u00a0 billets. Fermeture \u00e0\u00a0 boucles et crochets extra longue pour une fermeture s\u00fbre \u00e0\u00a0 chaque fois. Contr\u00f4le sup\u00e9rieur de l&rsquo;humidit\u00e9 et maintien de la temp\u00e9rature \u00e0\u00a0 la pointe de l&rsquo;industrie. Num\u00e9ro d&rsquo;article Cambro : GBD101011110. L&rsquo;int\u00e9rieur en vinyle est facile \u00e0\u00a0 nettoyer.<\/p>\n<p>Caract\u00e9ristiques :<br \/> Dimensions : 260(H) x 260(L) x 280(P) mm.<br \/> Mati\u00e8re : Nylon.<br \/> Couleur : Noir.<\/p>\n","protected":false},"excerpt":{"rendered":"<p>Petit sac de livraison pliant Cambro GoBag<\/p>\n","protected":false},"featured_media":94422,"comment_status":"closed","ping_status":"closed","template":"","meta":[],"product_brand":[],"product_cat":[1280,1064,1297,1074],"product_tag":[],"class_list":{"0":"post-67207","1":"product","2":"type-product","3":"status-publish","4":"has-post-thumbnail","6":"product_cat-conteneurs-alimentaires-et-bacs-gastronorme-cuisine","7":"product_cat-cuisine","8":"product_cat-non-palettisable","9":"product_cat-thermobox-et-sacs","10":"product_shipping_class-free-shipping","12":"first","13":"instock","14":"featured","15":"taxable","16":"shipping-taxable","17":"purchasable","18":"product-type-simple"},"_links":{"self":[{"href":"https:\/\/abinox-chr-clim.com\/index.php\/wp-json\/wp\/v2\/product\/67207","targetHints":{"allow":["GET"]}}],"collection":[{"href":"https:\/\/abinox-chr-clim.com\/index.php\/wp-json\/wp\/v2\/product"}],"about":[{"href":"https:\/\/abinox-chr-clim.com\/index.php\/wp-json\/wp\/v2\/types\/product"}],"replies":[{"embeddable":true,"href":"https:\/\/abinox-chr-clim.com\/index.php\/wp-json\/wp\/v2\/comments?post=67207"}],"wp:featuredmedia":[{"embeddable":true,"href":"https:\/\/abinox-chr-clim.com\/index.php\/wp-json\/wp\/v2\/media\/94422"}],"wp:attachment":[{"href":"https:\/\/abinox-chr-clim.com\/index.php\/wp-json\/wp\/v2\/media?parent=67207"}],"wp:term":[{"taxonomy":"product_brand","embeddable":true,"href":"https:\/\/abinox-chr-clim.com\/index.php\/wp-json\/wp\/v2\/product_brand?post=67207"},{"taxonomy":"product_cat","embeddable":true,"href":"https:\/\/abinox-chr-clim.com\/index.php\/wp-json\/wp\/v2\/product_cat?post=67207"},{"taxonomy":"product_tag","embeddable":true,"href":"https:\/\/abinox-chr-clim.com\/index.php\/wp-json\/wp\/v2\/product_tag?post=67207"}],"curies":[{"name":"wp","href":"https:\/\/api.w.org\/{rel}","templated":true}]}}