{"id":67204,"date":"2024-03-22T15:44:56","date_gmt":"2024-03-22T14:44:56","guid":{"rendered":"https:\/\/abinox-chr-clim.com\/index.php\/product\/grand-sac-a-dos-de-livraison-cambro-gobag\/"},"modified":"2026-04-24T10:21:55","modified_gmt":"2026-04-24T08:21:55","slug":"grand-sac-a-dos-de-livraison-cambro-gobag","status":"publish","type":"product","link":"https:\/\/abinox-chr-clim.com\/index.php\/product\/grand-sac-a-dos-de-livraison-cambro-gobag\/","title":{"rendered":"Grand sac \u00e0 dos de livraison Cambro GoBag"},"content":{"rendered":"<p>Pour maintenir les plats \u00e0 emporter chauds ou froids pendant la livraison. L&rsquo;ext\u00e9rieur en polyester \u00e9pais et de qualit\u00e9 industrielle maintient des temp\u00e9ratures s\u00fbres et la qualit\u00e9 des aliments. Int\u00e9rieur en vinyle facile \u00e0 nettoyer. Design \u00e0 poches multiples con\u00e7u pour contenir des re\u00e7us, des coupons, des condiments, etc. Syst\u00e8me de fermeture s\u00fbr.<br \/>Le ruban r\u00e9flecteur am\u00e9liore la visibilit\u00e9 et la s\u00e9curit\u00e9. Comprend une pochette amovible pour t\u00e9l\u00e9phone portable. Une boucle de poitrine en plastique r\u00e9glable assure l&rsquo;ajustement. R\u00e9f\u00e9rence soumise \u00e0 une Eco-participation mobilier de 0.09\u20ac par unit\u00e9 vendue. Facile \u00e0 nettoyer.  Design durable et imperm\u00e9able prot\u00e9geant parfaitement le contenu. Le ruban r\u00e9flecteur am\u00e9liore la visibilit\u00e9 et la s\u00e9curit\u00e9.<\/p>\n<p>Caract\u00e9ristiques :<br \/> Dimensions : 430(H) x 355(L) x 381(P) mm.<br \/> Mati\u00e8re : .<br \/> Couleur : Noir.<\/p>\n","protected":false},"excerpt":{"rendered":"<p>Grand sac \u00e0 dos de livraison Cambro GoBag<\/p>\n","protected":false},"featured_media":96534,"comment_status":"closed","ping_status":"closed","template":"","meta":[],"product_brand":[],"product_cat":[1280,1064,1297,1074],"product_tag":[],"class_list":{"0":"post-67204","1":"product","2":"type-product","3":"status-publish","4":"has-post-thumbnail","6":"product_cat-conteneurs-alimentaires-et-bacs-gastronorme-cuisine","7":"product_cat-cuisine","8":"product_cat-non-palettisable","9":"product_cat-thermobox-et-sacs","10":"product_shipping_class-free-shipping","12":"first","13":"outofstock","14":"featured","15":"taxable","16":"shipping-taxable","17":"purchasable","18":"product-type-simple"},"_links":{"self":[{"href":"https:\/\/abinox-chr-clim.com\/index.php\/wp-json\/wp\/v2\/product\/67204","targetHints":{"allow":["GET"]}}],"collection":[{"href":"https:\/\/abinox-chr-clim.com\/index.php\/wp-json\/wp\/v2\/product"}],"about":[{"href":"https:\/\/abinox-chr-clim.com\/index.php\/wp-json\/wp\/v2\/types\/product"}],"replies":[{"embeddable":true,"href":"https:\/\/abinox-chr-clim.com\/index.php\/wp-json\/wp\/v2\/comments?post=67204"}],"wp:featuredmedia":[{"embeddable":true,"href":"https:\/\/abinox-chr-clim.com\/index.php\/wp-json\/wp\/v2\/media\/96534"}],"wp:attachment":[{"href":"https:\/\/abinox-chr-clim.com\/index.php\/wp-json\/wp\/v2\/media?parent=67204"}],"wp:term":[{"taxonomy":"product_brand","embeddable":true,"href":"https:\/\/abinox-chr-clim.com\/index.php\/wp-json\/wp\/v2\/product_brand?post=67204"},{"taxonomy":"product_cat","embeddable":true,"href":"https:\/\/abinox-chr-clim.com\/index.php\/wp-json\/wp\/v2\/product_cat?post=67204"},{"taxonomy":"product_tag","embeddable":true,"href":"https:\/\/abinox-chr-clim.com\/index.php\/wp-json\/wp\/v2\/product_tag?post=67204"}],"curies":[{"name":"wp","href":"https:\/\/api.w.org\/{rel}","templated":true}]}}