{"id":67202,"date":"2024-03-22T15:44:55","date_gmt":"2024-03-22T14:44:55","guid":{"rendered":"https:\/\/abinox-chr-clim.com\/index.php\/product\/conteneur-epp-a-chargement-frontal-cambro-155-litres-avec-glissieres-ajustables\/"},"modified":"2026-04-24T10:05:33","modified_gmt":"2026-04-24T08:05:33","slug":"conteneur-epp-a-chargement-frontal-cambro-155-litres-avec-glissieres-ajustables","status":"publish","type":"product","link":"https:\/\/abinox-chr-clim.com\/index.php\/product\/conteneur-epp-a-chargement-frontal-cambro-155-litres-avec-glissieres-ajustables\/","title":{"rendered":"Conteneur EPP \u00e0 chargement frontal Cambro 155 litres avec glissi\u00e8res ajustables"},"content":{"rendered":"<p>Syst\u00e8me ing\u00e9nieux de poign\u00e9es int\u00e9gr\u00e9es sur le dessus des unit\u00e9s \u00e0 chargement frontal: la manutention facile par les quatre c\u00f4t\u00e9s.Le compartiment de la plaque froide ou de la plaque chaude est situ\u00e9 sur la paroi arri\u00e8re pour \u00e9viter les gouttes de condensation et r\u00e9partir uniform\u00e9ment la temp\u00e9rature dans tout le conteneur.Dispositif d&rsquo;\u00e9vacuation de la condensation pour faciliter l&rsquo;\u00e9gouttement.Emplacement d\u00e9di\u00e9 pour l&rsquo;identification et l&rsquo;acheminement facile des unit\u00e9s de transport; prot\u00e8ge et maintient l&rsquo;\u00e9tiquette. Con\u00e7u avec des glissi\u00e8res ajustables offrant \u00e0 l&rsquo;op\u00e9rateur la flexibilit\u00e9 n\u00e9cessaire pour ajuster et cr\u00e9er des espaces personnalis\u00e9s selon ses besoins. Kit complet avec conteneur \u00e0 chargement frontal avec 2 cadres m\u00e9talliques et 4 glissi\u00e8res ajustables.  Syst\u00e8me ing\u00e9nieux de poign\u00e9es int\u00e9gr\u00e9es sur le dessus des unit\u00e9s \u00e0 chargement frontal: la manutention facile par les quatre c\u00f4t\u00e9s. .<br \/> Caract\u00e9ristiques :<br \/> Capacit\u00e9 : 155 L.<br \/> Dimensions : 687(H) x 540(l) x 770(P) mm.<br \/> Mati\u00e8re : Polypropyl\u00e8ne.<br \/> Temp\u00e9rature : -40 \u00b0C \u00e0 120 \u00b0C<\/p>\n","protected":false},"excerpt":{"rendered":"<p>Conteneur EPP \u00e0 chargement frontal Cambro 155 litres avec glissi\u00e8res ajustables<\/p>\n","protected":false},"featured_media":96684,"comment_status":"closed","ping_status":"closed","template":"","meta":[],"product_brand":[],"product_cat":[1280,1064,1296,1074],"product_tag":[],"class_list":{"0":"post-67202","1":"product","2":"type-product","3":"status-publish","4":"has-post-thumbnail","6":"product_cat-conteneurs-alimentaires-et-bacs-gastronorme-cuisine","7":"product_cat-cuisine","8":"product_cat-palettisable","9":"product_cat-thermobox-et-sacs","11":"first","12":"instock","13":"featured","14":"taxable","15":"shipping-taxable","16":"purchasable","17":"product-type-simple"},"_links":{"self":[{"href":"https:\/\/abinox-chr-clim.com\/index.php\/wp-json\/wp\/v2\/product\/67202","targetHints":{"allow":["GET"]}}],"collection":[{"href":"https:\/\/abinox-chr-clim.com\/index.php\/wp-json\/wp\/v2\/product"}],"about":[{"href":"https:\/\/abinox-chr-clim.com\/index.php\/wp-json\/wp\/v2\/types\/product"}],"replies":[{"embeddable":true,"href":"https:\/\/abinox-chr-clim.com\/index.php\/wp-json\/wp\/v2\/comments?post=67202"}],"wp:featuredmedia":[{"embeddable":true,"href":"https:\/\/abinox-chr-clim.com\/index.php\/wp-json\/wp\/v2\/media\/96684"}],"wp:attachment":[{"href":"https:\/\/abinox-chr-clim.com\/index.php\/wp-json\/wp\/v2\/media?parent=67202"}],"wp:term":[{"taxonomy":"product_brand","embeddable":true,"href":"https:\/\/abinox-chr-clim.com\/index.php\/wp-json\/wp\/v2\/product_brand?post=67202"},{"taxonomy":"product_cat","embeddable":true,"href":"https:\/\/abinox-chr-clim.com\/index.php\/wp-json\/wp\/v2\/product_cat?post=67202"},{"taxonomy":"product_tag","embeddable":true,"href":"https:\/\/abinox-chr-clim.com\/index.php\/wp-json\/wp\/v2\/product_tag?post=67202"}],"curies":[{"name":"wp","href":"https:\/\/api.w.org\/{rel}","templated":true}]}}