{"id":67193,"date":"2024-03-22T15:44:47","date_gmt":"2024-03-22T14:44:47","guid":{"rendered":"https:\/\/abinox-chr-clim.com\/index.php\/product\/conteneur-epp-gn-1-1-a-ouverture-sur-le-dessus-cambro-46-litres\/"},"modified":"2026-04-24T10:09:28","modified_gmt":"2026-04-24T08:09:28","slug":"conteneur-epp-gn-1-1-a-ouverture-sur-le-dessus-cambro-46-litres","status":"publish","type":"product","link":"https:\/\/abinox-chr-clim.com\/index.php\/product\/conteneur-epp-gn-1-1-a-ouverture-sur-le-dessus-cambro-46-litres\/","title":{"rendered":"Conteneur EPP GN 1\/1 \u00e0 ouverture sur le dessus Cambro 46 Litres"},"content":{"rendered":"<p>Des poign\u00e9es confortables permettent de soulever facilement et en toute s\u00e9curit\u00e9 la GoBox. Les unit\u00e9s de transport GoBox \u00e0 chargement par le haut sont con\u00e7ues avec suffisamment d&rsquo;espace pour contenir des bacs GN 1\/1 ainsi que des plaques chaudes Camwarmers ou plaques eutectiques froides Camchillers, si vous le souhaitez.Emplacement d\u00e9di\u00e9 pour l&rsquo;identification et l&rsquo;acheminement facile des unit\u00e9s de transport; prot\u00e8ge et maintient l&rsquo;\u00e9tiquette. Compatible avec le chariot Cambro DW569.  Ref. Cambro : EPP180110. Des poign\u00e9es confortables permettent de soulever facilement et en toute s\u00e9curit\u00e9 la GoBox.<\/p>\n<p>Caract\u00e9ristiques :<br \/> Capacit\u00e9 : 46 L.<br \/> Dimensions : 316(H) x 600(L) x 400(P)mm.<br \/> Mati\u00e8re : Polypropyl\u00e8ne.<br \/> Temp\u00e9rature : -40 \u00b0C \u00e0 120 \u00b0C.<br \/> Couleur : .<br \/> Bac GN : GN 1\/1XY.<\/p>\n","protected":false},"excerpt":{"rendered":"<p>Conteneur EPP GN 1\/1 \u00e0 ouverture sur le dessus Cambro 46 Litres<\/p>\n","protected":false},"featured_media":96751,"comment_status":"closed","ping_status":"closed","template":"","meta":[],"product_brand":[],"product_cat":[1280,1064,1297,1074],"product_tag":[],"class_list":{"0":"post-67193","1":"product","2":"type-product","3":"status-publish","4":"has-post-thumbnail","6":"product_cat-conteneurs-alimentaires-et-bacs-gastronorme-cuisine","7":"product_cat-cuisine","8":"product_cat-non-palettisable","9":"product_cat-thermobox-et-sacs","10":"product_shipping_class-free-shipping","12":"first","13":"instock","14":"featured","15":"taxable","16":"shipping-taxable","17":"purchasable","18":"product-type-simple"},"_links":{"self":[{"href":"https:\/\/abinox-chr-clim.com\/index.php\/wp-json\/wp\/v2\/product\/67193","targetHints":{"allow":["GET"]}}],"collection":[{"href":"https:\/\/abinox-chr-clim.com\/index.php\/wp-json\/wp\/v2\/product"}],"about":[{"href":"https:\/\/abinox-chr-clim.com\/index.php\/wp-json\/wp\/v2\/types\/product"}],"replies":[{"embeddable":true,"href":"https:\/\/abinox-chr-clim.com\/index.php\/wp-json\/wp\/v2\/comments?post=67193"}],"wp:featuredmedia":[{"embeddable":true,"href":"https:\/\/abinox-chr-clim.com\/index.php\/wp-json\/wp\/v2\/media\/96751"}],"wp:attachment":[{"href":"https:\/\/abinox-chr-clim.com\/index.php\/wp-json\/wp\/v2\/media?parent=67193"}],"wp:term":[{"taxonomy":"product_brand","embeddable":true,"href":"https:\/\/abinox-chr-clim.com\/index.php\/wp-json\/wp\/v2\/product_brand?post=67193"},{"taxonomy":"product_cat","embeddable":true,"href":"https:\/\/abinox-chr-clim.com\/index.php\/wp-json\/wp\/v2\/product_cat?post=67193"},{"taxonomy":"product_tag","embeddable":true,"href":"https:\/\/abinox-chr-clim.com\/index.php\/wp-json\/wp\/v2\/product_tag?post=67193"}],"curies":[{"name":"wp","href":"https:\/\/api.w.org\/{rel}","templated":true}]}}